{"id":1245,"date":"2025-06-27T11:12:37","date_gmt":"2025-06-27T10:12:37","guid":{"rendered":"https:\/\/bpont.shop.hu\/?post_type=product&#038;p=1245"},"modified":"2026-05-05T14:46:04","modified_gmt":"2026-05-05T12:46:04","slug":"fas-asd-fl-fas-szuro-nagy","status":"publish","type":"product","link":"https:\/\/bpont.hu\/shop\/index.php\/product\/fas-asd-fl-fas-szuro-nagy\/","title":{"rendered":"FAS-ASD-FL<br>FAS Sz\u0171r\u0151 nagy"},"content":{"rendered":"<p>FAS-ASD-FL-hez csere sz\u0171r\u0151k:<\/p>\n<div class=\"left-section\">\n<div class=\"thumbnail\"><a href=\"https:\/\/bpont.hu\/shop\/termek\/fas-asd-rflfas-csereszuro-nagy\/\"><img decoding=\"async\" class=\"attachment-thumbnail size-thumbnail wp-post-image mCS_img_loaded\" src=\"https:\/\/bpont.hu\/shop\/wp-content\/uploads\/2018\/02\/FAS-ASD-RFL-150x150.png\" sizes=\"(max-width: 150px) 100vw, 150px\" srcset=\"https:\/\/bpont.hu\/shop\/wp-content\/uploads\/2018\/02\/FAS-ASD-RFL-150x150.png 150w, https:\/\/bpont.hu\/shop\/wp-content\/uploads\/2018\/02\/FAS-ASD-RFL.png 800w, https:\/\/bpont.hu\/shop\/wp-content\/uploads\/2018\/02\/FAS-ASD-RFL-300x300.png 300w, https:\/\/bpont.hu\/shop\/wp-content\/uploads\/2018\/02\/FAS-ASD-RFL-100x100.png 100w, https:\/\/bpont.hu\/shop\/wp-content\/uploads\/2018\/02\/FAS-ASD-RFL-768x768.png 768w, https:\/\/bpont.hu\/shop\/wp-content\/uploads\/2018\/02\/FAS-ASD-RFL-536x536.png 536w, https:\/\/bpont.hu\/shop\/wp-content\/uploads\/2018\/02\/FAS-ASD-RFL-268x268.png 268w, https:\/\/bpont.hu\/shop\/wp-content\/uploads\/2018\/02\/FAS-ASD-RFL-458x458.png 458w, https:\/\/bpont.hu\/shop\/wp-content\/uploads\/2018\/02\/FAS-ASD-RFL-730x730.png 730w, https:\/\/bpont.hu\/shop\/wp-content\/uploads\/2018\/02\/FAS-ASD-RFL-365x365.png 365w\" alt=\"\" width=\"150\" height=\"150\" \/><\/a><\/div>\n<\/div>\n<div class=\"right-section\">\n<div class=\"is-title\"><a href=\"https:\/\/bpont.hu\/shop\/termek\/fas-asd-rflfas-csereszuro-nagy\/\"> FAS Cseresz\u0171r\u0151 nagy <\/a><\/div>\n<\/div>\n","protected":false},"excerpt":{"rendered":"<p>Rendel\u00e9si k\u00f3d: F.01U.029.714<\/p>\n","protected":false},"featured_media":1246,"template":"","meta":[],"product_brand":[],"product_cat":[342],"product_tag":[25],"class_list":{"0":"post-1245","1":"product","2":"type-product","3":"status-publish","4":"has-post-thumbnail","6":"product_cat-specialis-erzekelok-es-kiegeszitok","7":"product_tag-bosch","9":"first","10":"instock","11":"taxable","12":"shipping-taxable","13":"product-type-simple"},"jetpack_sharing_enabled":true,"_links":{"self":[{"href":"https:\/\/bpont.hu\/shop\/index.php\/wp-json\/wp\/v2\/product\/1245","targetHints":{"allow":["GET"]}}],"collection":[{"href":"https:\/\/bpont.hu\/shop\/index.php\/wp-json\/wp\/v2\/product"}],"about":[{"href":"https:\/\/bpont.hu\/shop\/index.php\/wp-json\/wp\/v2\/types\/product"}],"version-history":[{"count":5,"href":"https:\/\/bpont.hu\/shop\/index.php\/wp-json\/wp\/v2\/product\/1245\/revisions"}],"predecessor-version":[{"id":7633,"href":"https:\/\/bpont.hu\/shop\/index.php\/wp-json\/wp\/v2\/product\/1245\/revisions\/7633"}],"wp:featuredmedia":[{"embeddable":true,"href":"https:\/\/bpont.hu\/shop\/index.php\/wp-json\/wp\/v2\/media\/1246"}],"wp:attachment":[{"href":"https:\/\/bpont.hu\/shop\/index.php\/wp-json\/wp\/v2\/media?parent=1245"}],"wp:term":[{"taxonomy":"product_brand","embeddable":true,"href":"https:\/\/bpont.hu\/shop\/index.php\/wp-json\/wp\/v2\/product_brand?post=1245"},{"taxonomy":"product_cat","embeddable":true,"href":"https:\/\/bpont.hu\/shop\/index.php\/wp-json\/wp\/v2\/product_cat?post=1245"},{"taxonomy":"product_tag","embeddable":true,"href":"https:\/\/bpont.hu\/shop\/index.php\/wp-json\/wp\/v2\/product_tag?post=1245"}],"curies":[{"name":"wp","href":"https:\/\/api.w.org\/{rel}","templated":true}]}}