{"id":1242,"date":"2025-06-27T11:12:37","date_gmt":"2025-06-27T10:12:37","guid":{"rendered":"https:\/\/bpont.shop.hu\/?post_type=product&#038;p=1242"},"modified":"2026-05-05T14:46:04","modified_gmt":"2026-05-05T12:46:04","slug":"fas-asd-rfl-fas-csereszuro-nagy","status":"publish","type":"product","link":"https:\/\/bpont.hu\/shop\/index.php\/product\/fas-asd-rfl-fas-csereszuro-nagy\/","title":{"rendered":"FAS-ASD-RFL<br>FAS Cseresz\u0171r\u0151 nagy"},"content":{"rendered":"<p>FAS-ASD-RFL<\/p>\n<p>3db k\u00fcl\u00f6nb\u00f6z\u0151 sz\u0171r\u0151bet\u00e9t a <a href=\"https:\/\/bpont.hu\/shop\/termek\/fas-asd-flfas-szuro-nagy\/\">FAS Sz\u0171r\u0151 nagy term\u00e9khez<\/a><\/p>\n<p>&nbsp;<\/p>\n","protected":false},"excerpt":{"rendered":"<p>Rendel\u00e9si k\u00f3d: F.01U.029.715<\/p>\n","protected":false},"featured_media":1243,"template":"","meta":[],"product_brand":[],"product_cat":[342],"product_tag":[25],"class_list":{"0":"post-1242","1":"product","2":"type-product","3":"status-publish","4":"has-post-thumbnail","6":"product_cat-specialis-erzekelok-es-kiegeszitok","7":"product_tag-bosch","9":"first","10":"instock","11":"taxable","12":"shipping-taxable","13":"product-type-simple"},"jetpack_sharing_enabled":true,"_links":{"self":[{"href":"https:\/\/bpont.hu\/shop\/index.php\/wp-json\/wp\/v2\/product\/1242","targetHints":{"allow":["GET"]}}],"collection":[{"href":"https:\/\/bpont.hu\/shop\/index.php\/wp-json\/wp\/v2\/product"}],"about":[{"href":"https:\/\/bpont.hu\/shop\/index.php\/wp-json\/wp\/v2\/types\/product"}],"version-history":[{"count":5,"href":"https:\/\/bpont.hu\/shop\/index.php\/wp-json\/wp\/v2\/product\/1242\/revisions"}],"predecessor-version":[{"id":7632,"href":"https:\/\/bpont.hu\/shop\/index.php\/wp-json\/wp\/v2\/product\/1242\/revisions\/7632"}],"wp:featuredmedia":[{"embeddable":true,"href":"https:\/\/bpont.hu\/shop\/index.php\/wp-json\/wp\/v2\/media\/1243"}],"wp:attachment":[{"href":"https:\/\/bpont.hu\/shop\/index.php\/wp-json\/wp\/v2\/media?parent=1242"}],"wp:term":[{"taxonomy":"product_brand","embeddable":true,"href":"https:\/\/bpont.hu\/shop\/index.php\/wp-json\/wp\/v2\/product_brand?post=1242"},{"taxonomy":"product_cat","embeddable":true,"href":"https:\/\/bpont.hu\/shop\/index.php\/wp-json\/wp\/v2\/product_cat?post=1242"},{"taxonomy":"product_tag","embeddable":true,"href":"https:\/\/bpont.hu\/shop\/index.php\/wp-json\/wp\/v2\/product_tag?post=1242"}],"curies":[{"name":"wp","href":"https:\/\/api.w.org\/{rel}","templated":true}]}}