{"id":1206,"date":"2025-06-27T11:12:32","date_gmt":"2025-06-27T10:12:32","guid":{"rendered":"https:\/\/bpont.shop.hu\/?post_type=product&#038;p=1206"},"modified":"2026-05-05T14:46:03","modified_gmt":"2026-05-05T12:46:03","slug":"fdb201-aljzat-a-kettos-optikai-fusterzekelohoz-robbanasbiztos-teruletre","status":"publish","type":"product","link":"https:\/\/bpont.hu\/shop\/index.php\/product\/fdb201-aljzat-a-kettos-optikai-fusterzekelohoz-robbanasbiztos-teruletre\/","title":{"rendered":"FDB201<br>Aljzat a Kett\u0151s optikai f\u00fcst\u00e9rz\u00e9kel\u0151h\u00f6z robban\u00e1sbiztos ter\u00fcletre"},"content":{"rendered":"<p>FDB201<\/p>\n","protected":false},"excerpt":{"rendered":"<p>Rendel\u00e9si k\u00f3d: F.01U.332.583<\/p>\n","protected":false},"featured_media":1207,"template":"","meta":[],"product_brand":[],"product_cat":[341],"product_tag":[25],"class_list":{"0":"post-1206","1":"product","2":"type-product","3":"status-publish","4":"has-post-thumbnail","6":"product_cat-robbanasbiztos-tuzjelzo-eszkozok","7":"product_tag-bosch","9":"first","10":"instock","11":"taxable","12":"shipping-taxable","13":"product-type-simple"},"jetpack_sharing_enabled":true,"_links":{"self":[{"href":"https:\/\/bpont.hu\/shop\/index.php\/wp-json\/wp\/v2\/product\/1206","targetHints":{"allow":["GET"]}}],"collection":[{"href":"https:\/\/bpont.hu\/shop\/index.php\/wp-json\/wp\/v2\/product"}],"about":[{"href":"https:\/\/bpont.hu\/shop\/index.php\/wp-json\/wp\/v2\/types\/product"}],"version-history":[{"count":5,"href":"https:\/\/bpont.hu\/shop\/index.php\/wp-json\/wp\/v2\/product\/1206\/revisions"}],"predecessor-version":[{"id":7620,"href":"https:\/\/bpont.hu\/shop\/index.php\/wp-json\/wp\/v2\/product\/1206\/revisions\/7620"}],"wp:featuredmedia":[{"embeddable":true,"href":"https:\/\/bpont.hu\/shop\/index.php\/wp-json\/wp\/v2\/media\/1207"}],"wp:attachment":[{"href":"https:\/\/bpont.hu\/shop\/index.php\/wp-json\/wp\/v2\/media?parent=1206"}],"wp:term":[{"taxonomy":"product_brand","embeddable":true,"href":"https:\/\/bpont.hu\/shop\/index.php\/wp-json\/wp\/v2\/product_brand?post=1206"},{"taxonomy":"product_cat","embeddable":true,"href":"https:\/\/bpont.hu\/shop\/index.php\/wp-json\/wp\/v2\/product_cat?post=1206"},{"taxonomy":"product_tag","embeddable":true,"href":"https:\/\/bpont.hu\/shop\/index.php\/wp-json\/wp\/v2\/product_tag?post=1206"}],"curies":[{"name":"wp","href":"https:\/\/api.w.org\/{rel}","templated":true}]}}