{"id":1203,"date":"2025-06-27T11:12:31","date_gmt":"2025-06-27T10:12:31","guid":{"rendered":"https:\/\/bpont.shop.hu\/?post_type=product&#038;p=1203"},"modified":"2026-05-05T14:46:03","modified_gmt":"2026-05-05T12:46:03","slug":"ooh740-a9-ex-kettos-optikai-fusterzekelo-robbanasbiztos-teruletre","status":"publish","type":"product","link":"https:\/\/bpont.hu\/shop\/index.php\/product\/ooh740-a9-ex-kettos-optikai-fusterzekelo-robbanasbiztos-teruletre\/","title":{"rendered":"OOH740-A9-EX<br>Kett\u0151s optikai f\u00fcst\u00e9rz\u00e9kel\u0151 robban\u00e1sbiztos ter\u00fcletre"},"content":{"rendered":"<p>OOH740-A9-EX<br \/>\nAz OOH740-A9-Ex egy kett\u0151s optikai  f\u00fcst\u00e9rz\u00e9kel\u0151, potenci\u00e1lisan robban\u00e1svesz\u00e9lyes ter\u00fcletek v\u00e9delm\u00e9re. Ez programozhat\u00f3 kett\u0151s optikai, vagy h\u0151\u00e9rz\u00e9kel\u0151k\u00e9nt meghat\u00e1rozhat\u00f3 eszk\u00f6z.<\/p>\n","protected":false},"excerpt":{"rendered":"<p>Rendel\u00e9si k\u00f3d: F.01U.332.582<\/p>\n","protected":false},"featured_media":1204,"template":"","meta":[],"product_brand":[],"product_cat":[341],"product_tag":[25],"class_list":{"0":"post-1203","1":"product","2":"type-product","3":"status-publish","4":"has-post-thumbnail","6":"product_cat-robbanasbiztos-tuzjelzo-eszkozok","7":"product_tag-bosch","9":"first","10":"instock","11":"taxable","12":"shipping-taxable","13":"product-type-simple"},"jetpack_sharing_enabled":true,"_links":{"self":[{"href":"https:\/\/bpont.hu\/shop\/index.php\/wp-json\/wp\/v2\/product\/1203","targetHints":{"allow":["GET"]}}],"collection":[{"href":"https:\/\/bpont.hu\/shop\/index.php\/wp-json\/wp\/v2\/product"}],"about":[{"href":"https:\/\/bpont.hu\/shop\/index.php\/wp-json\/wp\/v2\/types\/product"}],"version-history":[{"count":5,"href":"https:\/\/bpont.hu\/shop\/index.php\/wp-json\/wp\/v2\/product\/1203\/revisions"}],"predecessor-version":[{"id":7619,"href":"https:\/\/bpont.hu\/shop\/index.php\/wp-json\/wp\/v2\/product\/1203\/revisions\/7619"}],"wp:featuredmedia":[{"embeddable":true,"href":"https:\/\/bpont.hu\/shop\/index.php\/wp-json\/wp\/v2\/media\/1204"}],"wp:attachment":[{"href":"https:\/\/bpont.hu\/shop\/index.php\/wp-json\/wp\/v2\/media?parent=1203"}],"wp:term":[{"taxonomy":"product_brand","embeddable":true,"href":"https:\/\/bpont.hu\/shop\/index.php\/wp-json\/wp\/v2\/product_brand?post=1203"},{"taxonomy":"product_cat","embeddable":true,"href":"https:\/\/bpont.hu\/shop\/index.php\/wp-json\/wp\/v2\/product_cat?post=1203"},{"taxonomy":"product_tag","embeddable":true,"href":"https:\/\/bpont.hu\/shop\/index.php\/wp-json\/wp\/v2\/product_tag?post=1203"}],"curies":[{"name":"wp","href":"https:\/\/api.w.org\/{rel}","templated":true}]}}