{"id":1200,"date":"2025-06-27T11:12:31","date_gmt":"2025-06-27T10:12:31","guid":{"rendered":"https:\/\/bpont.shop.hu\/?post_type=product&#038;p=1200"},"modified":"2026-05-05T14:46:03","modified_gmt":"2026-05-05T12:46:03","slug":"fmx-det-mb-szerelo-konzol-alpadloba-tuzjelzo-erzekelokzoz","status":"publish","type":"product","link":"https:\/\/bpont.hu\/shop\/index.php\/product\/fmx-det-mb-szerelo-konzol-alpadloba-tuzjelzo-erzekelokzoz\/","title":{"rendered":"FMX-DET-MB<br>Szerel\u0151 konzol \u00e1llpadl\u00f3ba t\u0171zjelz\u0151 \u00e9rz\u00e9kel\u0151kh\u00f6z"},"content":{"rendered":"<p>FMX-DET-MB<br \/>\nTart\u00f3konzol az \u00e9rz\u00e9kel\u0151 padl\u00f3\u00fcregbe szerel\u00e9s\u00e9hez.<br \/>\nAz \u00e9rz\u00e9kel\u0151aljzatot a csomag nem tartalmazza.<\/p>\n","protected":false},"excerpt":{"rendered":"<p>Rendel\u00e9si k\u00f3d: 2.799.271.257<\/p>\n","protected":false},"featured_media":1201,"template":"","meta":[],"product_brand":[],"product_cat":[379],"product_tag":[25],"class_list":{"0":"post-1200","1":"product","2":"type-product","3":"status-publish","4":"has-post-thumbnail","6":"product_cat-pontszeru-erzekelo-kiegeszitok","7":"product_tag-bosch","9":"first","10":"instock","11":"taxable","12":"shipping-taxable","13":"product-type-simple"},"jetpack_sharing_enabled":true,"_links":{"self":[{"href":"https:\/\/bpont.hu\/shop\/index.php\/wp-json\/wp\/v2\/product\/1200","targetHints":{"allow":["GET"]}}],"collection":[{"href":"https:\/\/bpont.hu\/shop\/index.php\/wp-json\/wp\/v2\/product"}],"about":[{"href":"https:\/\/bpont.hu\/shop\/index.php\/wp-json\/wp\/v2\/types\/product"}],"version-history":[{"count":5,"href":"https:\/\/bpont.hu\/shop\/index.php\/wp-json\/wp\/v2\/product\/1200\/revisions"}],"predecessor-version":[{"id":7618,"href":"https:\/\/bpont.hu\/shop\/index.php\/wp-json\/wp\/v2\/product\/1200\/revisions\/7618"}],"wp:featuredmedia":[{"embeddable":true,"href":"https:\/\/bpont.hu\/shop\/index.php\/wp-json\/wp\/v2\/media\/1201"}],"wp:attachment":[{"href":"https:\/\/bpont.hu\/shop\/index.php\/wp-json\/wp\/v2\/media?parent=1200"}],"wp:term":[{"taxonomy":"product_brand","embeddable":true,"href":"https:\/\/bpont.hu\/shop\/index.php\/wp-json\/wp\/v2\/product_brand?post=1200"},{"taxonomy":"product_cat","embeddable":true,"href":"https:\/\/bpont.hu\/shop\/index.php\/wp-json\/wp\/v2\/product_cat?post=1200"},{"taxonomy":"product_tag","embeddable":true,"href":"https:\/\/bpont.hu\/shop\/index.php\/wp-json\/wp\/v2\/product_tag?post=1200"}],"curies":[{"name":"wp","href":"https:\/\/api.w.org\/{rel}","templated":true}]}}