{"id":1158,"date":"2025-06-27T11:12:26","date_gmt":"2025-06-27T10:12:26","guid":{"rendered":"https:\/\/bpont.shop.hu\/?post_type=product&#038;p=1158"},"modified":"2026-03-11T16:39:28","modified_gmt":"2026-03-11T14:39:28","slug":"b208-8-zonas-bovito-modul-szabotazs-bemenettel","status":"publish","type":"product","link":"https:\/\/bpont.hu\/shop\/index.php\/product\/b208-8-zonas-bovito-modul-szabotazs-bemenettel\/","title":{"rendered":"B208<br>8 z\u00f3n\u00e1s B\u0151v\u00edt\u0151 Modul szabot\u00e1zs bemenettel"},"content":{"rendered":"<p>B208<\/p>\n<p>A B208 nyolcbemenetes modul a k\u00f6zpont-hoz az SDI2 buszon kereszt\u00fcl csatlakoz\u00f3 8 pontos kiterjeszt\u00e9si eszk\u00f6z. A modul teljes fel\u00fcgyelet alatt \u00e1ll, \u00e9s minden z\u00f3na\u00e1llapot-v\u00e1ltoz\u00e1sr\u00f3l t\u00e1j\u00e9koztatja a k\u00f6zpont-ot. A modul b\u0151v\u00edt\u0151 z\u00f3n\u00e1i ugyan\u00fagy m\u0171k\u00f6dnek, mint a k\u00f6zpont-on lev\u0151 b\u0151v\u00edt\u0151z\u00f3n\u00e1k. A B208 modul modult jellemz\u0151en ipari, kereskedelmi \u00e9s int\u00e9zm\u00e9nyi l\u00e9tes\u00edtm\u00e9nyek haszn\u00e1lj\u00e1k. A B208 a k\u00f6zpont-on lev\u0151 SDI2 buszhoz az SDI2 csatlakoz\u00f3kkal csatlakozik, vagy az \u00f6sszek\u00f6t\u0151k\u00e1bel seg\u00edts\u00e9g\u00e9vel. T\u00f6bb B208 modulok is csatlakoztathat\u00f3 egyetlen k\u00f6zponthoz. A B208 c\u00edmkapcsol\u00f3ja egyszer\u0171 eszk\u00f6zc\u00edmz\u00e9st tesz lehet\u0151v\u00e9.<\/p>\n<p>Tulajdons\u00e1gok:<\/p>\n<p>&#8211; Programozhat\u00f3 bemeneti z\u00f3nafunkci\u00f3k<\/p>\n<p>&#8211; K\u00f6nnyen olvashat\u00f3 kapcsol\u00f3c\u00edmz\u00e9s<\/p>\n<p>&#8211; 2 \u00f6sszek\u00f6t\u0151k\u00e1bel csatlakoz\u00f3i<\/p>\n<p>&#8211; Nyolc z\u00f3na<\/p>\n","protected":false},"excerpt":{"rendered":"<p>Rendel\u00e9si k\u00f3d: F.01U.397.024<\/p>\n","protected":false},"featured_media":1159,"template":"","meta":[],"product_brand":[],"product_cat":[328],"product_tag":[25],"class_list":{"0":"post-1158","1":"product","2":"type-product","3":"status-publish","4":"has-post-thumbnail","6":"product_cat-bg-series","7":"product_tag-bosch","9":"first","10":"instock","11":"taxable","12":"shipping-taxable","13":"purchasable","14":"product-type-simple"},"jetpack_sharing_enabled":true,"_links":{"self":[{"href":"https:\/\/bpont.hu\/shop\/index.php\/wp-json\/wp\/v2\/product\/1158","targetHints":{"allow":["GET"]}}],"collection":[{"href":"https:\/\/bpont.hu\/shop\/index.php\/wp-json\/wp\/v2\/product"}],"about":[{"href":"https:\/\/bpont.hu\/shop\/index.php\/wp-json\/wp\/v2\/types\/product"}],"version-history":[{"count":5,"href":"https:\/\/bpont.hu\/shop\/index.php\/wp-json\/wp\/v2\/product\/1158\/revisions"}],"predecessor-version":[{"id":7604,"href":"https:\/\/bpont.hu\/shop\/index.php\/wp-json\/wp\/v2\/product\/1158\/revisions\/7604"}],"wp:featuredmedia":[{"embeddable":true,"href":"https:\/\/bpont.hu\/shop\/index.php\/wp-json\/wp\/v2\/media\/1159"}],"wp:attachment":[{"href":"https:\/\/bpont.hu\/shop\/index.php\/wp-json\/wp\/v2\/media?parent=1158"}],"wp:term":[{"taxonomy":"product_brand","embeddable":true,"href":"https:\/\/bpont.hu\/shop\/index.php\/wp-json\/wp\/v2\/product_brand?post=1158"},{"taxonomy":"product_cat","embeddable":true,"href":"https:\/\/bpont.hu\/shop\/index.php\/wp-json\/wp\/v2\/product_cat?post=1158"},{"taxonomy":"product_tag","embeddable":true,"href":"https:\/\/bpont.hu\/shop\/index.php\/wp-json\/wp\/v2\/product_tag?post=1158"}],"curies":[{"name":"wp","href":"https:\/\/api.w.org\/{rel}","templated":true}]}}