{"id":1153,"date":"2025-06-27T11:12:25","date_gmt":"2025-06-27T10:12:25","guid":{"rendered":"https:\/\/bpont.shop.hu\/?post_type=product&#038;p=1153"},"modified":"2026-03-11T16:39:28","modified_gmt":"2026-03-11T14:39:28","slug":"b942-szines-erintokepernyos-grafikus-kijelzo-kartyaolvasoval-fekete","status":"publish","type":"product","link":"https:\/\/bpont.hu\/shop\/index.php\/product\/b942-szines-erintokepernyos-grafikus-kijelzo-kartyaolvasoval-fekete\/","title":{"rendered":"B942<br>Sz\u00ednes \u00e9rint\u0151k\u00e9perny\u0151s Grafikus kijelz\u0151 k\u00e1rtyaolvas\u00f3val (fekete)"},"content":{"rendered":"<p>B942<\/p>\n<p>A kezel\u0151egys\u00e9g kompatibilis az SDI2 busszal. A kezel\u0151egys\u00e9g megvil\u00e1g\u00edtott \u00e9rint\u0151k\u00e9perny\u0151vel \u00e9s grafikus fel\u00fclettel rendelkezik. Az eleg\u00e1ns vonalvezet\u00e9s\u0171 \u00e9s lapos kezel\u0151egys\u00e9g minden modern berendez\u00e9shez illeszkedik. Minden kezel\u0151egys\u00e9gen a felhaszn\u00e1l\u00f3 \u00e1ltal \u00e1ll\u00edthat\u00f3 a hanger\u0151 \u00e9s a kijelz\u0151 f\u00e9nyereje. N\u00e9gy bemenet\u00fck \u00e9s egy kimenet\u00fck van. A kezel\u0151egys\u00e9g rendszer\u00fczeneteket jelen\u00edt meg minden ter\u00fclethez.<\/p>\n<p>Tulajdons\u00e1gok:<\/p>\n<p>&#8211; A sz\u00ednes grafikus LCD \u00e9rint\u0151k\u00e9perny\u0151 egyszer\u0171 ikonokat \u00e9s sz\u00f6veget haszn\u00e1l a k\u00f6nny\u0171 m\u0171k\u00f6dtet\u00e9s \u00e9rdek\u00e9ben<\/p>\n<p>&#8211; A kezel\u0151egys\u00e9g be\u00e9p\u00edtett jelenl\u00e9t-\u00e9rz\u00e9kel\u0151je megvil\u00e1g\u00edtja a kijelz\u0151t, amint \u00d6n a k\u00f6zel\u00e9be \u00e9r<\/p>\n<p>&#8211; A be\u00e9p\u00edtett k\u00e1rtyaolvas\u00f3 lehet\u0151v\u00e9 teszi, hogy a felhaszn\u00e1l\u00f3k a szem\u00e9lyes k\u00f3d helyett bel\u00e9ptet\u0151kulcsot vagy azonos\u00edt\u00f3k\u00e1rty\u00e1t haszn\u00e1ljanak a kiemelt biztons\u00e1g\u00fa ter\u00fcleteken a kett\u0151s azonos\u00edt\u00e1shoz<\/p>\n<p>&#8211; A n\u00e9gy bemenet \u00e9s egy kimenet alacsony k\u00f6lts\u00e9gig\u00e9ny\u0171 b\u0151v\u00edt\u00e9st tesz lehet\u0151v\u00e9<\/p>\n<p>&#8211; Keskeny, modern vonalvezet\u00e9s, amely b\u00e1rmilyen dekor\u00e1ci\u00f3ba beilleszthet\u0151<\/p>\n","protected":false},"excerpt":{"rendered":"<p>Rendel\u00e9si k\u00f3d: F.01U.323.788<\/p>\n","protected":false},"featured_media":1154,"template":"","meta":[],"product_brand":[],"product_cat":[328],"product_tag":[25],"class_list":{"0":"post-1153","1":"product","2":"type-product","3":"status-publish","4":"has-post-thumbnail","6":"product_cat-bg-series","7":"product_tag-bosch","9":"first","10":"instock","11":"taxable","12":"shipping-taxable","13":"purchasable","14":"product-type-simple"},"jetpack_sharing_enabled":true,"_links":{"self":[{"href":"https:\/\/bpont.hu\/shop\/index.php\/wp-json\/wp\/v2\/product\/1153","targetHints":{"allow":["GET"]}}],"collection":[{"href":"https:\/\/bpont.hu\/shop\/index.php\/wp-json\/wp\/v2\/product"}],"about":[{"href":"https:\/\/bpont.hu\/shop\/index.php\/wp-json\/wp\/v2\/types\/product"}],"version-history":[{"count":5,"href":"https:\/\/bpont.hu\/shop\/index.php\/wp-json\/wp\/v2\/product\/1153\/revisions"}],"predecessor-version":[{"id":7602,"href":"https:\/\/bpont.hu\/shop\/index.php\/wp-json\/wp\/v2\/product\/1153\/revisions\/7602"}],"wp:featuredmedia":[{"embeddable":true,"href":"https:\/\/bpont.hu\/shop\/index.php\/wp-json\/wp\/v2\/media\/1154"}],"wp:attachment":[{"href":"https:\/\/bpont.hu\/shop\/index.php\/wp-json\/wp\/v2\/media?parent=1153"}],"wp:term":[{"taxonomy":"product_brand","embeddable":true,"href":"https:\/\/bpont.hu\/shop\/index.php\/wp-json\/wp\/v2\/product_brand?post=1153"},{"taxonomy":"product_cat","embeddable":true,"href":"https:\/\/bpont.hu\/shop\/index.php\/wp-json\/wp\/v2\/product_cat?post=1153"},{"taxonomy":"product_tag","embeddable":true,"href":"https:\/\/bpont.hu\/shop\/index.php\/wp-json\/wp\/v2\/product_tag?post=1153"}],"curies":[{"name":"wp","href":"https:\/\/api.w.org\/{rel}","templated":true}]}}