{"id":1133,"date":"2025-06-27T11:12:23","date_gmt":"2025-06-27T10:12:23","guid":{"rendered":"https:\/\/bpont.shop.hu\/?post_type=product&#038;p=1133"},"modified":"2026-03-11T16:39:28","modified_gmt":"2026-03-11T14:39:28","slug":"b8512g-g-szeria-professzion-kozpont-8-99-zona-kamera-fogadasa-on-board-eth","status":"publish","type":"product","link":"https:\/\/bpont.hu\/shop\/index.php\/product\/b8512g-g-szeria-professzion-kozpont-8-99-zona-kamera-fogadasa-on-board-eth\/","title":{"rendered":"B8512G<br>G sz\u00e9ria Professzion. k\u00f6zpont 8-99 z\u00f3na Kamera fogad\u00e1sa On-board ETH"},"content":{"rendered":"<p>B8512G<br \/>\nA B9512G k\u00f6zpont \u00e9s a B8512G k\u00f6zpont a Bosch \u00e1ltalgy\u00e1rtott leg\u00fajabb kereskedelmi k\u00f6zpontok. A B8512Gk\u00f6zpontok egyes\u00edtik a behatol\u00e1sjelz\u0151, a t\u0171zv\u00e9delmi \u00e9s bel\u00e9ptet\u0151 rendszereket, \u00e9s egyetlen egyszer\u0171kezel\u0151fel\u00fcletet biztos\u00edtanak az \u00f6sszes rendszerhez.<br \/>\nA nagy \u00e9s kis m\u00e9ret\u0171 alkalmaz\u00e1sokba is j\u00f3lbeilleszthet\u0151 B8512G ak\u00e1r 99 egyedileg be azonos\u00edtottz\u00f3n\u00e1ja 8 ter\u00fcletre feloszthat\u00f3.<br \/>\nA k\u00f6zpont a be\u00e9p\u00edtett Ethernet porton kereszt\u00fcl k\u00e9pes kommunik\u00e1lni (ez nem \u00e9rv\u00e9nyes az \u201eE\u201d k\u00f6zpontokra), vagy lehet\u0151s\u00e9g van kompatibilis csatlakoztathat\u00f3 modulokon kereszt\u00fcl is, melyekkel nyilv\u00e1nos kapcsolttelefonh\u00e1l\u00f3zatot (PSTN) \u00e1t vagy mobilh\u00e1l\u00f3zatikommunik\u00e1ci\u00f3t haszn\u00e1lnak az esem\u00e9nyek tov\u00e1bb\u00edt\u00e1s\u00e1ra.<br \/>\nA felhaszn\u00e1l\u00f3k sz\u00e1m\u00e1ra a programozhat\u00f3gyorsbillenty\u0171k, a k\u00e9perny\u0151n megjelen\u0151helyzet\u00e9rz\u00e9keny s\u00fag\u00f3 \u00e9s a k\u00e9tnyelv\u0171 kezel\u0151fel\u00fclet teszi egyszer\u0171v\u00e9 \u00e9s k\u00f6nny\u0171v\u00e9 a rendszer haszn\u00e1lat\u00e1t.<br \/>\nTulajdons\u00e1gok:<br \/>\nA teljesen integr\u00e1lt behatol\u00e1sjelz\u0151, t\u0171zjelz\u0151 \u00e9s bel\u00e9ptet\u0151rendszer lehet\u0151v\u00e9 teszi a felhaszn\u00e1l\u00f3k sz\u00e1m\u00e1ra, hogy h\u00e1rom rendszert egy rendszerrel helyettes\u00edtsenek<br \/>\n&#8211; A telep\u00edt\u00e9s rugalmass\u00e1ga \u00e9rdek\u00e9ben vezet\u00e9kes \u00e9s  vezet\u00e9k n\u00e9lk\u00fcli eszk\u00f6z\u00f6k kombin\u00e1ci\u00f3j\u00e1t haszn\u00e1lva azeszk\u00f6z ak\u00e1r 99 z\u00f3n\u00e1t, valamint ak\u00e1r 8 ter\u00fcletet \u00e9s 8ajt\u00f3t is k\u00e9pes kezelni, \u00e9s ak\u00e1r 500 felhaszn\u00e1l\u00f3 is haszn\u00e1lhatja.<br \/>\n&#8211; Be\u00e9p\u00edtett Ethernet-port a Conettix IP riaszt\u00e1sikommunik\u00e1ci\u00f3hoz \u00e9s a t\u00e1voli programoz\u00e1shoz kompatibilis a modern IP h\u00e1l\u00f3zatokkal, t\u00f6bbek k\u00f6z\u00f6tt az IPv6\/IPv4-gyel, az Auto-IP-vel \u00e9s az Universal Plug &#038; Play rendszerrel is.<br \/>\n&#8211; Telep\u00edt\u0151bar\u00e1t jellemz\u0151k, mint p\u00e9ld\u00e1ul a csatlakoztathat\u00f3 PSTN \u00e9s mobilh\u00e1l\u00f3zati kommunik\u00e1ci\u00f3s modulok a telep\u00edt\u00e9s \u00e9s a kommunik\u00e1ci\u00f3 leegyszer\u0171s\u00edt\u00e9s\u00e9hez<br \/>\n&#8211; A Remote Security Control mobilalkalmaz\u00e1ssal a felhaszn\u00e1l\u00f3k t\u00e1volr\u00f3l, a saj\u00e1t mobileszk\u00f6z\u00fckr\u0151l, pl. telefonr\u00f3l vagy t\u00e1blag\u00e9pr\u0151l vez\u00e9relhetik biztons\u00e1girendszereiket \u00e9s tekinthetik meg a rendszerkamer\u00e1inak k\u00e9p\u00e9t- Bel\u00e9ptet\u00e9s ak\u00e1r 4 ajt\u00f3n kereszt\u00fcl<br \/>\n&#8211; Egy\u00e9ni egy-gombos funkci\u00f3k<br \/>\n&#8211; K\u00e1rtya\/token haszn\u00e1lata felhaszn\u00e1l\u00f3nkk\u00e9nt<br \/>\n&#8211; Egy\u00e9ni egy-gombos funkci\u00f3k<br \/>\n&#8211; K\u00e1rtya\/token haszn\u00e1lata felhaszn\u00e1l\u00f3nkk\u00e9nt<br \/>\n&#8211; Connetx IP t\u00e1voli kapcsolathoz<br \/>\n&#8211; Android \u00e9s IOS Mobil APP<br \/>\n&#8211; Ingyenes Felh\u0151-kapcsoalt<br \/>\n&#8211;  8-99 z\u00f3na<br \/>\n&#8211; 3-99 programozhat\u00f3 kimenet<br \/>\n&#8211; 91 vezet\u00e9kn\u00e9lk\u00fcli eszk\u00f6z csatlakoztathat\u00f3<br \/>\n&#8211; 8 IP kamera vez\u00e9rl\u00e9se<br \/>\n&#8211; 40 Programozhat\u00f3 feladat\/\u00fctemezett esem\u00e9ny<br \/>\n&#8211; 8 ter\u00fclet<br \/>\n&#8211; 8 bel\u00e9ptet\u0151 ajt\u00f3 vez\u00e9rl\u00e9se<br \/>\n&#8211; 8 programozhat\u00f3 egy\u00e9ni funkci\u00f3<br \/>\n&#8211; 500 felhaszn\u00e1l\u00f3<\/p>\n","protected":false},"excerpt":{"rendered":"<p>Rendel\u00e9si k\u00f3d: F.01U.416.974<\/p>\n","protected":false},"featured_media":1134,"template":"","meta":[],"product_brand":[],"product_cat":[328],"product_tag":[25],"class_list":{"0":"post-1133","1":"product","2":"type-product","3":"status-publish","4":"has-post-thumbnail","6":"product_cat-bg-series","7":"product_tag-bosch","9":"first","10":"instock","11":"taxable","12":"shipping-taxable","13":"purchasable","14":"product-type-simple"},"jetpack_sharing_enabled":true,"_links":{"self":[{"href":"https:\/\/bpont.hu\/shop\/index.php\/wp-json\/wp\/v2\/product\/1133","targetHints":{"allow":["GET"]}}],"collection":[{"href":"https:\/\/bpont.hu\/shop\/index.php\/wp-json\/wp\/v2\/product"}],"about":[{"href":"https:\/\/bpont.hu\/shop\/index.php\/wp-json\/wp\/v2\/types\/product"}],"version-history":[{"count":5,"href":"https:\/\/bpont.hu\/shop\/index.php\/wp-json\/wp\/v2\/product\/1133\/revisions"}],"predecessor-version":[{"id":7595,"href":"https:\/\/bpont.hu\/shop\/index.php\/wp-json\/wp\/v2\/product\/1133\/revisions\/7595"}],"wp:featuredmedia":[{"embeddable":true,"href":"https:\/\/bpont.hu\/shop\/index.php\/wp-json\/wp\/v2\/media\/1134"}],"wp:attachment":[{"href":"https:\/\/bpont.hu\/shop\/index.php\/wp-json\/wp\/v2\/media?parent=1133"}],"wp:term":[{"taxonomy":"product_brand","embeddable":true,"href":"https:\/\/bpont.hu\/shop\/index.php\/wp-json\/wp\/v2\/product_brand?post=1133"},{"taxonomy":"product_cat","embeddable":true,"href":"https:\/\/bpont.hu\/shop\/index.php\/wp-json\/wp\/v2\/product_cat?post=1133"},{"taxonomy":"product_tag","embeddable":true,"href":"https:\/\/bpont.hu\/shop\/index.php\/wp-json\/wp\/v2\/product_tag?post=1133"}],"curies":[{"name":"wp","href":"https:\/\/api.w.org\/{rel}","templated":true}]}}