{"id":1130,"date":"2025-06-27T11:12:23","date_gmt":"2025-06-27T10:12:23","guid":{"rendered":"https:\/\/bpont.shop.hu\/?post_type=product&#038;p=1130"},"modified":"2026-03-11T16:39:28","modified_gmt":"2026-03-11T14:39:28","slug":"b430-pstn-interfesz-b-g-szeriahoz","status":"publish","type":"product","link":"https:\/\/bpont.hu\/shop\/index.php\/product\/b430-pstn-interfesz-b-g-szeriahoz\/","title":{"rendered":"B430<br>PSTN interf\u00e9sz B &#038; G sz\u00e9ri\u00e1hoz"},"content":{"rendered":"<p>B430<\/p>\n<p>A B430 modul a k\u00f6zpont \u00e9s a PSTN h\u00e1l\u00f3zat \u00f6sszekapcsol\u00e1s\u00e1val biztos\u00edtja a PSTN h\u00e1l\u00f3zaton (nyilv\u00e1nos kapcsolt telefonh\u00e1l\u00f3zaton) kereszt\u00fcli kommunik\u00e1ci\u00f3t. A modulon tal\u00e1lhat\u00f3 egy telefoncsatlakoz\u00f3, \u00e9s egyszer\u0171en beszerelhet\u0151 a k\u00f6zpontba \u00e9p\u00edtett modulcsatlakoz\u00f3ba.<\/p>\n<p>Tulajdons\u00e1gok:<\/p>\n<p>&#8211; Egy RJ-45 csatlakoz\u00e1s\u00fa telefonvonalat biztos\u00edt a fel\u00fcgyeleti \u00e1llom\u00e1s jelent\u00e9seihez \u00e9s a t\u00e1voli programoz\u00e1shoz<\/p>\n<p>&#8211; A t\u00e1vprogramoz\u00f3 szoftverb\u0151l (RPS) vagy egy kezel\u0151egys\u00e9gr\u0151l egyszer\u0171en megadhat\u00f3 kommunik\u00e1ci\u00f3s be\u00e1ll\u00edt\u00e1sok r\u00e9v\u00e9n nincs sz\u00fcks\u00e9g k\u00fcl\u00f6n konfigur\u00e1l\u00e1sra<\/p>\n<p>&#8211; Egyszer\u0171, k\u00e9t l\u00e9p\u00e9sb\u0151l \u00e1ll\u00f3 csatlakoztat\u00e1s, hibaelh\u00e1r\u00edt\u00e1s \u00e9s karbantart\u00e1s<\/p>\n<p>Kompatibilis K\u00f6zpontok:<\/p>\n<p>&#8211; B9512G\/B9512G-E<\/p>\n<p>&#8211; B6512<\/p>\n<p>&#8211; B8512G\/B8512G-E<\/p>\n<p>&#8211; B5512\/B5512E<\/p>\n<p>&#8211; B4512\/B4512E<\/p>\n<p>&#8211; B3512\/B3512E<\/p>\n","protected":false},"excerpt":{"rendered":"<p>Rendel\u00e9si k\u00f3d: F.01U.414.206<\/p>\n","protected":false},"featured_media":1131,"template":"","meta":[],"product_brand":[],"product_cat":[328],"product_tag":[25],"class_list":{"0":"post-1130","1":"product","2":"type-product","3":"status-publish","4":"has-post-thumbnail","6":"product_cat-bg-series","7":"product_tag-bosch","9":"first","10":"instock","11":"taxable","12":"shipping-taxable","13":"purchasable","14":"product-type-simple"},"jetpack_sharing_enabled":true,"_links":{"self":[{"href":"https:\/\/bpont.hu\/shop\/index.php\/wp-json\/wp\/v2\/product\/1130","targetHints":{"allow":["GET"]}}],"collection":[{"href":"https:\/\/bpont.hu\/shop\/index.php\/wp-json\/wp\/v2\/product"}],"about":[{"href":"https:\/\/bpont.hu\/shop\/index.php\/wp-json\/wp\/v2\/types\/product"}],"version-history":[{"count":5,"href":"https:\/\/bpont.hu\/shop\/index.php\/wp-json\/wp\/v2\/product\/1130\/revisions"}],"predecessor-version":[{"id":7594,"href":"https:\/\/bpont.hu\/shop\/index.php\/wp-json\/wp\/v2\/product\/1130\/revisions\/7594"}],"wp:featuredmedia":[{"embeddable":true,"href":"https:\/\/bpont.hu\/shop\/index.php\/wp-json\/wp\/v2\/media\/1131"}],"wp:attachment":[{"href":"https:\/\/bpont.hu\/shop\/index.php\/wp-json\/wp\/v2\/media?parent=1130"}],"wp:term":[{"taxonomy":"product_brand","embeddable":true,"href":"https:\/\/bpont.hu\/shop\/index.php\/wp-json\/wp\/v2\/product_brand?post=1130"},{"taxonomy":"product_cat","embeddable":true,"href":"https:\/\/bpont.hu\/shop\/index.php\/wp-json\/wp\/v2\/product_cat?post=1130"},{"taxonomy":"product_tag","embeddable":true,"href":"https:\/\/bpont.hu\/shop\/index.php\/wp-json\/wp\/v2\/product_tag?post=1130"}],"curies":[{"name":"wp","href":"https:\/\/api.w.org\/{rel}","templated":true}]}}