{"id":1127,"date":"2025-06-27T11:12:21","date_gmt":"2025-06-27T10:12:21","guid":{"rendered":"https:\/\/bpont.shop.hu\/?post_type=product&#038;p=1127"},"modified":"2026-03-11T16:39:28","modified_gmt":"2026-03-11T14:39:28","slug":"b10-feher-kozponthaz-b-szeriahoz","status":"publish","type":"product","link":"https:\/\/bpont.hu\/shop\/index.php\/product\/b10-feher-kozponthaz-b-szeriahoz\/","title":{"rendered":"B10<br>Feh\u00e9r k\u00f6zponth\u00e1z B sz\u00e9ri\u00e1hoz"},"content":{"rendered":"<p>B10<\/p>\n<p>A B10 hidegen hengerelt, 1,0 mm vastag ac\u00e9lb\u00f3l k\u00e9sz\u00fclt, feh\u00e9r sz\u00edn\u0171 burkolat.<\/p>\n<p>Tulajdons\u00e1gok:<\/p>\n<p>&#8211; T\u00e1vtart\u00f3k a t\u00e1mogatott modulokhoz \u00e9s az egyszer\u0171 beszerel\u00e9shez.<\/p>\n<p>&#8211; Hidegen hengerelt ac\u00e9lb\u00f3l k\u00e9sz\u00fclt, k\u00f6zepesen f\u00e9nyes feh\u00e9r fest\u00e9ssel<\/p>\n<p>&#8211; K\u00f6nnyen hozz\u00e1f\u00e9rhet\u0151 t\u00e1rol\u00f3helyek az akkumul\u00e1tor sz\u00e1m\u00e1ra<\/p>\n<p>&#8211; Opcion\u00e1lis szerel\u00e9si hely szabot\u00e1zskapcsol\u00f3 sz\u00e1m\u00e1ra<\/p>\n<p>&#8211; M\u00e9retek: 356 x 318 x 76 mm<\/p>\n","protected":false},"excerpt":{"rendered":"<p>Rendel\u00e9si k\u00f3d: F.01U.268.495<\/p>\n","protected":false},"featured_media":1128,"template":"","meta":[],"product_brand":[],"product_cat":[328],"product_tag":[25],"class_list":{"0":"post-1127","1":"product","2":"type-product","3":"status-publish","4":"has-post-thumbnail","6":"product_cat-bg-series","7":"product_tag-bosch","9":"first","10":"instock","11":"taxable","12":"shipping-taxable","13":"purchasable","14":"product-type-simple"},"jetpack_sharing_enabled":true,"_links":{"self":[{"href":"https:\/\/bpont.hu\/shop\/index.php\/wp-json\/wp\/v2\/product\/1127","targetHints":{"allow":["GET"]}}],"collection":[{"href":"https:\/\/bpont.hu\/shop\/index.php\/wp-json\/wp\/v2\/product"}],"about":[{"href":"https:\/\/bpont.hu\/shop\/index.php\/wp-json\/wp\/v2\/types\/product"}],"version-history":[{"count":5,"href":"https:\/\/bpont.hu\/shop\/index.php\/wp-json\/wp\/v2\/product\/1127\/revisions"}],"predecessor-version":[{"id":7593,"href":"https:\/\/bpont.hu\/shop\/index.php\/wp-json\/wp\/v2\/product\/1127\/revisions\/7593"}],"wp:featuredmedia":[{"embeddable":true,"href":"https:\/\/bpont.hu\/shop\/index.php\/wp-json\/wp\/v2\/media\/1128"}],"wp:attachment":[{"href":"https:\/\/bpont.hu\/shop\/index.php\/wp-json\/wp\/v2\/media?parent=1127"}],"wp:term":[{"taxonomy":"product_brand","embeddable":true,"href":"https:\/\/bpont.hu\/shop\/index.php\/wp-json\/wp\/v2\/product_brand?post=1127"},{"taxonomy":"product_cat","embeddable":true,"href":"https:\/\/bpont.hu\/shop\/index.php\/wp-json\/wp\/v2\/product_cat?post=1127"},{"taxonomy":"product_tag","embeddable":true,"href":"https:\/\/bpont.hu\/shop\/index.php\/wp-json\/wp\/v2\/product_tag?post=1127"}],"curies":[{"name":"wp","href":"https:\/\/api.w.org\/{rel}","templated":true}]}}