{"id":1125,"date":"2025-06-27T11:12:21","date_gmt":"2025-06-27T10:12:21","guid":{"rendered":"https:\/\/bpont.shop.hu\/?post_type=product&#038;p=1125"},"modified":"2026-03-11T16:39:27","modified_gmt":"2026-03-11T14:39:27","slug":"b6512-b-szeria-professzionalis-kozpont-8-96-zona-kamera-fogadasa-on-board-eth","status":"publish","type":"product","link":"https:\/\/bpont.hu\/shop\/index.php\/product\/b6512-b-szeria-professzionalis-kozpont-8-96-zona-kamera-fogadasa-on-board-eth\/","title":{"rendered":"B6512<br>B sz\u00e9ria Professzion\u00e1lis k\u00f6zpont 8-96 z\u00f3na Kamera fogad\u00e1sa On-board ETH"},"content":{"rendered":"<p>B6512<\/p>\n<p>A B6512 egyes\u00edti a behatol\u00e1s elleni \u00e9s t\u0171zv\u00e9delmet, a k\u00e9t rendszerhez k\u00f6z\u00f6s \u00e9s egyszer\u0171 kezel\u0151fel\u00fcletet biztos\u00edt.<\/p>\n<p>A B6512 legfeljebb 96 egyedileg beazonos\u00edtott, 6 ter\u00fcletre oszthat\u00f3 z\u00f3n\u00e1val rendelkezik. A k\u00f6zpont vagy a be\u00e9p\u00edtett Ethernet-porton kereszt\u00fcl, vagy kompatibilis csatlakoztathat\u00f3 modulokon \u00e1tkommunik\u00e1l, melyekkel nyilv\u00e1nos kapcsolttelefonh\u00e1l\u00f3zaton (PSTN) \u00e1t, vagy mobilh\u00e1l\u00f3zati kommunik\u00e1ci\u00f3val k\u00fcldhet\u0151k az esem\u00e9nyek.<\/p>\n<p>A B6512-vel lehet\u0151s\u00e9g van ajt\u00f3k, ablakok, valamint olyan ter\u00fcleteken bel\u00fcli mozg\u00e1sok figyel\u00e9s\u00e9re, mint p\u00e9ld\u00e1ul bemutat\u00f3termek vagy t\u00e1rol\u00e1sra haszn\u00e1lthelyis\u00e9gek.<\/p>\n<p>Minden felhaszn\u00e1l\u00f3 rendelkezhet a rendszer kezel\u00e9s\u00e9hez sz\u00fcks\u00e9ges szem\u00e9lyes k\u00f3ddal, vezet\u00e9k n\u00e9lk\u00fcli t\u00e1vad\u00f3val \u00e9s szem\u00e9lyes hozz\u00e1f\u00e9r\u00e9siazonos\u00edt\u00f3val.<\/p>\n<p>Programozhat\u00f3 hat\u00e1sk\u00f6ri szintek \u00e1llnak rendelkez\u00e9sre, korl\u00e1tozott jogosults\u00e1gokkal, mellyel a kiszolg\u00e1l\u00f3, biztons\u00e1gi \u00e9s takar\u00edt\u00f3 szem\u00e9lyzet sz\u00e1m\u00e1ra teljes vagy korl\u00e1tozott hozz\u00e1f\u00e9r\u00e9s adhat\u00f3. A h\u00e1rom (legfeljebb 91-ig b\u0151v\u00edthet\u0151) programozhat\u00f3 kimenet haszn\u00e1lhat\u00f3 a vil\u00e1g\u00edt\u00e1s felkapcsol\u00e1s\u00e1ra, vagy ajt\u00f3k z\u00e1r\u00e1s\u00e1ra \u00e9s nyit\u00e1s\u00e1ra.<\/p>\n<p>Tulajdons\u00e1gok:<\/p>\n<p>&#8211; Vezet\u00e9kes \u00e9s vezet\u00e9k n\u00e9lk\u00fcli z\u00f3n\u00e1k kombin\u00e1ci\u00f3j\u00e1b\u00f3l\u00f6sszesen 96 z\u00f3na, valamint 6 ker\u00fcleti vagy bels\u0151ter\u00fclet t\u00e1mogat\u00e1s\u00e1val biztos\u00edtja a telep\u00edt\u00e9si rugalmass\u00e1got.<\/p>\n<p>&#8211; Be\u00e9p\u00edtett Ethernet-port a Conettix IP riaszt\u00e1sikommunik\u00e1ci\u00f3hoz \u00e9s a t\u00e1voli programoz\u00e1shoz kompatibilis a modern IP h\u00e1l\u00f3zatokkal, t\u00f6bbek k\u00f6z\u00f6tt az IPv6\/IPv4-gyel, az Auto-IP-vel \u00e9s a Universal Plug &amp; Play rendszerrel is.<\/p>\n<p>&#8211; Telep\u00edt\u0151bar\u00e1t jellemz\u0151k, mint p\u00e9ld\u00e1ul a csatlakoztathat\u00f3 PSTN \u00e9s mobilh\u00e1l\u00f3zatikommunik\u00e1ci\u00f3s modulok a telep\u00edt\u00e9s \u00e9s a kommunik\u00e1ci\u00f3 le egyszer\u0171s\u00edt\u00e9s\u00e9hez<\/p>\n<p>&#8211; A Remote Security Control mobilalkalmaz\u00e1ssal a felhaszn\u00e1l\u00f3k t\u00e1volr\u00f3l, a saj\u00e1t mobileszk\u00f6z\u00fckr\u0151l, pl. telefonr\u00f3l vagy t\u00e1blag\u00e9pr\u0151l vez\u00e9relhetik biztons\u00e1girendszereiket \u00e9s tekinthetik meg a rendszerkamer\u00e1inak k\u00e9p\u00e9t<\/p>\n<p>&#8211; Bel\u00e9ptet\u00e9s ak\u00e1r 4 ajt\u00f3n kereszt\u00fcl<\/p>\n<p>&#8211; Egy\u00e9ni egy-gombos funkci\u00f3k<\/p>\n<p>&#8211; K\u00e1rtya\/token haszn\u00e1lata felhaszn\u00e1l\u00f3nkk\u00e9nt (csak \u00e9rint\u0151k\u00e9perny\u0151s kezel\u0151h\u00f6z)<\/p>\n<p>&#8211; Connetx IP t\u00e1voli kapcsolathoz (K\u00f6zpont tartalmazza az IP kommunik\u00e1tort)<\/p>\n<p>&#8211; Android \u00e9s IOS Mobil APP<\/p>\n<p>&#8211; Ingyenes Felh\u0151-kapcsoalt<\/p>\n<p>&#8211; 8-96 z\u00f3na<\/p>\n<p>&#8211; 3-91 programozhat\u00f3 kimenet<\/p>\n<p>&#8211; 88 vezet\u00e9kn\u00e9lk\u00fcli eszk\u00f6z csatlakoztathat\u00f3<\/p>\n<p>&#8211; 6 IP kamera vez\u00e9rl\u00e9se<\/p>\n<p>&#8211; 4 bel\u00e9ptet\u0151 ajt\u00f3 vez\u00e9rl\u00e9se<\/p>\n<p>&#8211; 10 Programozhat\u00f3 feladat\/\u00fctemezett esem\u00e9ny<\/p>\n<p>&#8211; 100 felhaszn\u00e1l\u00f3<\/p>\n","protected":false},"excerpt":{"rendered":"<p>Rendel\u00e9si k\u00f3d: F.01U.416.897<\/p>\n","protected":false},"featured_media":1123,"template":"","meta":[],"product_brand":[],"product_cat":[328],"product_tag":[25],"class_list":{"0":"post-1125","1":"product","2":"type-product","3":"status-publish","4":"has-post-thumbnail","6":"product_cat-bg-series","7":"product_tag-bosch","9":"first","10":"instock","11":"taxable","12":"shipping-taxable","13":"purchasable","14":"product-type-simple"},"jetpack_sharing_enabled":true,"_links":{"self":[{"href":"https:\/\/bpont.hu\/shop\/index.php\/wp-json\/wp\/v2\/product\/1125","targetHints":{"allow":["GET"]}}],"collection":[{"href":"https:\/\/bpont.hu\/shop\/index.php\/wp-json\/wp\/v2\/product"}],"about":[{"href":"https:\/\/bpont.hu\/shop\/index.php\/wp-json\/wp\/v2\/types\/product"}],"version-history":[{"count":5,"href":"https:\/\/bpont.hu\/shop\/index.php\/wp-json\/wp\/v2\/product\/1125\/revisions"}],"predecessor-version":[{"id":7592,"href":"https:\/\/bpont.hu\/shop\/index.php\/wp-json\/wp\/v2\/product\/1125\/revisions\/7592"}],"wp:featuredmedia":[{"embeddable":true,"href":"https:\/\/bpont.hu\/shop\/index.php\/wp-json\/wp\/v2\/media\/1123"}],"wp:attachment":[{"href":"https:\/\/bpont.hu\/shop\/index.php\/wp-json\/wp\/v2\/media?parent=1125"}],"wp:term":[{"taxonomy":"product_brand","embeddable":true,"href":"https:\/\/bpont.hu\/shop\/index.php\/wp-json\/wp\/v2\/product_brand?post=1125"},{"taxonomy":"product_cat","embeddable":true,"href":"https:\/\/bpont.hu\/shop\/index.php\/wp-json\/wp\/v2\/product_cat?post=1125"},{"taxonomy":"product_tag","embeddable":true,"href":"https:\/\/bpont.hu\/shop\/index.php\/wp-json\/wp\/v2\/product_tag?post=1125"}],"curies":[{"name":"wp","href":"https:\/\/api.w.org\/{rel}","templated":true}]}}