{"id":1122,"date":"2025-06-27T11:12:21","date_gmt":"2025-06-27T10:12:21","guid":{"rendered":"https:\/\/bpont.shop.hu\/?post_type=product&#038;p=1122"},"modified":"2026-03-11T16:39:27","modified_gmt":"2026-03-11T14:39:27","slug":"b5512-b-szeria-professzionalis-kozpont-8-48-zona-kamera-fogadasa-on-board-eth","status":"publish","type":"product","link":"https:\/\/bpont.hu\/shop\/index.php\/product\/b5512-b-szeria-professzionalis-kozpont-8-48-zona-kamera-fogadasa-on-board-eth\/","title":{"rendered":"B5512<br>B sz\u00e9ria Professzion\u00e1lis k\u00f6zpont 8-48 z\u00f3na Kamera fogad\u00e1sa On-board ETH"},"content":{"rendered":"<p>B5512<br \/>\nA B5512 k\u00f6zpont egyes\u00edti a behatol\u00e1s- \u00e9s lakoss\u00e1gi t\u0171zv\u00e9delmet, \u00e9s a k\u00e9t rendszerhez k\u00f6z\u00f6s, egyszer\u0171 kezel\u0151fel\u00fcletet biztos\u00edt. A B5512 legfeljebb 48 z\u00f3n\u00e1val rendelkezik \u00e9s 4 ter\u00fcletre oszthat\u00f3k.<br \/>\nA k\u00f6zpont a be\u00e9p\u00edtett Ethernet porton kereszt\u00fcl k\u00e9pes kommunik\u00e1lni (ez nem \u00e9rv\u00e9nyes az \u201eE\u201d k\u00f6zpontokra), vagy lehet\u0151s\u00e9g van kompatibilis csatlakoztathat\u00f3 modulokon kereszt\u00fcl is, melyekkel nyilv\u00e1nos kapcsolttelefonh\u00e1l\u00f3zatot (PSTN) \u00e1t vagy mobilh\u00e1l\u00f3zati kommunik\u00e1ci\u00f3t haszn\u00e1lnak az esem\u00e9nyek tov\u00e1bb\u00edt\u00e1s\u00e1ra.<br \/>\nA B5512-vel lehet\u0151s\u00e9g van ajt\u00f3k, ablakok, valamint ter\u00fcleteken l\u00e9v\u0151 mozg\u00e1sok megfigyel\u00e9s\u00e9re, mint p\u00e9ld\u00e1ul bemutat\u00f3termekben vagy t\u00e1rol\u00e1sra haszn\u00e1lt helyis\u00e9gekben l\u00e9v\u0151 mozg\u00e1sok megfigyel\u00e9s\u00e9re.<br \/>\nMinden felhaszn\u00e1l\u00f3 rendelkezhet a rendszer kezel\u00e9s\u00e9hez sz\u00fcks\u00e9ges szem\u00e9lyes k\u00f3ddal, vezet\u00e9k n\u00e9lk\u00fcli t\u00e1vad\u00f3val \u00e9s szem\u00e9lyes hozz\u00e1f\u00e9r\u00e9si azonos\u00edt\u00f3val.<br \/>\nProgramozhat\u00f3 hat\u00e1sk\u00f6ri szintek \u00e1llnak rendelkez\u00e9sre, korl\u00e1tozott jogosults\u00e1gokkal, mellyel a kiszolg\u00e1l\u00f3, biztons\u00e1gi \u00e9s takar\u00edt\u00f3 szem\u00e9lyzet sz\u00e1m\u00e1ra teljes vagy korl\u00e1tozott hozz\u00e1f\u00e9r\u00e9s adhat\u00f3. A h\u00e1rom (legfeljebb 43- ig b\u0151v\u00edthet\u0151) programozhat\u00f3 kimenet haszn\u00e1lhat\u00f3 a vil\u00e1g\u00edt\u00e1s felkapcsol\u00e1s\u00e1ra, vagy ajt\u00f3k z\u00e1r\u00e1s\u00e1ra \u00e9s nyit\u00e1s\u00e1ra.<br \/>\nTulajdons\u00e1gok:<br \/>\n&#8211; Vezet\u00e9kes \u00e9s vezet\u00e9k n\u00e9lk\u00fcli z\u00f3n\u00e1k kombin\u00e1ci\u00f3j\u00e1b\u00f3l \u00f6sszesen 48 z\u00f3na, valamint 4 ker\u00fcleti vagy bels\u0151ter\u00fclet t\u00e1mogat\u00e1s\u00e1val biztos\u00edtja a telep\u00edt\u00e9si rugalmass\u00e1got.<br \/>\n&#8211; Be\u00e9p\u00edtett Ethernet-port a Conettix IP riaszt\u00e1si kommunik\u00e1ci\u00f3hoz \u00e9s a t\u00e1voli programoz\u00e1shoz kompatibilis a modern IP h\u00e1l\u00f3zatokkal, az IPv6\/IPv4-gyel, az Auto IP-vel \u00e9s a Universal Plug &#038; Play rendszerrel is.<br \/>\n&#8211; Telep\u00edt\u0151bar\u00e1t jellemz\u0151k, mint p\u00e9ld\u00e1ul a csatlakoztathat\u00f3 PSTN \u00e9s mobilh\u00e1l\u00f3zati kommunik\u00e1ci\u00f3s modulok a telep\u00edt\u00e9s \u00e9s a kommunik\u00e1ci\u00f3 leegyszer\u0171s\u00edt\u00e9s\u00e9hez<br \/>\n&#8211; A Remote Security Control mobilalkalmaz\u00e1ssal a felhaszn\u00e1l\u00f3k t\u00e1volr\u00f3l, a saj\u00e1t mobileszk\u00f6z\u00fckr\u0151l, pl. telefonr\u00f3l vagy t\u00e1blag\u00e9pr\u0151l vez\u00e9relhetik biztons\u00e1gi rendszereiket \u00e9s tekinthetik meg a rendszerkamer\u00e1inak k\u00e9p\u00e9t<br \/>\n&#8211; Programozhat\u00f3 gyorsbillenty\u0171k, k\u00e9perny\u0151n megjelen\u0151 helyzet\u00e9rz\u00e9keny s\u00fag\u00f3 \u00e9s k\u00e9tnyelv\u0171 kezel\u0151fel\u00fclet teszi egyszer\u0171v\u00e9 \u00e9s k\u00f6nny\u0171v\u00e9 a rendszer haszn\u00e1lat\u00e1t<br \/>\n&#8211; K\u00e9t k\u00fcl\u00f6nb\u00f6z\u0151 nyelv egyidej\u0171 haszn\u00e1lata a kezel\u0151egys\u00e9geken<br \/>\n&#8211; Egy\u00e9ni egy-gombos funkci\u00f3k<br \/>\n&#8211; K\u00e1rtya\/token haszn\u00e1lata felhaszn\u00e1l\u00f3nkk\u00e9nt (csak \u00e9rint\u0151k\u00e9perny\u0151s kezel\u0151h\u00f6z)<br \/>\n&#8211; Connetx IP t\u00e1voli kapcsolathoz (K\u00f6zpont tartalmazza az IP kommunik\u00e1tort)<br \/>\n&#8211; Android \u00e9s IOS Mobil APP<br \/>\n&#8211; Ingyenes Felh\u0151-kapcsoalt<br \/>\n&#8211;  8-48 z\u00f3na<br \/>\n&#8211; 3-43 programozhat\u00f3 kimenet<br \/>\n&#8211; 40 vezet\u00e9kn\u00e9lk\u00fcli eszk\u00f6z csatlakoztathat\u00f3<br \/>\n&#8211; 4 IP kamera vez\u00e9rl\u00e9se<br \/>\n&#8211; 4 Programozhat\u00f3 feladat\/\u00fctemezett esem\u00e9ny<br \/>\n&#8211; 4 ter\u00fclet<br \/>\n&#8211; 4 programozhat\u00f3 egy\u00e9ni funkci\u00f3.<br \/>\n&#8211; 50 felhaszn\u00e1l\u00f3<\/p>\n","protected":false},"excerpt":{"rendered":"<p>Rendel\u00e9si k\u00f3d: F.01U.416.964<\/p>\n","protected":false},"featured_media":1123,"template":"","meta":[],"product_brand":[],"product_cat":[328],"product_tag":[25],"class_list":{"0":"post-1122","1":"product","2":"type-product","3":"status-publish","4":"has-post-thumbnail","6":"product_cat-bg-series","7":"product_tag-bosch","9":"first","10":"instock","11":"taxable","12":"shipping-taxable","13":"purchasable","14":"product-type-simple"},"jetpack_sharing_enabled":true,"_links":{"self":[{"href":"https:\/\/bpont.hu\/shop\/index.php\/wp-json\/wp\/v2\/product\/1122","targetHints":{"allow":["GET"]}}],"collection":[{"href":"https:\/\/bpont.hu\/shop\/index.php\/wp-json\/wp\/v2\/product"}],"about":[{"href":"https:\/\/bpont.hu\/shop\/index.php\/wp-json\/wp\/v2\/types\/product"}],"version-history":[{"count":5,"href":"https:\/\/bpont.hu\/shop\/index.php\/wp-json\/wp\/v2\/product\/1122\/revisions"}],"predecessor-version":[{"id":7591,"href":"https:\/\/bpont.hu\/shop\/index.php\/wp-json\/wp\/v2\/product\/1122\/revisions\/7591"}],"wp:featuredmedia":[{"embeddable":true,"href":"https:\/\/bpont.hu\/shop\/index.php\/wp-json\/wp\/v2\/media\/1123"}],"wp:attachment":[{"href":"https:\/\/bpont.hu\/shop\/index.php\/wp-json\/wp\/v2\/media?parent=1122"}],"wp:term":[{"taxonomy":"product_brand","embeddable":true,"href":"https:\/\/bpont.hu\/shop\/index.php\/wp-json\/wp\/v2\/product_brand?post=1122"},{"taxonomy":"product_cat","embeddable":true,"href":"https:\/\/bpont.hu\/shop\/index.php\/wp-json\/wp\/v2\/product_cat?post=1122"},{"taxonomy":"product_tag","embeddable":true,"href":"https:\/\/bpont.hu\/shop\/index.php\/wp-json\/wp\/v2\/product_tag?post=1122"}],"curies":[{"name":"wp","href":"https:\/\/api.w.org\/{rel}","templated":true}]}}