{"id":1119,"date":"2025-06-27T11:12:21","date_gmt":"2025-06-27T10:12:21","guid":{"rendered":"https:\/\/bpont.shop.hu\/?post_type=product&#038;p=1119"},"modified":"2026-05-05T14:46:00","modified_gmt":"2026-05-05T12:46:00","slug":"icp-map0055-map-bovito-doboz-szabotazskapcsolo","status":"publish","type":"product","link":"https:\/\/bpont.hu\/shop\/index.php\/product\/icp-map0055-map-bovito-doboz-szabotazskapcsolo\/","title":{"rendered":"ICP-MAP0055<br>MAP b\u0151v\u00edt\u0151 doboz szabot\u00e1zskapcsol\u00f3"},"content":{"rendered":"<p>ICP-MAP0055<\/p>\n","protected":false},"excerpt":{"rendered":"<p>Rendel\u00e9si k\u00f3d: F.01U.217.040<\/p>\n","protected":false},"featured_media":1120,"template":"","meta":[],"product_brand":[],"product_cat":[329],"product_tag":[25],"class_list":{"0":"post-1119","1":"product","2":"type-product","3":"status-publish","4":"has-post-thumbnail","6":"product_cat-map5000","7":"product_tag-bosch","9":"first","10":"instock","11":"taxable","12":"shipping-taxable","13":"purchasable","14":"product-type-simple"},"jetpack_sharing_enabled":true,"_links":{"self":[{"href":"https:\/\/bpont.hu\/shop\/index.php\/wp-json\/wp\/v2\/product\/1119","targetHints":{"allow":["GET"]}}],"collection":[{"href":"https:\/\/bpont.hu\/shop\/index.php\/wp-json\/wp\/v2\/product"}],"about":[{"href":"https:\/\/bpont.hu\/shop\/index.php\/wp-json\/wp\/v2\/types\/product"}],"version-history":[{"count":5,"href":"https:\/\/bpont.hu\/shop\/index.php\/wp-json\/wp\/v2\/product\/1119\/revisions"}],"predecessor-version":[{"id":7590,"href":"https:\/\/bpont.hu\/shop\/index.php\/wp-json\/wp\/v2\/product\/1119\/revisions\/7590"}],"wp:featuredmedia":[{"embeddable":true,"href":"https:\/\/bpont.hu\/shop\/index.php\/wp-json\/wp\/v2\/media\/1120"}],"wp:attachment":[{"href":"https:\/\/bpont.hu\/shop\/index.php\/wp-json\/wp\/v2\/media?parent=1119"}],"wp:term":[{"taxonomy":"product_brand","embeddable":true,"href":"https:\/\/bpont.hu\/shop\/index.php\/wp-json\/wp\/v2\/product_brand?post=1119"},{"taxonomy":"product_cat","embeddable":true,"href":"https:\/\/bpont.hu\/shop\/index.php\/wp-json\/wp\/v2\/product_cat?post=1119"},{"taxonomy":"product_tag","embeddable":true,"href":"https:\/\/bpont.hu\/shop\/index.php\/wp-json\/wp\/v2\/product_tag?post=1119"}],"curies":[{"name":"wp","href":"https:\/\/api.w.org\/{rel}","templated":true}]}}