{"id":1106,"date":"2025-06-27T11:12:19","date_gmt":"2025-06-27T10:12:19","guid":{"rendered":"https:\/\/bpont.shop.hu\/?post_type=product&#038;p=1106"},"modified":"2026-05-05T14:46:00","modified_gmt":"2026-05-05T12:46:00","slug":"iui-bes-ao-kulso-jelzoeszkoz-szirenaval-es-villogoval","status":"publish","type":"product","link":"https:\/\/bpont.hu\/shop\/index.php\/product\/iui-bes-ao-kulso-jelzoeszkoz-szirenaval-es-villogoval\/","title":{"rendered":"IUI-BES-AO<br>K\u00fcls\u0151 jelz\u0151eszk\u00f6z szir\u00e9n\u00e1val \u00e9s villog\u00f3val"},"content":{"rendered":"<p>IUI-BES-AO<br \/>\nA Bosch k\u00fcls\u0151 jelz\u0151berendez\u00e9se egy integr\u00e1lt hanggener\u00e1torral ell\u00e1tott jelz\u0151berendez\u00e9s.<br \/>\nA Bosch k\u00fcls\u0151 jelz\u0151berendez\u00e9sei jelzik a rendszer jelz\u00e9seit. Ha akapcsolat a vez\u00e9rl\u0151vel megszakad, riaszt\u00e1s j\u00f6n l\u00e9tre.<br \/>\nA k\u00fcls\u0151 jelz\u0151berendez\u00e9sek falra szerelhet\u0151k.<br \/>\nSzabot\u00e1zsv\u00e9delemmel vannak ell\u00e1tva.<br \/>\nTulajdons\u00e1gok:<br \/>\n&#8211; A hanggener\u00e1tor \u00e9s a LED-l\u00e1mp\u00e1k aktiv\u00e1l\u00e1sa \u00e9s vez\u00e9rl\u00e9se \u00e9s fel\u00fcgyelete<br \/>\n&#8211; Energiatakar\u00e9kos \u00e9s extra f\u00e9nyes LED-technol\u00f3gia<br \/>\n&#8211; Falra szerelhet\u0151<br \/>\n&#8211; Fali szabot\u00e1zs (opcion\u00e1lis)<\/p>\n","protected":false},"excerpt":{"rendered":"<p>Rendel\u00e9si k\u00f3d: F.01U.412.108<\/p>\n","protected":false},"featured_media":1107,"template":"","meta":[],"product_brand":[],"product_cat":[338],"product_tag":[25],"class_list":{"0":"post-1106","1":"product","2":"type-product","3":"status-publish","4":"has-post-thumbnail","6":"product_cat-hangjelzok-es-fenyjelzok","7":"product_tag-bosch","9":"first","10":"instock","11":"taxable","12":"shipping-taxable","13":"purchasable","14":"product-type-simple"},"jetpack_sharing_enabled":true,"_links":{"self":[{"href":"https:\/\/bpont.hu\/shop\/index.php\/wp-json\/wp\/v2\/product\/1106","targetHints":{"allow":["GET"]}}],"collection":[{"href":"https:\/\/bpont.hu\/shop\/index.php\/wp-json\/wp\/v2\/product"}],"about":[{"href":"https:\/\/bpont.hu\/shop\/index.php\/wp-json\/wp\/v2\/types\/product"}],"version-history":[{"count":5,"href":"https:\/\/bpont.hu\/shop\/index.php\/wp-json\/wp\/v2\/product\/1106\/revisions"}],"predecessor-version":[{"id":7585,"href":"https:\/\/bpont.hu\/shop\/index.php\/wp-json\/wp\/v2\/product\/1106\/revisions\/7585"}],"wp:featuredmedia":[{"embeddable":true,"href":"https:\/\/bpont.hu\/shop\/index.php\/wp-json\/wp\/v2\/media\/1107"}],"wp:attachment":[{"href":"https:\/\/bpont.hu\/shop\/index.php\/wp-json\/wp\/v2\/media?parent=1106"}],"wp:term":[{"taxonomy":"product_brand","embeddable":true,"href":"https:\/\/bpont.hu\/shop\/index.php\/wp-json\/wp\/v2\/product_brand?post=1106"},{"taxonomy":"product_cat","embeddable":true,"href":"https:\/\/bpont.hu\/shop\/index.php\/wp-json\/wp\/v2\/product_cat?post=1106"},{"taxonomy":"product_tag","embeddable":true,"href":"https:\/\/bpont.hu\/shop\/index.php\/wp-json\/wp\/v2\/product_tag?post=1106"}],"curies":[{"name":"wp","href":"https:\/\/api.w.org\/{rel}","templated":true}]}}