{"id":1098,"date":"2025-06-27T11:12:17","date_gmt":"2025-06-27T10:12:17","guid":{"rendered":"https:\/\/bpont.shop.hu\/?post_type=product&#038;p=1098"},"modified":"2026-03-11T16:39:26","modified_gmt":"2026-03-11T14:39:26","slug":"b450-kommunikacios-illeszto-modul","status":"publish","type":"product","link":"https:\/\/bpont.hu\/shop\/index.php\/product\/b450-kommunikacios-illeszto-modul\/","title":{"rendered":"B450<br>Kommunik\u00e1ci\u00f3s illeszt\u0151 modul"},"content":{"rendered":"<p>B450<br \/>\nA Conettix csatlakoztathat\u00f3 kommunik\u00e1torinterf\u00e9sz egy n\u00e9gyvezet\u00e9kes SDI2, SDI, illetve opcion\u00e1lis buszeszk\u00f6z, mely egy csatlakoztathat\u00f3 kommunik\u00e1tor (k\u00fcl\u00f6n megv\u00e1s\u00e1rolhat\u00f3) seg\u00edts\u00e9g\u00e9vel k\u00e9tir\u00e1ny\u00fa kommunik\u00e1ci\u00f3t tesz lehet\u0151v\u00e9 a kereskedelmi mobilh\u00e1l\u00f3zatokon kereszt\u00fcl a kompatibilis k\u00f6zpontokkal.<br \/>\nTulajdons\u00e1gok:<br \/>\n&#8211; Teljes k\u00f6r\u0171, k\u00e9tir\u00e1ny\u00fa IP-kommunik\u00e1ci\u00f3, csatlakoztathat\u00f3 mobilkommunik\u00e1torok seg\u00edts\u00e9g\u00e9vel<br \/>\n&#8211; A Plug &#038; Play telep\u00edt\u00e9s leegyszer\u0171s\u00edti a j\u00f6v\u0151beni r\u00e1di\u00f3hull\u00e1mos technol\u00f3giai m\u00f3dos\u00edt\u00e1sokat<br \/>\n&#8211; Kompatibilis az \u00faj k\u00f6zpontokkal \u00e9s a legt\u00f6bb telep\u00edtett Bosch k\u00f6zponttal is<br \/>\n&#8211; Az er\u0151sebb jel \u00e9rdek\u00e9ben t\u00e1mogatja a mobilmodulok t\u00e1voli telep\u00edt\u00e9s\u00e9t<\/p>\n","protected":false},"excerpt":{"rendered":"<p>Rendel\u00e9si k\u00f3d: F.01U.323.797<\/p>\n","protected":false},"featured_media":1099,"template":"","meta":[],"product_brand":[],"product_cat":[328],"product_tag":[25],"class_list":{"0":"post-1098","1":"product","2":"type-product","3":"status-publish","4":"has-post-thumbnail","6":"product_cat-bg-series","7":"product_tag-bosch","9":"first","10":"instock","11":"taxable","12":"shipping-taxable","13":"purchasable","14":"product-type-simple"},"jetpack_sharing_enabled":true,"_links":{"self":[{"href":"https:\/\/bpont.hu\/shop\/index.php\/wp-json\/wp\/v2\/product\/1098","targetHints":{"allow":["GET"]}}],"collection":[{"href":"https:\/\/bpont.hu\/shop\/index.php\/wp-json\/wp\/v2\/product"}],"about":[{"href":"https:\/\/bpont.hu\/shop\/index.php\/wp-json\/wp\/v2\/types\/product"}],"version-history":[{"count":5,"href":"https:\/\/bpont.hu\/shop\/index.php\/wp-json\/wp\/v2\/product\/1098\/revisions"}],"predecessor-version":[{"id":7582,"href":"https:\/\/bpont.hu\/shop\/index.php\/wp-json\/wp\/v2\/product\/1098\/revisions\/7582"}],"wp:featuredmedia":[{"embeddable":true,"href":"https:\/\/bpont.hu\/shop\/index.php\/wp-json\/wp\/v2\/media\/1099"}],"wp:attachment":[{"href":"https:\/\/bpont.hu\/shop\/index.php\/wp-json\/wp\/v2\/media?parent=1098"}],"wp:term":[{"taxonomy":"product_brand","embeddable":true,"href":"https:\/\/bpont.hu\/shop\/index.php\/wp-json\/wp\/v2\/product_brand?post=1098"},{"taxonomy":"product_cat","embeddable":true,"href":"https:\/\/bpont.hu\/shop\/index.php\/wp-json\/wp\/v2\/product_cat?post=1098"},{"taxonomy":"product_tag","embeddable":true,"href":"https:\/\/bpont.hu\/shop\/index.php\/wp-json\/wp\/v2\/product_tag?post=1098"}],"curies":[{"name":"wp","href":"https:\/\/api.w.org\/{rel}","templated":true}]}}