{"id":1062,"date":"2025-06-27T11:12:13","date_gmt":"2025-06-27T10:12:13","guid":{"rendered":"https:\/\/bpont.shop.hu\/?post_type=product&#038;p=1062"},"modified":"2026-05-05T14:46:00","modified_gmt":"2026-05-05T12:46:00","slug":"d6615-d6600-hoz-cpu-terminator-kartya","status":"publish","type":"product","link":"https:\/\/bpont.hu\/shop\/index.php\/product\/d6615-d6600-hoz-cpu-terminator-kartya\/","title":{"rendered":"D6615<br>D6600-hoz CPU Terminator k\u00e1rtya"},"content":{"rendered":"<p>D6615<br \/>\nModul\u00e1ris kialak\u00edt\u00e1s\u00fa \u00e1ramk\u00f6ri lap. \u00c1rny\u00e9kolt fel\u00fcletet biztos\u00edt a Conettix D6610 CP- vonal k\u00e1rtya \u00e9s a k\u00fcls\u0151 kapcsolatok k\u00f6z\u00f6tt az adatb\u00e1zis-sz\u00e1m\u00edt\u00f3g\u00e9pek \u00e9s nyomtat\u00f3k automatiz\u00e1l\u00e1s\u00e1hoz. &#8211; K\u00e9t soros port<br \/>\n&#8211; Egy p\u00e1rhuzamos port<br \/>\n&#8211; K\u00e9t programozhat\u00f3 bemenet<br \/>\n&#8211; K\u00e9t programozhat\u00f3 kimenet<\/p>\n","protected":false},"excerpt":{"rendered":"<p>Rendel\u00e9si k\u00f3d: 4.998.110.672<\/p>\n","protected":false},"featured_media":1063,"template":"","meta":[],"product_brand":[],"product_cat":[337],"product_tag":[25],"class_list":{"0":"post-1062","1":"product","2":"type-product","3":"status-publish","4":"has-post-thumbnail","6":"product_cat-felugyeleti-allomas","7":"product_tag-bosch","9":"first","10":"instock","11":"taxable","12":"shipping-taxable","13":"purchasable","14":"product-type-simple"},"jetpack_sharing_enabled":true,"_links":{"self":[{"href":"https:\/\/bpont.hu\/shop\/index.php\/wp-json\/wp\/v2\/product\/1062","targetHints":{"allow":["GET"]}}],"collection":[{"href":"https:\/\/bpont.hu\/shop\/index.php\/wp-json\/wp\/v2\/product"}],"about":[{"href":"https:\/\/bpont.hu\/shop\/index.php\/wp-json\/wp\/v2\/types\/product"}],"version-history":[{"count":5,"href":"https:\/\/bpont.hu\/shop\/index.php\/wp-json\/wp\/v2\/product\/1062\/revisions"}],"predecessor-version":[{"id":7569,"href":"https:\/\/bpont.hu\/shop\/index.php\/wp-json\/wp\/v2\/product\/1062\/revisions\/7569"}],"wp:featuredmedia":[{"embeddable":true,"href":"https:\/\/bpont.hu\/shop\/index.php\/wp-json\/wp\/v2\/media\/1063"}],"wp:attachment":[{"href":"https:\/\/bpont.hu\/shop\/index.php\/wp-json\/wp\/v2\/media?parent=1062"}],"wp:term":[{"taxonomy":"product_brand","embeddable":true,"href":"https:\/\/bpont.hu\/shop\/index.php\/wp-json\/wp\/v2\/product_brand?post=1062"},{"taxonomy":"product_cat","embeddable":true,"href":"https:\/\/bpont.hu\/shop\/index.php\/wp-json\/wp\/v2\/product_cat?post=1062"},{"taxonomy":"product_tag","embeddable":true,"href":"https:\/\/bpont.hu\/shop\/index.php\/wp-json\/wp\/v2\/product_tag?post=1062"}],"curies":[{"name":"wp","href":"https:\/\/api.w.org\/{rel}","templated":true}]}}