{"id":1059,"date":"2025-06-27T11:12:13","date_gmt":"2025-06-27T10:12:13","guid":{"rendered":"https:\/\/bpont.shop.hu\/?post_type=product&#038;p=1059"},"modified":"2026-05-05T14:46:00","modified_gmt":"2026-05-05T12:46:00","slug":"ims-wtc-emil-illeszto-modulhoz-fali-szabotazs-erzekelo","status":"publish","type":"product","link":"https:\/\/bpont.hu\/shop\/index.php\/product\/ims-wtc-emil-illeszto-modulhoz-fali-szabotazs-erzekelo\/","title":{"rendered":"IMS-WTC<br>EMIL illeszt\u0151 modulhoz Fali szabot\u00e1zs \u00e9rz\u00e9kel\u0151"},"content":{"rendered":"<p>IMS-WTC<br \/>\nAz IMS-WTC Wall Tamper az ISP-EMIL-120 LSN b\u0151v\u00edt\u0151modulok als\u00f3 r\u00e9sz\u00e9n tal\u00e1lhat\u00f3. A szabot\u00e1zs riaszt\u00e1s akkor ker\u00fcl tov\u00e1bb\u00edt\u00e1sra, ha a burkolat a falt\u00f3l elt\u00e1vol\u00edtj\u00e1k.<\/p>\n","protected":false},"excerpt":{"rendered":"<p>Rendel\u00e9si k\u00f3d: F.01U.078.107<\/p>\n","protected":false},"featured_media":1060,"template":"","meta":[],"product_brand":[],"product_cat":[328],"product_tag":[25],"class_list":{"0":"post-1059","1":"product","2":"type-product","3":"status-publish","4":"has-post-thumbnail","6":"product_cat-bg-series","7":"product_tag-bosch","9":"first","10":"instock","11":"taxable","12":"shipping-taxable","13":"purchasable","14":"product-type-simple"},"jetpack_sharing_enabled":true,"_links":{"self":[{"href":"https:\/\/bpont.hu\/shop\/index.php\/wp-json\/wp\/v2\/product\/1059","targetHints":{"allow":["GET"]}}],"collection":[{"href":"https:\/\/bpont.hu\/shop\/index.php\/wp-json\/wp\/v2\/product"}],"about":[{"href":"https:\/\/bpont.hu\/shop\/index.php\/wp-json\/wp\/v2\/types\/product"}],"version-history":[{"count":5,"href":"https:\/\/bpont.hu\/shop\/index.php\/wp-json\/wp\/v2\/product\/1059\/revisions"}],"predecessor-version":[{"id":7568,"href":"https:\/\/bpont.hu\/shop\/index.php\/wp-json\/wp\/v2\/product\/1059\/revisions\/7568"}],"wp:featuredmedia":[{"embeddable":true,"href":"https:\/\/bpont.hu\/shop\/index.php\/wp-json\/wp\/v2\/media\/1060"}],"wp:attachment":[{"href":"https:\/\/bpont.hu\/shop\/index.php\/wp-json\/wp\/v2\/media?parent=1059"}],"wp:term":[{"taxonomy":"product_brand","embeddable":true,"href":"https:\/\/bpont.hu\/shop\/index.php\/wp-json\/wp\/v2\/product_brand?post=1059"},{"taxonomy":"product_cat","embeddable":true,"href":"https:\/\/bpont.hu\/shop\/index.php\/wp-json\/wp\/v2\/product_cat?post=1059"},{"taxonomy":"product_tag","embeddable":true,"href":"https:\/\/bpont.hu\/shop\/index.php\/wp-json\/wp\/v2\/product_tag?post=1059"}],"curies":[{"name":"wp","href":"https:\/\/api.w.org\/{rel}","templated":true}]}}