{"id":1045,"date":"2025-06-27T11:12:09","date_gmt":"2025-06-27T10:12:09","guid":{"rendered":"https:\/\/bpont.shop.hu\/?post_type=product&#038;p=1045"},"modified":"2026-03-11T16:39:25","modified_gmt":"2026-03-11T14:39:25","slug":"isp-rsc3-110s-lsn-szabotazs-vedett-szekcionalt-kapura-nyitaserzekelo-en-g3","status":"publish","type":"product","link":"https:\/\/bpont.hu\/shop\/index.php\/product\/isp-rsc3-110s-lsn-szabotazs-vedett-szekcionalt-kapura-nyitaserzekelo-en-g3\/","title":{"rendered":"ISP-RSC3-110S<br>LSN szabot\u00e1zs v\u00e9dett szekcion\u00e1lt kapura nyit\u00e1s\u00e9rz\u00e9kel\u0151 EN-G3"},"content":{"rendered":"<p>ISP-RSC3-110S<br \/>\nLSN szekcion\u00e1lt kapura szerelhet\u0151 nyit\u00e1s\u00e9rz\u00e9kel\u0151, VdS class B \u00e9s EN-G2, 4m k\u00e1bel<br \/>\nTulajdons\u00e1gok:<br \/>\n&#8211; Magas szint\u0171 mechanikai szil\u00e1rds\u00e1g<br \/>\n&#8211; P\u00e1rhuzamos szerel\u00e9s<br \/>\n&#8211; LSN hurokba k\u00f6thet\u0151<br \/>\n&#8211; VdS class C, EN 50131-2-6 Grade 3<br \/>\nM\u00e9retek:<br \/>\nKapcsol\u00f3: 150 x 40 x 13.5 mm<br \/>\nM\u00e1<\/p>\n","protected":false},"excerpt":{"rendered":"<p>Rendel\u00e9si k\u00f3d: F.01U.275.642<\/p>\n","protected":false},"featured_media":1043,"template":"","meta":[],"product_brand":[],"product_cat":[336],"product_tag":[25],"class_list":{"0":"post-1045","1":"product","2":"type-product","3":"status-publish","4":"has-post-thumbnail","6":"product_cat-lsn-erzekelok","7":"product_tag-bosch","9":"first","10":"instock","11":"taxable","12":"shipping-taxable","13":"purchasable","14":"product-type-simple"},"jetpack_sharing_enabled":true,"_links":{"self":[{"href":"https:\/\/bpont.hu\/shop\/index.php\/wp-json\/wp\/v2\/product\/1045","targetHints":{"allow":["GET"]}}],"collection":[{"href":"https:\/\/bpont.hu\/shop\/index.php\/wp-json\/wp\/v2\/product"}],"about":[{"href":"https:\/\/bpont.hu\/shop\/index.php\/wp-json\/wp\/v2\/types\/product"}],"version-history":[{"count":5,"href":"https:\/\/bpont.hu\/shop\/index.php\/wp-json\/wp\/v2\/product\/1045\/revisions"}],"predecessor-version":[{"id":7563,"href":"https:\/\/bpont.hu\/shop\/index.php\/wp-json\/wp\/v2\/product\/1045\/revisions\/7563"}],"wp:featuredmedia":[{"embeddable":true,"href":"https:\/\/bpont.hu\/shop\/index.php\/wp-json\/wp\/v2\/media\/1043"}],"wp:attachment":[{"href":"https:\/\/bpont.hu\/shop\/index.php\/wp-json\/wp\/v2\/media?parent=1045"}],"wp:term":[{"taxonomy":"product_brand","embeddable":true,"href":"https:\/\/bpont.hu\/shop\/index.php\/wp-json\/wp\/v2\/product_brand?post=1045"},{"taxonomy":"product_cat","embeddable":true,"href":"https:\/\/bpont.hu\/shop\/index.php\/wp-json\/wp\/v2\/product_cat?post=1045"},{"taxonomy":"product_tag","embeddable":true,"href":"https:\/\/bpont.hu\/shop\/index.php\/wp-json\/wp\/v2\/product_tag?post=1045"}],"curies":[{"name":"wp","href":"https:\/\/api.w.org\/{rel}","templated":true}]}}