{"id":1040,"date":"2025-06-27T11:12:09","date_gmt":"2025-06-27T10:12:09","guid":{"rendered":"https:\/\/bpont.shop.hu\/?post_type=product&#038;p=1040"},"modified":"2026-03-11T16:39:25","modified_gmt":"2026-03-11T14:39:25","slug":"isp-mcols3-u110s-lsn-felulet-szerelt-nyitas-zarnyelv-erzekelo-vds-c-en-g3","status":"publish","type":"product","link":"https:\/\/bpont.hu\/shop\/index.php\/product\/isp-mcols3-u110s-lsn-felulet-szerelt-nyitas-zarnyelv-erzekelo-vds-c-en-g3\/","title":{"rendered":"ISP-MCOLS3-U110S<br>LSN fel\u00fclet szerelt nyit\u00e1s-\/z\u00e1rnyelv \u00e9rz\u00e9kel\u0151 VdS C\/EN-G3"},"content":{"rendered":"<p>ISP-MCOLS3-U110S<br \/>\nLSN fel\u00fclet szerelt nyit\u00e1s\u00e9rz\u00e9kel\u0151, vagy z\u00e1rnyelv \u00e9rz\u00e9kel\u0151 ablakhoz, VdS class C \u00e9s EN-G3, 4m k\u00e1bellel<br \/>\nTulajdons\u00e1gok:<br \/>\n&#8211;  VdS class C\/EN 50131-2-6 Grade 3<br \/>\n&#8211; Szabot\u00e1zsv\u00e9dett<br \/>\n&#8211; S\u00fclyeszett szerel\u00e9st k\u00edv\u00e1n<br \/>\n&#8211; LSN ker\u00fcleti v\u00e9delem<br \/>\nM\u00e9retek:<br \/>\nKapcsol\u00f3: 8x30mm<br \/>\nM\u00e1gnes: 10&#215;3.6mmx5mm<\/p>\n","protected":false},"excerpt":{"rendered":"<p>Rendel\u00e9si k\u00f3d: F.01U.275.633<\/p>\n","protected":false},"featured_media":1038,"template":"","meta":[],"product_brand":[],"product_cat":[336],"product_tag":[25],"class_list":{"0":"post-1040","1":"product","2":"type-product","3":"status-publish","4":"has-post-thumbnail","6":"product_cat-lsn-erzekelok","7":"product_tag-bosch","9":"first","10":"instock","11":"taxable","12":"shipping-taxable","13":"purchasable","14":"product-type-simple"},"jetpack_sharing_enabled":true,"_links":{"self":[{"href":"https:\/\/bpont.hu\/shop\/index.php\/wp-json\/wp\/v2\/product\/1040","targetHints":{"allow":["GET"]}}],"collection":[{"href":"https:\/\/bpont.hu\/shop\/index.php\/wp-json\/wp\/v2\/product"}],"about":[{"href":"https:\/\/bpont.hu\/shop\/index.php\/wp-json\/wp\/v2\/types\/product"}],"version-history":[{"count":5,"href":"https:\/\/bpont.hu\/shop\/index.php\/wp-json\/wp\/v2\/product\/1040\/revisions"}],"predecessor-version":[{"id":7561,"href":"https:\/\/bpont.hu\/shop\/index.php\/wp-json\/wp\/v2\/product\/1040\/revisions\/7561"}],"wp:featuredmedia":[{"embeddable":true,"href":"https:\/\/bpont.hu\/shop\/index.php\/wp-json\/wp\/v2\/media\/1038"}],"wp:attachment":[{"href":"https:\/\/bpont.hu\/shop\/index.php\/wp-json\/wp\/v2\/media?parent=1040"}],"wp:term":[{"taxonomy":"product_brand","embeddable":true,"href":"https:\/\/bpont.hu\/shop\/index.php\/wp-json\/wp\/v2\/product_brand?post=1040"},{"taxonomy":"product_cat","embeddable":true,"href":"https:\/\/bpont.hu\/shop\/index.php\/wp-json\/wp\/v2\/product_cat?post=1040"},{"taxonomy":"product_tag","embeddable":true,"href":"https:\/\/bpont.hu\/shop\/index.php\/wp-json\/wp\/v2\/product_tag?post=1040"}],"curies":[{"name":"wp","href":"https:\/\/api.w.org\/{rel}","templated":true}]}}