{"id":1037,"date":"2025-06-27T11:12:09","date_gmt":"2025-06-27T10:12:09","guid":{"rendered":"https:\/\/bpont.shop.hu\/?post_type=product&#038;p=1037"},"modified":"2026-03-11T16:39:25","modified_gmt":"2026-03-11T14:39:25","slug":"isp-mcls3-u110s-lsn-zarnyelv-erzekelo-ablakhoz-vds-class-c-6m-kabellel","status":"publish","type":"product","link":"https:\/\/bpont.hu\/shop\/index.php\/product\/isp-mcls3-u110s-lsn-zarnyelv-erzekelo-ablakhoz-vds-class-c-6m-kabellel\/","title":{"rendered":"ISP-MCLS3-U110S<br>LSN z\u00e1rnyelv \u00e9rz\u00e9kel\u0151 ablakhoz VdS class C 6m k\u00e1bellel"},"content":{"rendered":"<p>ISP-MCLS3-U110S<br \/>\nZ\u00e1rts\u00e1g \u00e9rz\u00e9kel\u0151, csak akkor ad jelent\u00e9st, ha a saj\u00e1t m\u00e1gnese k\u00f6zel ker\u00fcl.<br \/>\nTulajdons\u00e1gok:<br \/>\n&#8211;  VdS class B, EN50131-2-6 Grade 2<br \/>\n&#8211; Szabot\u00e1zsv\u00e9dett<br \/>\n&#8211; S\u00fclyeszett szerel\u00e9st k\u00edv\u00e1n<br \/>\n&#8211; LSN ker\u00fcleti v\u00e9delem<br \/>\nM\u00e9retek:<br \/>\nKapcsol\u00f3: 8x30mm<br \/>\nM\u00e1gnes: 10&#215;3.6mmx5mm<\/p>\n","protected":false},"excerpt":{"rendered":"<p>Rendel\u00e9si k\u00f3d: F.01U.275.634<\/p>\n","protected":false},"featured_media":1038,"template":"","meta":[],"product_brand":[],"product_cat":[336],"product_tag":[25],"class_list":{"0":"post-1037","1":"product","2":"type-product","3":"status-publish","4":"has-post-thumbnail","6":"product_cat-lsn-erzekelok","7":"product_tag-bosch","9":"first","10":"instock","11":"taxable","12":"shipping-taxable","13":"purchasable","14":"product-type-simple"},"jetpack_sharing_enabled":true,"_links":{"self":[{"href":"https:\/\/bpont.hu\/shop\/index.php\/wp-json\/wp\/v2\/product\/1037","targetHints":{"allow":["GET"]}}],"collection":[{"href":"https:\/\/bpont.hu\/shop\/index.php\/wp-json\/wp\/v2\/product"}],"about":[{"href":"https:\/\/bpont.hu\/shop\/index.php\/wp-json\/wp\/v2\/types\/product"}],"version-history":[{"count":5,"href":"https:\/\/bpont.hu\/shop\/index.php\/wp-json\/wp\/v2\/product\/1037\/revisions"}],"predecessor-version":[{"id":7560,"href":"https:\/\/bpont.hu\/shop\/index.php\/wp-json\/wp\/v2\/product\/1037\/revisions\/7560"}],"wp:featuredmedia":[{"embeddable":true,"href":"https:\/\/bpont.hu\/shop\/index.php\/wp-json\/wp\/v2\/media\/1038"}],"wp:attachment":[{"href":"https:\/\/bpont.hu\/shop\/index.php\/wp-json\/wp\/v2\/media?parent=1037"}],"wp:term":[{"taxonomy":"product_brand","embeddable":true,"href":"https:\/\/bpont.hu\/shop\/index.php\/wp-json\/wp\/v2\/product_brand?post=1037"},{"taxonomy":"product_cat","embeddable":true,"href":"https:\/\/bpont.hu\/shop\/index.php\/wp-json\/wp\/v2\/product_cat?post=1037"},{"taxonomy":"product_tag","embeddable":true,"href":"https:\/\/bpont.hu\/shop\/index.php\/wp-json\/wp\/v2\/product_tag?post=1037"}],"curies":[{"name":"wp","href":"https:\/\/api.w.org\/{rel}","templated":true}]}}