{"id":1034,"date":"2025-06-27T11:12:08","date_gmt":"2025-06-27T10:12:08","guid":{"rendered":"https:\/\/bpont.shop.hu\/?post_type=product&#038;p=1034"},"modified":"2026-03-11T16:39:25","modified_gmt":"2026-03-11T14:39:25","slug":"isp-mcs3-fp110-lsn-felulet-szerelesu-nyitaserzekelo-szabotazs-vedett-fp-en-g3","status":"publish","type":"product","link":"https:\/\/bpont.hu\/shop\/index.php\/product\/isp-mcs3-fp110-lsn-felulet-szerelesu-nyitaserzekelo-szabotazs-vedett-fp-en-g3\/","title":{"rendered":"ISP-MCS3-FP110<br>LSN fel\u00fclet szerel\u00e9s\u0171 nyit\u00e1s\u00e9rz\u00e9kel\u0151 szabot\u00e1zs v\u00e9dett FP EN-G3"},"content":{"rendered":"<p>ISP-MCS3-FP110<br \/>\nAz LSN hurkon m\u0171k\u00f6d\u0151 VdS min\u0151s\u00edtett m\u00e1gneses kontaktust (nyit\u00e1s\u00e9rz\u00e9kel\u0151t) az ajt\u00f3k \u00e9s ablakok fel\u00fcgyelet\u00e9re haszn\u00e1lj\u00e1k.<br \/>\nA kontaktus szabot\u00e1zs fel\u00fcgyelet alatt \u00e1ll. Ha egy k\u00fcls\u0151 m\u00e1gnes k\u00f6zel ker\u00fcl, a szabot\u00e1zskapcsol\u00f3 aktiv\u00e1l\u00f3dik \u00e9s jelent\u00e9st hoz l\u00e9tre.<br \/>\nS\u00fclyesztett szerel\u00e9st ig\u00e9nyel.<br \/>\nTulajdons\u00e1gok:<br \/>\nM\u00e9retek: (H x Sz\u00e9 x M\u00e9) 1.2 x 1.18 x 4.28<br \/>\nM\u00e9retek \u00d8 : 0.8 x 3.0<\/p>\n","protected":false},"excerpt":{"rendered":"<p>Rendel\u00e9si k\u00f3d: F.01U.099.284<\/p>\n","protected":false},"featured_media":1035,"template":"","meta":[],"product_brand":[],"product_cat":[336],"product_tag":[25],"class_list":{"0":"post-1034","1":"product","2":"type-product","3":"status-publish","4":"has-post-thumbnail","6":"product_cat-lsn-erzekelok","7":"product_tag-bosch","9":"first","10":"instock","11":"taxable","12":"shipping-taxable","13":"purchasable","14":"product-type-simple"},"jetpack_sharing_enabled":true,"_links":{"self":[{"href":"https:\/\/bpont.hu\/shop\/index.php\/wp-json\/wp\/v2\/product\/1034","targetHints":{"allow":["GET"]}}],"collection":[{"href":"https:\/\/bpont.hu\/shop\/index.php\/wp-json\/wp\/v2\/product"}],"about":[{"href":"https:\/\/bpont.hu\/shop\/index.php\/wp-json\/wp\/v2\/types\/product"}],"version-history":[{"count":5,"href":"https:\/\/bpont.hu\/shop\/index.php\/wp-json\/wp\/v2\/product\/1034\/revisions"}],"predecessor-version":[{"id":7559,"href":"https:\/\/bpont.hu\/shop\/index.php\/wp-json\/wp\/v2\/product\/1034\/revisions\/7559"}],"wp:featuredmedia":[{"embeddable":true,"href":"https:\/\/bpont.hu\/shop\/index.php\/wp-json\/wp\/v2\/media\/1035"}],"wp:attachment":[{"href":"https:\/\/bpont.hu\/shop\/index.php\/wp-json\/wp\/v2\/media?parent=1034"}],"wp:term":[{"taxonomy":"product_brand","embeddable":true,"href":"https:\/\/bpont.hu\/shop\/index.php\/wp-json\/wp\/v2\/product_brand?post=1034"},{"taxonomy":"product_cat","embeddable":true,"href":"https:\/\/bpont.hu\/shop\/index.php\/wp-json\/wp\/v2\/product_cat?post=1034"},{"taxonomy":"product_tag","embeddable":true,"href":"https:\/\/bpont.hu\/shop\/index.php\/wp-json\/wp\/v2\/product_tag?post=1034"}],"curies":[{"name":"wp","href":"https:\/\/api.w.org\/{rel}","templated":true}]}}