{"id":1026,"date":"2025-06-27T11:12:08","date_gmt":"2025-06-27T10:12:08","guid":{"rendered":"https:\/\/bpont.shop.hu\/?post_type=product&#038;p=1026"},"modified":"2026-03-11T16:39:25","modified_gmt":"2026-03-11T14:39:25","slug":"isp-mcb2-fp110-lsn-sullyesztett-szerelesu-nyitaserzekelo-fp-en-g2","status":"publish","type":"product","link":"https:\/\/bpont.hu\/shop\/index.php\/product\/isp-mcb2-fp110-lsn-sullyesztett-szerelesu-nyitaserzekelo-fp-en-g2\/","title":{"rendered":"ISP-MCB2-FP110<br>LSN s\u00fcllyesztett szerel\u00e9s\u0171 nyit\u00e1s\u00e9rz\u00e9kel\u0151 FP EN-G2"},"content":{"rendered":"<p>ISP-MCB2-FP110<br \/>\nLSN\/LSNi hurkra telep\u00edthet\u0151 nyit\u00e1s\u00e9rz\u00e9kel\u0151. Kompatibilis pld a MAPxxxx professzion\u00e1lis behatol\u00e1s-jelz\u0151 k\u00f6zpontokkal.<\/p>\n","protected":false},"excerpt":{"rendered":"<p>Rendel\u00e9si k\u00f3d: F.01U.099.234<\/p>\n","protected":false},"featured_media":1027,"template":"","meta":[],"product_brand":[],"product_cat":[336],"product_tag":[25],"class_list":{"0":"post-1026","1":"product","2":"type-product","3":"status-publish","4":"has-post-thumbnail","6":"product_cat-lsn-erzekelok","7":"product_tag-bosch","9":"first","10":"instock","11":"taxable","12":"shipping-taxable","13":"purchasable","14":"product-type-simple"},"jetpack_sharing_enabled":true,"_links":{"self":[{"href":"https:\/\/bpont.hu\/shop\/index.php\/wp-json\/wp\/v2\/product\/1026","targetHints":{"allow":["GET"]}}],"collection":[{"href":"https:\/\/bpont.hu\/shop\/index.php\/wp-json\/wp\/v2\/product"}],"about":[{"href":"https:\/\/bpont.hu\/shop\/index.php\/wp-json\/wp\/v2\/types\/product"}],"version-history":[{"count":5,"href":"https:\/\/bpont.hu\/shop\/index.php\/wp-json\/wp\/v2\/product\/1026\/revisions"}],"predecessor-version":[{"id":7556,"href":"https:\/\/bpont.hu\/shop\/index.php\/wp-json\/wp\/v2\/product\/1026\/revisions\/7556"}],"wp:featuredmedia":[{"embeddable":true,"href":"https:\/\/bpont.hu\/shop\/index.php\/wp-json\/wp\/v2\/media\/1027"}],"wp:attachment":[{"href":"https:\/\/bpont.hu\/shop\/index.php\/wp-json\/wp\/v2\/media?parent=1026"}],"wp:term":[{"taxonomy":"product_brand","embeddable":true,"href":"https:\/\/bpont.hu\/shop\/index.php\/wp-json\/wp\/v2\/product_brand?post=1026"},{"taxonomy":"product_cat","embeddable":true,"href":"https:\/\/bpont.hu\/shop\/index.php\/wp-json\/wp\/v2\/product_cat?post=1026"},{"taxonomy":"product_tag","embeddable":true,"href":"https:\/\/bpont.hu\/shop\/index.php\/wp-json\/wp\/v2\/product_tag?post=1026"}],"curies":[{"name":"wp","href":"https:\/\/api.w.org\/{rel}","templated":true}]}}