{"id":1023,"date":"2025-06-27T11:12:07","date_gmt":"2025-06-27T10:12:07","guid":{"rendered":"https:\/\/bpont.shop.hu\/?post_type=product&#038;p=1023"},"modified":"2026-03-11T16:39:25","modified_gmt":"2026-03-11T14:39:25","slug":"isp-sm90-120-lsn-rezges-es-falbontas-erzekelo","status":"publish","type":"product","link":"https:\/\/bpont.hu\/shop\/index.php\/product\/isp-sm90-120-lsn-rezges-es-falbontas-erzekelo\/","title":{"rendered":"ISP-SM90-120<br>LSN rezg\u00e9s \u00e9s falbont\u00e1s \u00e9rz\u00e9kel\u0151"},"content":{"rendered":"<p>ISP-SM90-120<br \/>\nA szeizmikus \u00e9rz\u00e9kel\u0151 a p\u00e1nc\u00e9lozott szekr\u00e9nyek, k\u00e9szp\u00e9nzdobozok, automata-g\u00e9pek, trezor helyis\u00e9gek, \u00e9jszakai sz\u00e9fek, p\u00e1c\u00e9lozott \u00e9s beton falak megfigyel\u00e9s\u00e9re szolg\u00e1l. Minden ismert bet\u00f6r\u0151 szersz\u00e1m, mint p\u00e9ld\u00e1ul a gy\u00e9m\u00e1ntf\u00far\u00f3 f\u00far\u00f3k, hidraulikus eszk\u00f6z\u00f6k, oxig\u00e9n v\u00e1g\u00f3k \u00e9s robban\u00f3anyagok felismer\u00e9s\u00e9hez haszn\u00e1lhat\u00f3.<br \/>\nTulajdons\u00e1gok:<br \/>\n&#8211; 4 m-es r\u00e1diusz betonon m\u00e9rve<br \/>\n&#8211; 50 m2 -es fel\u00fclet v\u00e9delm\u00e9t biztos\u00edtja<br \/>\n&#8211; Teljes v\u00e9delem az elektronikus zavarok ellen<br \/>\n&#8211; Programozhat\u00f3 \u00e9rz\u00e9kenys\u00e9g az LSN hurkon kereszt\u00fcl<br \/>\n&#8211; Az \u00e9rz\u00e9kenys\u00e9g t\u00e1vvez\u00e9relt cs\u00f6kkent\u00e9se<br \/>\n&#8211; Riaszt\u00e1s, szabot\u00e1zs, \u00e9rz\u00e9kel\u00e9s, hiba&#8230; jelent\u00e9se vezet\u00e9kes LSN hurkon<\/p>\n","protected":false},"excerpt":{"rendered":"<p>Rendel\u00e9si k\u00f3d: F.01U.173.560<\/p>\n","protected":false},"featured_media":1024,"template":"","meta":[],"product_brand":[],"product_cat":[336],"product_tag":[25],"class_list":{"0":"post-1023","1":"product","2":"type-product","3":"status-publish","4":"has-post-thumbnail","6":"product_cat-lsn-erzekelok","7":"product_tag-bosch","9":"first","10":"instock","11":"taxable","12":"shipping-taxable","13":"purchasable","14":"product-type-simple"},"jetpack_sharing_enabled":true,"_links":{"self":[{"href":"https:\/\/bpont.hu\/shop\/index.php\/wp-json\/wp\/v2\/product\/1023","targetHints":{"allow":["GET"]}}],"collection":[{"href":"https:\/\/bpont.hu\/shop\/index.php\/wp-json\/wp\/v2\/product"}],"about":[{"href":"https:\/\/bpont.hu\/shop\/index.php\/wp-json\/wp\/v2\/types\/product"}],"version-history":[{"count":5,"href":"https:\/\/bpont.hu\/shop\/index.php\/wp-json\/wp\/v2\/product\/1023\/revisions"}],"predecessor-version":[{"id":7555,"href":"https:\/\/bpont.hu\/shop\/index.php\/wp-json\/wp\/v2\/product\/1023\/revisions\/7555"}],"wp:featuredmedia":[{"embeddable":true,"href":"https:\/\/bpont.hu\/shop\/index.php\/wp-json\/wp\/v2\/media\/1024"}],"wp:attachment":[{"href":"https:\/\/bpont.hu\/shop\/index.php\/wp-json\/wp\/v2\/media?parent=1023"}],"wp:term":[{"taxonomy":"product_brand","embeddable":true,"href":"https:\/\/bpont.hu\/shop\/index.php\/wp-json\/wp\/v2\/product_brand?post=1023"},{"taxonomy":"product_cat","embeddable":true,"href":"https:\/\/bpont.hu\/shop\/index.php\/wp-json\/wp\/v2\/product_cat?post=1023"},{"taxonomy":"product_tag","embeddable":true,"href":"https:\/\/bpont.hu\/shop\/index.php\/wp-json\/wp\/v2\/product_tag?post=1023"}],"curies":[{"name":"wp","href":"https:\/\/api.w.org\/{rel}","templated":true}]}}