{"id":1017,"date":"2025-06-27T11:12:05","date_gmt":"2025-06-27T10:12:05","guid":{"rendered":"https:\/\/bpont.shop.hu\/?post_type=product&#038;p=1017"},"modified":"2026-05-05T14:45:59","modified_gmt":"2026-05-05T12:45:59","slug":"ds935lsn01-lsn-passziv-tukor-optikas-mozgaserzekelo","status":"publish","type":"product","link":"https:\/\/bpont.hu\/shop\/index.php\/product\/ds935lsn01-lsn-passziv-tukor-optikas-mozgaserzekelo\/","title":{"rendered":"DS935LSN@01<br>LSN passz\u00edv t\u00fck\u00f6r-optik\u00e1s mozg\u00e1s\u00e9rz\u00e9kel\u0151"},"content":{"rendered":"<p>DS935LSN@01<br \/>\nLSN\/LSNi hurokra telep\u00edthet\u0151 cser\u00e9lhet\u0151 t\u00fck\u00f6roptik\u00e1val rendelkez\u0151 mozg\u00e1s\u00e9rz\u00e9kel\u0151. Kompatibilis pld a MAPxxxx professzion\u00e1lis behatol\u00e1s-jelz\u0151 k\u00f6zpontokkal.<br \/>\nA DS 935 LSN infrav\u00f6r\u00f6s mozg\u00e1s\u00e9rz\u00e9kel\u0151 ellen\u0151rzi a helyis\u00e9gekbe t\u00f6rt\u00e9n\u0151 jogosulatlan bel\u00e9p\u00e9st. PIR \u00e9rz\u00e9kel\u0151, 11 m\u00e9teres nagy l\u00e1t\u00f3sz\u00f6g\u0171 v\u00e1ltozat. 21 m\u00e9teres nagy hat\u00f3t\u00e1vols\u00e1g\u00fa v\u00e1ltozat nagy hat\u00f3t\u00e1vols\u00e1g\u00fa t\u00fck\u00f6rrel (opcion\u00e1lis)<br \/>\nTulajdons\u00e1gok:<br \/>\n&#8211; 11 m sz\u00e9les l\u00e1t\u00f3sz\u00f6g\u0171 \u00e9s 21 m f\u00fcgg\u00f6ny l\u00e1t\u00f3sz\u00f6g\u0171 t\u00fck\u00f6r-optika<br \/>\n&#8211; T\u00e1volr\u00f3l vez\u00e9relhet\u0151 riaszt\u00e1si \u00e9s s\u00e9tateszt led<br \/>\n&#8211; LSN vez\u00e9rl\u0151r\u0151l programozhat\u00f3<br \/>\n&#8211; Riaszt\u00e1s, szabot\u00e1zs, \u00e9rz\u00e9kel\u00e9s, hiba&#8230; jelent\u00e9se vezet\u00e9kes LSN hurkon<br \/>\n&#8211; Szabot\u00e1zs kapcsol\u00f3<\/p>\n","protected":false},"excerpt":{"rendered":"<p>Rendel\u00e9si k\u00f3d: F.01U.266.145<\/p>\n","protected":false},"featured_media":1018,"template":"","meta":[],"product_brand":[],"product_cat":[336],"product_tag":[25],"class_list":{"0":"post-1017","1":"product","2":"type-product","3":"status-publish","4":"has-post-thumbnail","6":"product_cat-lsn-erzekelok","7":"product_tag-bosch","9":"first","10":"instock","11":"taxable","12":"shipping-taxable","13":"purchasable","14":"product-type-simple"},"jetpack_sharing_enabled":true,"_links":{"self":[{"href":"https:\/\/bpont.hu\/shop\/index.php\/wp-json\/wp\/v2\/product\/1017","targetHints":{"allow":["GET"]}}],"collection":[{"href":"https:\/\/bpont.hu\/shop\/index.php\/wp-json\/wp\/v2\/product"}],"about":[{"href":"https:\/\/bpont.hu\/shop\/index.php\/wp-json\/wp\/v2\/types\/product"}],"version-history":[{"count":5,"href":"https:\/\/bpont.hu\/shop\/index.php\/wp-json\/wp\/v2\/product\/1017\/revisions"}],"predecessor-version":[{"id":7553,"href":"https:\/\/bpont.hu\/shop\/index.php\/wp-json\/wp\/v2\/product\/1017\/revisions\/7553"}],"wp:featuredmedia":[{"embeddable":true,"href":"https:\/\/bpont.hu\/shop\/index.php\/wp-json\/wp\/v2\/media\/1018"}],"wp:attachment":[{"href":"https:\/\/bpont.hu\/shop\/index.php\/wp-json\/wp\/v2\/media?parent=1017"}],"wp:term":[{"taxonomy":"product_brand","embeddable":true,"href":"https:\/\/bpont.hu\/shop\/index.php\/wp-json\/wp\/v2\/product_brand?post=1017"},{"taxonomy":"product_cat","embeddable":true,"href":"https:\/\/bpont.hu\/shop\/index.php\/wp-json\/wp\/v2\/product_cat?post=1017"},{"taxonomy":"product_tag","embeddable":true,"href":"https:\/\/bpont.hu\/shop\/index.php\/wp-json\/wp\/v2\/product_tag?post=1017"}],"curies":[{"name":"wp","href":"https:\/\/api.w.org\/{rel}","templated":true}]}}