{"id":1014,"date":"2025-06-27T11:12:05","date_gmt":"2025-06-27T10:12:05","guid":{"rendered":"https:\/\/bpont.shop.hu\/?post_type=product&#038;p=1014"},"modified":"2026-05-05T14:45:59","modified_gmt":"2026-05-05T12:45:59","slug":"rf3405e-radion-vezetek-nelkuli-erzekelo","status":"publish","type":"product","link":"https:\/\/bpont.hu\/shop\/index.php\/product\/rf3405e-radion-vezetek-nelkuli-erzekelo\/","title":{"rendered":"RF3405E<br>RADION Vezet\u00e9k n\u00e9lk\u00fcli \u00e9rz\u00e9kel\u0151"},"content":{"rendered":"<p>RF3405E<br \/>\nRADION nyit\u00e1s\u00e9rz\u00e9kel\u0151, k\u00fcls\u0151 kontaktus fogad\u00f3 \u00e9s rezg\u00e9s\u00e9rz\u00e9kel\u0151.<br \/>\nAz RF3405E vezet\u00e9k n\u00e9lk\u00fcli ad\u00f3k\u00e9sz\u00fcl\u00e9k tehetetlens\u00e9g\u00e9rz\u00e9kel\u0151vel, reed-kapcsol\u00f3val \u00e9s k\u00fcls\u0151 eszk\u00f6z fel\u00fcgyelt \u00e9rintkez\u0151j\u00e9r\u0151l \u00e9rkez\u0151 jel fogad\u00f3-k\u00e9pess\u00e9g\u00e9vel rendelkezik. Ajt\u00f3k, ablakok vagy m\u00e1s potenci\u00e1lmentes \u00e9rintkez\u0151t haszn\u00e1l\u00f3 eszk\u00f6z\u00f6k fel\u00fcgyelet\u00e9re alkalmas.<br \/>\nKompatibilis K\u00f6zpontok:<br \/>\n&#8211; AMAX3000\/4000<br \/>\n&#8211; Easy Series<br \/>\n&#8211; Solution Ultima (CC488)<br \/>\n&#8211; DS 7240<br \/>\n&#8211; DS 7400v4.1<br \/>\nTulajdons\u00e1gok:<br \/>\n&#8211; Az elemek alacsony t\u00f6lt\u00e9sszintj\u00e9re, illet\u00e9ktelen hozz\u00e1f\u00e9r\u00e9sre, illetve a felfogat\u00e1si fel\u00fcletr\u0151l val\u00f3 elt\u00e1vol\u00edt\u00e1sra ir\u00e1nyul\u00f3 szabot\u00e1zsfel\u00fcgyelet.<br \/>\n&#8211; Ak\u00e1r 5 \u00e9ves \u00fczemk\u00e9pess\u00e9g a k\u00e9t darab, felhaszn\u00e1l\u00f3 \u00e1ltal cser\u00e9lhet\u0151.<\/p>\n","protected":false},"excerpt":{"rendered":"<p>Rendel\u00e9si k\u00f3d: 4.998.126.451<\/p>\n","protected":false},"featured_media":1015,"template":"","meta":[],"product_brand":[],"product_cat":[328],"product_tag":[25],"class_list":{"0":"post-1014","1":"product","2":"type-product","3":"status-publish","4":"has-post-thumbnail","6":"product_cat-bg-series","7":"product_tag-bosch","9":"first","10":"instock","11":"taxable","12":"shipping-taxable","13":"purchasable","14":"product-type-simple"},"jetpack_sharing_enabled":true,"_links":{"self":[{"href":"https:\/\/bpont.hu\/shop\/index.php\/wp-json\/wp\/v2\/product\/1014","targetHints":{"allow":["GET"]}}],"collection":[{"href":"https:\/\/bpont.hu\/shop\/index.php\/wp-json\/wp\/v2\/product"}],"about":[{"href":"https:\/\/bpont.hu\/shop\/index.php\/wp-json\/wp\/v2\/types\/product"}],"version-history":[{"count":5,"href":"https:\/\/bpont.hu\/shop\/index.php\/wp-json\/wp\/v2\/product\/1014\/revisions"}],"predecessor-version":[{"id":7552,"href":"https:\/\/bpont.hu\/shop\/index.php\/wp-json\/wp\/v2\/product\/1014\/revisions\/7552"}],"wp:featuredmedia":[{"embeddable":true,"href":"https:\/\/bpont.hu\/shop\/index.php\/wp-json\/wp\/v2\/media\/1015"}],"wp:attachment":[{"href":"https:\/\/bpont.hu\/shop\/index.php\/wp-json\/wp\/v2\/media?parent=1014"}],"wp:term":[{"taxonomy":"product_brand","embeddable":true,"href":"https:\/\/bpont.hu\/shop\/index.php\/wp-json\/wp\/v2\/product_brand?post=1014"},{"taxonomy":"product_cat","embeddable":true,"href":"https:\/\/bpont.hu\/shop\/index.php\/wp-json\/wp\/v2\/product_cat?post=1014"},{"taxonomy":"product_tag","embeddable":true,"href":"https:\/\/bpont.hu\/shop\/index.php\/wp-json\/wp\/v2\/product_tag?post=1014"}],"curies":[{"name":"wp","href":"https:\/\/api.w.org\/{rel}","templated":true}]}}