{"id":1011,"date":"2025-06-27T11:12:05","date_gmt":"2025-06-27T10:12:05","guid":{"rendered":"https:\/\/bpont.shop.hu\/?post_type=product&#038;p=1011"},"modified":"2026-05-05T14:45:59","modified_gmt":"2026-05-05T12:45:59","slug":"rfbt-radion-vezetek-nelkuli-bankjegy-csapda","status":"publish","type":"product","link":"https:\/\/bpont.hu\/shop\/index.php\/product\/rfbt-radion-vezetek-nelkuli-bankjegy-csapda\/","title":{"rendered":"RFBT<br>RADION Vezet\u00e9k n\u00e9lk\u00fcli bankjegy csapda"},"content":{"rendered":"<p>RFBT<br \/>\nRADION specialty egy r\u00e1di\u00f3frekvenci\u00e1s (RF), vezet\u00e9k n\u00e9lk\u00fcli bankjegycsapda, amely rejtett v\u00e9delmet biztos\u00edt p\u00e9nz\u00fcgyi \u00e9s kereskedelmi l\u00e9tes\u00edtm\u00e9nyek sz\u00e1m\u00e1ra.<br \/>\nTulajdons\u00e1gok:<br \/>\n&#8211; \u00e9rz\u00e9kel\u0151 a bankjegy elt\u00e1vol\u00edt\u00e1s\u00e1t \u00e9s n\u00e9ma p\u00e1nikriaszt\u00e1si jelet k\u00fcld<br \/>\n&#8211; Ak\u00e1r 5 \u00e9ves \u00fczemk\u00e9pess\u00e9g mind\u00f6ssze egyetlen, a felhaszn\u00e1l\u00f3 \u00e1ltal cser\u00e9lhet\u0151 AAA m\u00e9ret\u0171 l\u00edtiumelem alkalmaz\u00e1s\u00e1val<br \/>\n&#8211; A karcs\u00fa profil\u00fa kivitelnek k\u00f6sz\u00f6nhet\u0151en a legt\u00f6bb p\u00e9nzt\u00e1rg\u00e9pfi\u00f3kba kiv\u00e1l\u00f3an illeszkedik<br \/>\n&#8211; Cs\u00fasz\u00f3, \u00f6nz\u00e1r\u00f3 burkolat az egyszer\u0171 telep\u00edt\u00e9s \u00e9rdek\u00e9ben<br \/>\n&#8211; Az elem alacson<br \/>\nKompatibilis K\u00f6zpontok:<br \/>\n&#8211; AMAX3000\/4000<\/p>\n","protected":false},"excerpt":{"rendered":"<p>Rendel\u00e9si k\u00f3d: F.01U.383.353<\/p>\n","protected":false},"featured_media":1012,"template":"","meta":[],"product_brand":[],"product_cat":[328],"product_tag":[25],"class_list":{"0":"post-1011","1":"product","2":"type-product","3":"status-publish","4":"has-post-thumbnail","6":"product_cat-bg-series","7":"product_tag-bosch","9":"first","10":"instock","11":"taxable","12":"shipping-taxable","13":"purchasable","14":"product-type-simple"},"jetpack_sharing_enabled":true,"_links":{"self":[{"href":"https:\/\/bpont.hu\/shop\/index.php\/wp-json\/wp\/v2\/product\/1011","targetHints":{"allow":["GET"]}}],"collection":[{"href":"https:\/\/bpont.hu\/shop\/index.php\/wp-json\/wp\/v2\/product"}],"about":[{"href":"https:\/\/bpont.hu\/shop\/index.php\/wp-json\/wp\/v2\/types\/product"}],"version-history":[{"count":5,"href":"https:\/\/bpont.hu\/shop\/index.php\/wp-json\/wp\/v2\/product\/1011\/revisions"}],"predecessor-version":[{"id":7551,"href":"https:\/\/bpont.hu\/shop\/index.php\/wp-json\/wp\/v2\/product\/1011\/revisions\/7551"}],"wp:featuredmedia":[{"embeddable":true,"href":"https:\/\/bpont.hu\/shop\/index.php\/wp-json\/wp\/v2\/media\/1012"}],"wp:attachment":[{"href":"https:\/\/bpont.hu\/shop\/index.php\/wp-json\/wp\/v2\/media?parent=1011"}],"wp:term":[{"taxonomy":"product_brand","embeddable":true,"href":"https:\/\/bpont.hu\/shop\/index.php\/wp-json\/wp\/v2\/product_brand?post=1011"},{"taxonomy":"product_cat","embeddable":true,"href":"https:\/\/bpont.hu\/shop\/index.php\/wp-json\/wp\/v2\/product_cat?post=1011"},{"taxonomy":"product_tag","embeddable":true,"href":"https:\/\/bpont.hu\/shop\/index.php\/wp-json\/wp\/v2\/product_tag?post=1011"}],"curies":[{"name":"wp","href":"https:\/\/api.w.org\/{rel}","templated":true}]}}