{"id":1002,"date":"2025-06-27T11:12:04","date_gmt":"2025-06-27T10:12:04","guid":{"rendered":"https:\/\/bpont.shop.hu\/?post_type=product&#038;p=1002"},"modified":"2026-05-05T14:45:59","modified_gmt":"2026-05-05T12:45:59","slug":"rfgb-radion-vezetek-nelkuli-uvegtores-erzekelo","status":"publish","type":"product","link":"https:\/\/bpont.hu\/shop\/index.php\/product\/rfgb-radion-vezetek-nelkuli-uvegtores-erzekelo\/","title":{"rendered":"RFGB<br>RADION Vezet\u00e9k n\u00e9lk\u00fcli \u00fcvegt\u00f6r\u00e9s \u00e9rz\u00e9kel\u0151"},"content":{"rendered":"<p>RFGB<br \/>\nRADION glassbreak egy vezet\u00e9k n\u00e9lk\u00fcli \u00e9rz\u00e9kel\u0151, amely az \u00fcvegt\u00f6r\u00e9st \u00e9rz\u00e9kel\u0151. Egy szabot\u00e1zskapcsol\u00f3val \u00e9s gy\u00e1rilag el\u0151re be\u00e1ll\u00edtott \u00fcvegt\u00f6r\u00e9s-\u00e9rz\u00e9kenys\u00e9gi be\u00e1ll\u00edt\u00e1sokkal rendelkezik.<br \/>\nAmikor t\u00e1rgy \u00fctk\u00f6zik az \u00fcvegnek, az elnyeli az \u00fct\u00e9st, \u00e9s alacsony frekvenci\u00e1j\u00fa hangnyom\u00e1s-hull\u00e1mot bocs\u00e1t ki, ezt nevezz\u00fck rugalmas hull\u00e1mnak. Ha t\u00fal er\u0151s az \u00fct\u00e9s, az \u00fcveg \u00f6sszet\u00f6rik, \u00e9s magas frekvenci\u00e1j\u00fa hangjelet bocs\u00e1t ki. Egy megsz\u00f3lal\u00f3 cseng\u0151 vagy elt\u00f6rt v\u00e1za ugyan hasonl\u00f3 hangjelet eredm\u00e9nyez, rugalmas hull\u00e1m azonban nem j\u00f6n l\u00e9tre. Az \u00fcvegt\u00f6r\u00e9s-\u00e9rz\u00e9kel\u0151 el\u0151sz\u00f6r a rugalmas hull\u00e1mot \u00e9rz\u00e9kel\u0151, \u00e9s csak ezt k\u00f6vet\u0151en a hangjelet, ezzel lecs\u00f6kkenti a puszt\u00e1n magas frekvenci\u00e1j\u00fa hangjeleket produk\u00e1l\u00f3 t\u00e1rgyak miatti t\u00e9ves riaszt\u00e1s vesz\u00e9ly\u00e9t. Az \u00fcvegt\u00f6r\u00e9s-\u00e9rz\u00e9kel\u0151 \u00e9rz\u00e9kel\u0151 a s\u00edk, h\u0151kezelt, huzalozott \u00e9s r\u00e9tegelt t\u00edpus\u00fa \u00fcvegek t\u00f6r\u00e9s\u00e9t legfeljebb 6,4 mm vastags\u00e1gig red\u0151ny\u00f6k\u00f6n \u00e9s k\u00f6nny\u0171, egyr\u00e9teg\u0171 f\u00fcgg\u00f6ny\u00f6k\u00f6n kereszt\u00fcl. Az \u00fcvegt\u00f6r\u00e9s-\u00e9rz\u00e9kel\u0151ben tal\u00e1lhat\u00f3 tetsz\u0151leges ir\u00e1ny\u00fa mikrofon \u00e9rz\u00e9kel\u0151 a hangjelet 360 fokos sug\u00e1rban, \u00edgy remek, akusztikus \u00e9rz\u00e9kel\u0151st \u00e9s megfigyel\u00e9st tesz lehet\u0151v\u00e9.<br \/>\nKompatibilis K\u00f6zpontok:<br \/>\n&#8211; AMAX3000\/4000<br \/>\n&#8211; Easy Series<br \/>\n&#8211; Solution Ultima (CC488)<br \/>\n&#8211; DS 7240<br \/>\n&#8211; DS 7400v4.1<br \/>\nTulajdons\u00e1gok:<br \/>\n&#8211; Duplafrekvenci\u00e1s akusztik\u00e1n alapul\u00f3 \u00e9rz\u00e9kel\u0151si technol\u00f3gia<br \/>\n&#8211; Cs\u00fasztathat\u00f3, \u00f6nz\u00e1r\u00f3 burkolat az egyszer\u0171 telep\u00edt\u00e9s \u00e9rdek\u00e9ben<br \/>\n&#8211; Ak\u00e1r 5 \u00e9ves \u00fczemk\u00e9pess\u00e9g mind\u00f6ssze egyetlen, a felhaszn\u00e1l\u00f3 \u00e1ltal cser\u00e9lhet\u0151 CR123A l\u00edtiumelem alkalmaz\u00e1s\u00e1val<br \/>\n&#8211; Az elem alacsony t\u00f6lt\u00e9sszintj\u00e9re, a fed\u00e9l megs\u00e9rt\u00e9s\u00e9re, illetve a felfogat\u00e1si fel\u00fcletr\u0151l val\u00f3 elt\u00e1vol\u00edt\u00e1sra ir\u00e1nyul\u00f3 szabot\u00e1zsfel\u00fcgyeletKompatibilis K\u00f6zpontok:<br \/>\n&#8211; AMAX3000\/4000<br \/>\n&#8211; Easy Series<br \/>\n&#8211; Solution Ultima (CC488)<br \/>\n&#8211; DS 7240<br \/>\n&#8211; DS 7400<\/p>\n","protected":false},"excerpt":{"rendered":"<p>Rendel\u00e9si k\u00f3d: F.01U.383.288<\/p>\n","protected":false},"featured_media":1003,"template":"","meta":[],"product_brand":[],"product_cat":[328],"product_tag":[25],"class_list":{"0":"post-1002","1":"product","2":"type-product","3":"status-publish","4":"has-post-thumbnail","6":"product_cat-bg-series","7":"product_tag-bosch","9":"first","10":"instock","11":"taxable","12":"shipping-taxable","13":"purchasable","14":"product-type-simple"},"jetpack_sharing_enabled":true,"_links":{"self":[{"href":"https:\/\/bpont.hu\/shop\/index.php\/wp-json\/wp\/v2\/product\/1002","targetHints":{"allow":["GET"]}}],"collection":[{"href":"https:\/\/bpont.hu\/shop\/index.php\/wp-json\/wp\/v2\/product"}],"about":[{"href":"https:\/\/bpont.hu\/shop\/index.php\/wp-json\/wp\/v2\/types\/product"}],"version-history":[{"count":5,"href":"https:\/\/bpont.hu\/shop\/index.php\/wp-json\/wp\/v2\/product\/1002\/revisions"}],"predecessor-version":[{"id":7548,"href":"https:\/\/bpont.hu\/shop\/index.php\/wp-json\/wp\/v2\/product\/1002\/revisions\/7548"}],"wp:featuredmedia":[{"embeddable":true,"href":"https:\/\/bpont.hu\/shop\/index.php\/wp-json\/wp\/v2\/media\/1003"}],"wp:attachment":[{"href":"https:\/\/bpont.hu\/shop\/index.php\/wp-json\/wp\/v2\/media?parent=1002"}],"wp:term":[{"taxonomy":"product_brand","embeddable":true,"href":"https:\/\/bpont.hu\/shop\/index.php\/wp-json\/wp\/v2\/product_brand?post=1002"},{"taxonomy":"product_cat","embeddable":true,"href":"https:\/\/bpont.hu\/shop\/index.php\/wp-json\/wp\/v2\/product_cat?post=1002"},{"taxonomy":"product_tag","embeddable":true,"href":"https:\/\/bpont.hu\/shop\/index.php\/wp-json\/wp\/v2\/product_tag?post=1002"}],"curies":[{"name":"wp","href":"https:\/\/api.w.org\/{rel}","templated":true}]}}