{"id":9005,"date":"2025-08-25T10:01:30","date_gmt":"2025-08-25T09:01:30","guid":{"rendered":"https:\/\/bpont.hu\/shop\/?page_id=9005"},"modified":"2026-03-03T12:54:58","modified_gmt":"2026-03-03T10:54:58","slug":"szerviz-igenyles","status":"publish","type":"page","link":"https:\/\/bpont.hu\/shop\/index.php\/szerviz-igenyles\/","title":{"rendered":"Szerviz ig\u00e9nyl\u00e9s"},"content":{"rendered":"\t\t<div data-elementor-type=\"wp-page\" data-elementor-id=\"9005\" class=\"elementor elementor-9005\">\n\t\t\t\t<div class=\"elementor-element elementor-element-0275d24 e-flex e-con-boxed e-con e-parent\" data-id=\"0275d24\" data-element_type=\"container\" data-e-type=\"container\">\n\t\t\t\t\t<div class=\"e-con-inner\">\n\t\t\t\t<div class=\"elementor-element elementor-element-6065bfa elementor-widget elementor-widget-wpforms\" data-id=\"6065bfa\" data-element_type=\"widget\" data-e-type=\"widget\" data-widget_type=\"wpforms.default\">\n\t\t\t\t<div class=\"elementor-widget-container\">\n\t\t\t\t\t<div class=\"wpforms-container wpforms-container-full wpforms-render-modern\" id=\"wpforms-9825\"><form id=\"wpforms-form-9825\" class=\"wpforms-validate wpforms-form wpforms-ajax-form\" data-formid=\"9825\" method=\"post\" enctype=\"multipart\/form-data\" action=\"\/shop\/index.php\/wp-json\/wp\/v2\/pages\/9005\" data-token=\"7b508492bd6e8da03470138bed36872c\" data-token-time=\"1776979054\"><noscript class=\"wpforms-error-noscript\">Please enable JavaScript in your browser to complete this form.<\/noscript><div id=\"wpforms-error-noscript\" style=\"display: none;\">Please enable JavaScript in your browser to complete this form.<\/div><div class=\"wpforms-field-container\"><div id=\"wpforms-9825-field_1-container\" class=\"wpforms-field wpforms-field-name\" data-field-id=\"1\"><label class=\"wpforms-field-label\" for=\"wpforms-9825-field_1\">N\u00e9v <span class=\"wpforms-required-label\" aria-hidden=\"true\">*<\/span><\/label><input type=\"text\" id=\"wpforms-9825-field_1\" class=\"wpforms-field-medium wpforms-field-required\" name=\"wpforms[fields][1]\" aria-errormessage=\"wpforms-9825-field_1-error\" required><\/div><div id=\"wpforms-9825-field_2-container\" class=\"wpforms-field wpforms-field-email\" data-field-id=\"2\"><label class=\"wpforms-field-label\" for=\"wpforms-9825-field_2\">Email <span class=\"wpforms-required-label\" aria-hidden=\"true\">*<\/span><\/label><input type=\"email\" id=\"wpforms-9825-field_2\" class=\"wpforms-field-medium wpforms-field-required\" name=\"wpforms[fields][2]\" spellcheck=\"false\" aria-errormessage=\"wpforms-9825-field_2-error\" required><\/div><div id=\"wpforms-9825-field_10-container\" class=\"wpforms-field wpforms-field-text\" data-field-id=\"10\"><label class=\"wpforms-field-label\" for=\"wpforms-9825-field_10\">Telefonsz\u00e1m <span class=\"wpforms-required-label\" aria-hidden=\"true\">*<\/span><\/label><input type=\"text\" id=\"wpforms-9825-field_10\" class=\"wpforms-field-medium wpforms-field-required\" name=\"wpforms[fields][10]\" aria-errormessage=\"wpforms-9825-field_10-error\" aria-describedby=\"wpforms-9825-field_10-description\" required><div id=\"wpforms-9825-field_10-description\" class=\"wpforms-field-description\">Csak sz\u00e1mokat \u00edrj be! pl.: 06209123456<\/div><\/div><div id=\"wpforms-9825-field_13-container\" class=\"wpforms-field wpforms-field-text\" data-field-id=\"13\"><label class=\"wpforms-field-label\" for=\"wpforms-9825-field_13\">Term\u00e9k cikksz\u00e1ma <span class=\"wpforms-required-label\" aria-hidden=\"true\">*<\/span><\/label><input type=\"text\" id=\"wpforms-9825-field_13\" class=\"wpforms-field-medium wpforms-field-required\" name=\"wpforms[fields][13]\" aria-errormessage=\"wpforms-9825-field_13-error\" aria-describedby=\"wpforms-9825-field_13-description\" required><div id=\"wpforms-9825-field_13-description\" class=\"wpforms-field-description\">\u00cdrja be a term\u00e9ken tal\u00e1lhat\u00f3 cikksz\u00e1mot. Pl.: Flm-420-RV-S \/ FPE-8000-PPC \/ NZM 0002 A<\/div><\/div>\t\t<div id=\"wpforms-9825-field_3-container\"\n\t\t\tclass=\"wpforms-field wpforms-field-text\"\n\t\t\tdata-field-type=\"text\"\n\t\t\tdata-field-id=\"3\"\n\t\t\t>\n\t\t\t<label class=\"wpforms-field-label\" for=\"wpforms-9825-field_3\" >vagy sorozatsz\u00e1ma, cikksz\u00e1ma<\/label>\n\t\t\t<input type=\"text\" id=\"wpforms-9825-field_3\" class=\"wpforms-field-medium\" name=\"wpforms[fields][3]\" >\n\t\t<\/div>\n\t\t<div id=\"wpforms-9825-field_15-container\" class=\"wpforms-field wpforms-field-text\" data-field-id=\"15\"><label class=\"wpforms-field-label\" for=\"wpforms-9825-field_15\">Term\u00e9k sorozatsz\u00e1ma, vagy LOT sz\u00e1ma <span class=\"wpforms-required-label\" aria-hidden=\"true\">*<\/span><\/label><input type=\"text\" id=\"wpforms-9825-field_15\" class=\"wpforms-field-medium wpforms-field-required\" name=\"wpforms[fields][15]\" aria-errormessage=\"wpforms-9825-field_15-error\" aria-describedby=\"wpforms-9825-field_15-description\" required><div id=\"wpforms-9825-field_15-description\" class=\"wpforms-field-description\">\u00cdrja be a term\u00e9ken tal\u00e1lhat\u00f3 S\/N:xxxxxxxxxxxxx vagy LOT xxxxx sz\u00e1mot.<\/div><\/div><div id=\"wpforms-9825-field_9-container\" class=\"wpforms-field wpforms-field-textarea\" data-field-id=\"9\"><label class=\"wpforms-field-label\" for=\"wpforms-9825-field_9\">Hiba le\u00edr\u00e1sa <span class=\"wpforms-required-label\" aria-hidden=\"true\">*<\/span><\/label><textarea id=\"wpforms-9825-field_9\" class=\"wpforms-field-medium wpforms-field-required\" name=\"wpforms[fields][9]\" aria-errormessage=\"wpforms-9825-field_9-error\" aria-describedby=\"wpforms-9825-field_9-description\" required><\/textarea><div id=\"wpforms-9825-field_9-description\" class=\"wpforms-field-description\">A lehet\u0151 legpontosabb le\u00edr\u00e1st k\u00e9rj\u00fck, a szerviz t\u00e1j\u00e9koztat\u00e1s\u00e1ra.<\/div><\/div><script>\n\t\t\t\t( function() {\n\t\t\t\t\tconst style = document.createElement( 'style' );\n\t\t\t\t\tstyle.appendChild( document.createTextNode( '#wpforms-9825-field_3-container { position: absolute !important; overflow: hidden !important; display: inline !important; height: 1px !important; width: 1px !important; z-index: -1000 !important; padding: 0 !important; } #wpforms-9825-field_3-container input { visibility: hidden; } #wpforms-conversational-form-page #wpforms-9825-field_3-container label { counter-increment: none; }' ) );\n\t\t\t\t\tdocument.head.appendChild( style );\n\t\t\t\t\tdocument.currentScript?.remove();\n\t\t\t\t} )();\n\t\t\t<\/script><\/div><!-- .wpforms-field-container --><div class=\"wpforms-submit-container\" ><input type=\"hidden\" name=\"wpforms[id]\" value=\"9825\"><input type=\"hidden\" name=\"page_title\" value=\"\"><input type=\"hidden\" name=\"page_url\" value=\"https:\/\/bpont.hu\/shop\/index.php\/wp-json\/wp\/v2\/pages\/9005\"><input type=\"hidden\" name=\"url_referer\" value=\"\"><button type=\"submit\" name=\"wpforms[submit]\" id=\"wpforms-submit-9825\" class=\"wpforms-submit\" data-alt-text=\"K\u00fcld\u00e9s...\" data-submit-text=\"Elk\u00fcld\u00f6m\" aria-live=\"assertive\" value=\"wpforms-submit\">Elk\u00fcld\u00f6m<\/button><img decoding=\"async\" src=\"https:\/\/bpont.hu\/shop\/wp-content\/plugins\/wpforms-lite\/assets\/images\/submit-spin.svg\" class=\"wpforms-submit-spinner\" style=\"display: none;\" width=\"26\" height=\"26\" alt=\"Loading\"><\/div><\/form><\/div>  <!-- .wpforms-container -->\t\t\t\t<\/div>\n\t\t\t\t<\/div>\n\t\t\t\t\t<\/div>\n\t\t\t\t<\/div>\n\t\t\t\t<\/div>\n\t\t","protected":false},"excerpt":{"rendered":"<p>Please enable JavaScript in your browser to complete this form.Please enable JavaScript in your browser to complete this form.N\u00e9v *Email *\u00dczenet *A lehet\u0151 legpontosabb le\u00edr\u00e1s a hiba beazonos\u00edt\u00e1sa \u00e9rdek\u00e9ben. Elk\u00fcld\u00f6m<\/p>\n","protected":false},"author":6,"featured_media":0,"parent":0,"menu_order":0,"comment_status":"closed","ping_status":"closed","template":"","meta":{"footnotes":""},"class_list":["post-9005","page","type-page","status-publish","hentry"],"jetpack_sharing_enabled":true,"_links":{"self":[{"href":"https:\/\/bpont.hu\/shop\/index.php\/wp-json\/wp\/v2\/pages\/9005","targetHints":{"allow":["GET"]}}],"collection":[{"href":"https:\/\/bpont.hu\/shop\/index.php\/wp-json\/wp\/v2\/pages"}],"about":[{"href":"https:\/\/bpont.hu\/shop\/index.php\/wp-json\/wp\/v2\/types\/page"}],"author":[{"embeddable":true,"href":"https:\/\/bpont.hu\/shop\/index.php\/wp-json\/wp\/v2\/users\/6"}],"replies":[{"embeddable":true,"href":"https:\/\/bpont.hu\/shop\/index.php\/wp-json\/wp\/v2\/comments?post=9005"}],"version-history":[{"count":35,"href":"https:\/\/bpont.hu\/shop\/index.php\/wp-json\/wp\/v2\/pages\/9005\/revisions"}],"predecessor-version":[{"id":9846,"href":"https:\/\/bpont.hu\/shop\/index.php\/wp-json\/wp\/v2\/pages\/9005\/revisions\/9846"}],"wp:attachment":[{"href":"https:\/\/bpont.hu\/shop\/index.php\/wp-json\/wp\/v2\/media?parent=9005"}],"curies":[{"name":"wp","href":"https:\/\/api.w.org\/{rel}","templated":true}]}}