{"id":8598,"date":"2025-08-08T14:05:25","date_gmt":"2025-08-08T13:05:25","guid":{"rendered":"https:\/\/bpont.hu\/shop\/?page_id=8598"},"modified":"2026-03-04T14:24:00","modified_gmt":"2026-03-04T12:24:00","slug":"akciok","status":"publish","type":"page","link":"https:\/\/bpont.hu\/shop\/index.php\/akciok\/","title":{"rendered":"Akci\u00f3k"},"content":{"rendered":"\t\t<div data-elementor-type=\"wp-page\" data-elementor-id=\"8598\" class=\"elementor elementor-8598\">\n\t\t\t\t<div class=\"elementor-element elementor-element-e00578d e-flex e-con-boxed e-con e-parent\" data-id=\"e00578d\" data-element_type=\"container\" data-e-type=\"container\">\n\t\t\t\t\t<div class=\"e-con-inner\">\n\t\t\t\t\t<\/div>\n\t\t\t\t<\/div>\n\t\t<div class=\"elementor-element elementor-element-c585fa0 e-flex e-con-boxed e-con e-parent\" data-id=\"c585fa0\" data-element_type=\"container\" data-e-type=\"container\">\n\t\t\t\t\t<div class=\"e-con-inner\">\n\t\t\t\t<div class=\"elementor-element elementor-element-fd4dd2e elementor-widget elementor-widget-shortcode\" data-id=\"fd4dd2e\" data-element_type=\"widget\" data-e-type=\"widget\" data-widget_type=\"shortcode.default\">\n\t\t\t\t<div class=\"elementor-widget-container\">\n\t\t\t\t\t\t\t<div class=\"elementor-shortcode\"><div class=\"woocommerce columns-4 \"><div class=\"woocommerce-notices-wrapper\"><\/div><div id=\"product_wrapper\" class=\"products kt-masonry-init rowtight shopcolumn4 shopsidebarwidth\" data-masonry-selector=\".kad_product\"><div class=\"product type-product post-9885 status-publish first instock product_cat-uncategorized has-post-thumbnail sale taxable shipping-taxable purchasable product-type-simple tcol-md-3 tcol-sm-4 tcol-xs-6 tcol-ss-12 kad_product\">\n\t<div class=\"grid_item product_item clearfix\"><a href=\"https:\/\/bpont.hu\/shop\/index.php\/product\/ds12-12ah-zseles-akkumulator-12v-7ah\/\" class=\"product_item_link product_img_link\">\n\t<span class=\"onsale bg_primary headerfont\">Sale!<\/span>\n \n\t\t\t\t\t<img fetchpriority=\"high\" decoding=\"async\" width=\"268\" height=\"268\" src=\"https:\/\/bpont.hu\/shop\/wp-content\/uploads\/2026\/03\/ds12-7AH-268x268.png\" srcset=\"https:\/\/bpont.hu\/shop\/wp-content\/uploads\/2026\/03\/ds12-7AH-268x268.png 268w, https:\/\/bpont.hu\/shop\/wp-content\/uploads\/2026\/03\/ds12-7AH-150x150.png 150w, https:\/\/bpont.hu\/shop\/wp-content\/uploads\/2026\/03\/ds12-7AH-300x300.png 300w, https:\/\/bpont.hu\/shop\/wp-content\/uploads\/2026\/03\/ds12-7AH-100x100.png 100w, https:\/\/bpont.hu\/shop\/wp-content\/uploads\/2026\/03\/ds12-7AH-536x536.png 536w, https:\/\/bpont.hu\/shop\/wp-content\/uploads\/2026\/03\/ds12-7AH-458x458.png 458w, https:\/\/bpont.hu\/shop\/wp-content\/uploads\/2026\/03\/ds12-7AH-365x365.png 365w\" sizes=\"(max-width: 268px) 100vw, 268px\" class=\"attachment-shop_catalog size-268x268 wp-post-image\" alt=\"DS12-12AH &lt;br&gt;Zsel\u00e9s akkumul\u00e1tor 12V\/7AH\">\n\t\t\t\t\t<\/a><div class=\"details_product_item\"><div class=\"product_details\"><a href=\"https:\/\/bpont.hu\/shop\/index.php\/product\/ds12-12ah-zseles-akkumulator-12v-7ah\/\" class=\"product_item_link\"><h5>DS12-12AH <br>Zsel\u00e9s akkumul\u00e1tor 12V\/7AH<\/h5><\/a>\t\t\t<div class=\"product_excerpt\">\n\t\t\t\t\t\t\t<\/div>\n\t\t<\/div>\n\t<span class=\"product_price headerfont\"><del aria-hidden=\"true\"><span class=\"woocommerce-Price-amount amount\"><bdi>5 988&nbsp;<span class=\"woocommerce-Price-currencySymbol\">&#70;&#116;<\/span><\/bdi><\/span><\/del> <span class=\"screen-reader-text\">Original price was: 5 988&nbsp;&#070;&#116;.<\/span><ins aria-hidden=\"true\"><span class=\"woocommerce-Price-amount amount\"><bdi>4 740&nbsp;<span class=\"woocommerce-Price-currencySymbol\">&#70;&#116;<\/span><\/bdi><\/span><\/ins><span class=\"screen-reader-text\">Current price is: 4 740&nbsp;&#070;&#116;.<\/span><\/span>\n<a href=\"\/shop\/index.php\/wp-json\/wp\/v2\/pages\/8598?add-to-cart=9885\" aria-describedby=\"woocommerce_loop_add_to_cart_link_describedby_9885\" data-quantity=\"1\" class=\"button product_type_simple add_to_cart_button ajax_add_to_cart kad-btn headerfont kad_add_to_cart\" data-product_id=\"9885\" data-product_sku=\"\" aria-label=\"Kos\u00e1rba: &ldquo;DS12-12AH Zsel\u00e9s akkumul\u00e1tor 12V\/7AH&rdquo;\" rel=\"nofollow\" data-success_message=\"&ldquo;DS12-12AH &lt;br&gt;Zsel\u00e9s akkumul\u00e1tor 12V\/7AH&rdquo; has been added to your cart\" role=\"button\">Kos\u00e1rba teszem<\/a>\t<span id=\"woocommerce_loop_add_to_cart_link_describedby_9885\" class=\"screen-reader-text\">\n\t\t\t<\/span>\n<\/div><\/div><\/div>\n<div class=\"product type-product post-2816 status-publish instock product_cat-mozgaserzekelok product_tag-bosch has-post-thumbnail sale taxable shipping-taxable purchasable product-type-simple tcol-md-3 tcol-sm-4 tcol-xs-6 tcol-ss-12 kad_product\">\n\t<div class=\"grid_item product_item clearfix\"><a href=\"https:\/\/bpont.hu\/shop\/index.php\/product\/isc-bdl2-wp12ge-blue-line-gen2-pirmw-mozgaserzekelo-kisallat-immunitassal-12-m\/\" class=\"product_item_link product_img_link\">\n\t<span class=\"onsale bg_primary headerfont\">Sale!<\/span>\n \n\t\t\t\t\t<img decoding=\"async\" width=\"268\" height=\"268\" src=\"https:\/\/bpont.hu\/shop\/wp-content\/uploads\/2025\/06\/isc_bpr2_w12-268x268.png\" srcset=\"https:\/\/bpont.hu\/shop\/wp-content\/uploads\/2025\/06\/isc_bpr2_w12-268x268.png 268w, https:\/\/bpont.hu\/shop\/wp-content\/uploads\/2025\/06\/isc_bpr2_w12-536x536.png 536w, https:\/\/bpont.hu\/shop\/wp-content\/uploads\/2025\/06\/isc_bpr2_w12-300x300.png 300w, https:\/\/bpont.hu\/shop\/wp-content\/uploads\/2025\/06\/isc_bpr2_w12-458x458.png 458w\" sizes=\"(max-width: 268px) 100vw, 268px\" class=\"attachment-shop_catalog size-268x268 wp-post-image\" alt=\"ISC-BDL2-WP12GE&lt;br&gt;Blue Line Gen2 PIR+MW mozg\u00e1s\u00e9rz\u00e9kel\u0151 kis\u00e1llat-immunit\u00e1ssal 12 m\">\n\t\t\t\t\t<\/a><div class=\"details_product_item\"><div class=\"product_details\"><a href=\"https:\/\/bpont.hu\/shop\/index.php\/product\/isc-bdl2-wp12ge-blue-line-gen2-pirmw-mozgaserzekelo-kisallat-immunitassal-12-m\/\" class=\"product_item_link\"><h5>ISC-BDL2-WP12GE<br>Blue Line Gen2 PIR+MW mozg\u00e1s\u00e9rz\u00e9kel\u0151 kis\u00e1llat-immunit\u00e1ssal 12 m<\/h5><\/a>\t\t\t<div class=\"product_excerpt\">\n\t\t\t\tRendel\u00e9si k\u00f3d: F.01U.366.598\t\t\t<\/div>\n\t\t<\/div>\n\t<span class=\"product_price headerfont\"><del aria-hidden=\"true\"><span class=\"woocommerce-Price-amount amount\"><bdi>21 910&nbsp;<span class=\"woocommerce-Price-currencySymbol\">&#70;&#116;<\/span><\/bdi><\/span><\/del> <span class=\"screen-reader-text\">Original price was: 21 910&nbsp;&#070;&#116;.<\/span><ins aria-hidden=\"true\"><span class=\"woocommerce-Price-amount amount\"><bdi>11 490&nbsp;<span class=\"woocommerce-Price-currencySymbol\">&#70;&#116;<\/span><\/bdi><\/span><\/ins><span class=\"screen-reader-text\">Current price is: 11 490&nbsp;&#070;&#116;.<\/span><\/span>\n<a href=\"\/shop\/index.php\/wp-json\/wp\/v2\/pages\/8598?add-to-cart=2816\" aria-describedby=\"woocommerce_loop_add_to_cart_link_describedby_2816\" data-quantity=\"1\" class=\"button product_type_simple add_to_cart_button ajax_add_to_cart kad-btn headerfont kad_add_to_cart\" data-product_id=\"2816\" data-product_sku=\"ISC-BDL2-WP12GE\" aria-label=\"Kos\u00e1rba: &ldquo;ISC-BDL2-WP12GEBlue Line Gen2 PIR+MW mozg\u00e1s\u00e9rz\u00e9kel\u0151 kis\u00e1llat-immunit\u00e1ssal 12 m&rdquo;\" rel=\"nofollow\" data-success_message=\"&ldquo;ISC-BDL2-WP12GE&lt;br&gt;Blue Line Gen2 PIR+MW mozg\u00e1s\u00e9rz\u00e9kel\u0151 kis\u00e1llat-immunit\u00e1ssal 12 m&rdquo; has been added to your cart\" role=\"button\">Kos\u00e1rba teszem<\/a>\t<span id=\"woocommerce_loop_add_to_cart_link_describedby_2816\" class=\"screen-reader-text\">\n\t\t\t<\/span>\n<\/div><\/div><\/div>\n<div class=\"product type-product post-804 status-publish instock product_cat-mozgaserzekelok product_tag-bosch has-post-thumbnail sale taxable shipping-taxable purchasable product-type-simple tcol-md-3 tcol-sm-4 tcol-xs-6 tcol-ss-12 kad_product\">\n\t<div class=\"grid_item product_item clearfix\"><a href=\"https:\/\/bpont.hu\/shop\/index.php\/product\/isc-bpr2-wp12-blue-line-gen2-pir-mozgaserzekelo-kisallat-immunitassal-12-m\/\" class=\"product_item_link product_img_link\">\n\t<span class=\"onsale bg_primary headerfont\">Sale!<\/span>\n \n\t\t\t\t\t<img decoding=\"async\" width=\"268\" height=\"268\" src=\"https:\/\/bpont.hu\/shop\/wp-content\/uploads\/2025\/06\/isc_bpr2_w12-268x268.png\" srcset=\"https:\/\/bpont.hu\/shop\/wp-content\/uploads\/2025\/06\/isc_bpr2_w12-268x268.png 268w, https:\/\/bpont.hu\/shop\/wp-content\/uploads\/2025\/06\/isc_bpr2_w12-536x536.png 536w, https:\/\/bpont.hu\/shop\/wp-content\/uploads\/2025\/06\/isc_bpr2_w12-300x300.png 300w, https:\/\/bpont.hu\/shop\/wp-content\/uploads\/2025\/06\/isc_bpr2_w12-458x458.png 458w\" sizes=\"(max-width: 268px) 100vw, 268px\" class=\"attachment-shop_catalog size-268x268 wp-post-image\" alt=\"ISC-BPR2-WP12&lt;br&gt;Blue Line Gen2 PIR mozg\u00e1s\u00e9rz\u00e9kel\u0151 kis\u00e1llat-immunit\u00e1ssal 12 m\">\n\t\t\t\t\t<\/a><div class=\"details_product_item\"><div class=\"product_details\"><a href=\"https:\/\/bpont.hu\/shop\/index.php\/product\/isc-bpr2-wp12-blue-line-gen2-pir-mozgaserzekelo-kisallat-immunitassal-12-m\/\" class=\"product_item_link\"><h5>ISC-BPR2-WP12<br>Blue Line Gen2 PIR mozg\u00e1s\u00e9rz\u00e9kel\u0151 kis\u00e1llat-immunit\u00e1ssal 12 m<\/h5><\/a>\t\t\t<div class=\"product_excerpt\">\n\t\t\t\tRendel\u00e9si k\u00f3d: F.01U.382.959\t\t\t<\/div>\n\t\t<\/div>\n\t<span class=\"product_price headerfont\"><del aria-hidden=\"true\"><span class=\"woocommerce-Price-amount amount\"><bdi>8 400&nbsp;<span class=\"woocommerce-Price-currencySymbol\">&#70;&#116;<\/span><\/bdi><\/span><\/del> <span class=\"screen-reader-text\">Original price was: 8 400&nbsp;&#070;&#116;.<\/span><ins aria-hidden=\"true\"><span class=\"woocommerce-Price-amount amount\"><bdi>4 790&nbsp;<span class=\"woocommerce-Price-currencySymbol\">&#70;&#116;<\/span><\/bdi><\/span><\/ins><span class=\"screen-reader-text\">Current price is: 4 790&nbsp;&#070;&#116;.<\/span><\/span>\n<a href=\"\/shop\/index.php\/wp-json\/wp\/v2\/pages\/8598?add-to-cart=804\" aria-describedby=\"woocommerce_loop_add_to_cart_link_describedby_804\" data-quantity=\"1\" class=\"button product_type_simple add_to_cart_button ajax_add_to_cart kad-btn headerfont kad_add_to_cart\" data-product_id=\"804\" data-product_sku=\"ISC-BPR2-WP12\" aria-label=\"Kos\u00e1rba: &ldquo;ISC-BPR2-WP12Blue Line Gen2 PIR mozg\u00e1s\u00e9rz\u00e9kel\u0151 kis\u00e1llat-immunit\u00e1ssal 12 m&rdquo;\" rel=\"nofollow\" data-success_message=\"&ldquo;ISC-BPR2-WP12&lt;br&gt;Blue Line Gen2 PIR mozg\u00e1s\u00e9rz\u00e9kel\u0151 kis\u00e1llat-immunit\u00e1ssal 12 m&rdquo; has been added to your cart\" role=\"button\">Kos\u00e1rba teszem<\/a>\t<span id=\"woocommerce_loop_add_to_cart_link_describedby_804\" class=\"screen-reader-text\">\n\t\t\t<\/span>\n<\/div><\/div><\/div>\n<\/div><\/div>\n<\/div>\n\t\t\t\t\t\t<\/div>\n\t\t\t\t<\/div>\n\t\t\t\t\t<\/div>\n\t\t\t\t<\/div>\n\t\t\t\t<\/div>\n\t\t","protected":false},"excerpt":{"rendered":"","protected":false},"author":6,"featured_media":0,"parent":0,"menu_order":0,"comment_status":"closed","ping_status":"closed","template":"","meta":{"footnotes":""},"class_list":["post-8598","page","type-page","status-publish","hentry"],"jetpack_sharing_enabled":true,"_links":{"self":[{"href":"https:\/\/bpont.hu\/shop\/index.php\/wp-json\/wp\/v2\/pages\/8598","targetHints":{"allow":["GET"]}}],"collection":[{"href":"https:\/\/bpont.hu\/shop\/index.php\/wp-json\/wp\/v2\/pages"}],"about":[{"href":"https:\/\/bpont.hu\/shop\/index.php\/wp-json\/wp\/v2\/types\/page"}],"author":[{"embeddable":true,"href":"https:\/\/bpont.hu\/shop\/index.php\/wp-json\/wp\/v2\/users\/6"}],"replies":[{"embeddable":true,"href":"https:\/\/bpont.hu\/shop\/index.php\/wp-json\/wp\/v2\/comments?post=8598"}],"version-history":[{"count":7,"href":"https:\/\/bpont.hu\/shop\/index.php\/wp-json\/wp\/v2\/pages\/8598\/revisions"}],"predecessor-version":[{"id":9884,"href":"https:\/\/bpont.hu\/shop\/index.php\/wp-json\/wp\/v2\/pages\/8598\/revisions\/9884"}],"wp:attachment":[{"href":"https:\/\/bpont.hu\/shop\/index.php\/wp-json\/wp\/v2\/media?parent=8598"}],"curies":[{"name":"wp","href":"https:\/\/api.w.org\/{rel}","templated":true}]}}