{"id":8595,"date":"2025-08-08T14:04:43","date_gmt":"2025-08-08T13:04:43","guid":{"rendered":"https:\/\/bpont.hu\/shop\/?page_id=8595"},"modified":"2026-03-03T12:00:52","modified_gmt":"2026-03-03T10:00:52","slug":"szerviz","status":"publish","type":"page","link":"https:\/\/bpont.hu\/shop\/index.php\/szerviz\/","title":{"rendered":"Szerviz"},"content":{"rendered":"\t\t<div data-elementor-type=\"wp-page\" data-elementor-id=\"8595\" class=\"elementor elementor-8595\">\n\t\t\t\t<div class=\"elementor-element elementor-element-0211071 e-flex e-con-boxed e-con e-parent\" data-id=\"0211071\" data-element_type=\"container\" data-e-type=\"container\">\n\t\t\t\t\t<div class=\"e-con-inner\">\n\t\t\t\t<div class=\"elementor-element elementor-element-e43b66f elementor-widget elementor-widget-heading\" data-id=\"e43b66f\" data-element_type=\"widget\" data-e-type=\"widget\" data-widget_type=\"heading.default\">\n\t\t\t\t<div class=\"elementor-widget-container\">\n\t\t\t\t\t<h1 class=\"elementor-heading-title elementor-size-default\">Szervizel\u00e9s 3 l\u00e9p\u00e9sben:<\/h1>\t\t\t\t<\/div>\n\t\t\t\t<\/div>\n\t\t\t\t\t<\/div>\n\t\t\t\t<\/div>\n\t\t<div class=\"elementor-element elementor-element-a4225d1 e-flex e-con-boxed e-con e-parent\" data-id=\"a4225d1\" data-element_type=\"container\" data-e-type=\"container\">\n\t\t\t\t\t<div class=\"e-con-inner\">\n\t\t<div class=\"elementor-element elementor-element-5bfa5fa e-con-full e-flex e-con e-child\" data-id=\"5bfa5fa\" data-element_type=\"container\" data-e-type=\"container\">\n\t\t\t\t<div class=\"elementor-element elementor-element-b0fa7ee elementor-widget elementor-widget-heading\" data-id=\"b0fa7ee\" data-element_type=\"widget\" data-e-type=\"widget\" data-widget_type=\"heading.default\">\n\t\t\t\t<div class=\"elementor-widget-container\">\n\t\t\t\t\t<h1 class=\"elementor-heading-title elementor-size-default\">1<\/h1>\t\t\t\t<\/div>\n\t\t\t\t<\/div>\n\t\t\t\t<\/div>\n\t\t<div class=\"elementor-element elementor-element-43cf30d e-con-full e-flex e-con e-child\" data-id=\"43cf30d\" data-element_type=\"container\" data-e-type=\"container\">\n\t\t\t\t<div class=\"elementor-element elementor-element-a1d12ca elementor-widget elementor-widget-text-editor\" data-id=\"a1d12ca\" data-element_type=\"widget\" data-e-type=\"widget\" data-widget_type=\"text-editor.default\">\n\t\t\t\t<div class=\"elementor-widget-container\">\n\t\t\t\t\t\t\t\t\t<p>Szervizel\u00e9s ig\u00e9nyl\u00e9s\u00e9hez els\u0151dlegesen ki kell t\u00f6lteni az <a href=\"https:\/\/bpont.hu\/shop\/index.php\/szerviz-igenyles\/\" target=\"_blank\" rel=\"noopener\"><span style=\"text-decoration: underline;\">ig\u00e9nyl\u0151 adatlapot<\/span><\/a>.<\/p><p>Garanci\u00e1lis, vagy garanci\u00e1n t\u00fali jav\u00edt\u00e1sokat is v\u00e1llalnak besz\u00e1ll\u00edt\u00f3ink, saj\u00e1t EU-n bel\u00fcli szervizekkel.\u00a0<\/p><p>A garanci\u00e1lis id\u0151szak lej\u00e1rt\u00e1val a term\u00e9keket k\u00fcl\u00f6n elsz\u00e1mol\u00e1s alapj\u00e1n jav\u00edtj\u00e1k, erre minden esetben egyedi aj\u00e1nlatot k\u00e9sz\u00edt\u00fcnk.\u00a0<\/p><p>K\u00fcld el sz\u00e1munkra a kit\u00f6lt\u00f6tt form\u00e1tumot \u00e9s v\u00e1rd meg a visszaigazol\u00e1st, melyben k\u00fcl\u00f6n k\u00e9rd\u00e9sei is lehetnek koll\u00e9g\u00e1nknak.<\/p><p>A &#8220;Hiba le\u00edr\u00e1s\u00e1t&#8221; k\u00e9rj\u00fck pontosan fogalmazd meg, mert ez alapj\u00e1n k\u00e9sz\u00fclhet az aj\u00e1nlat is. Amennyiben a &#8220;Nem m\u0171k\u00f6dik&#8221;, &#8220;Rossz&#8221; vagy meghat\u00e1rozhatatlan a le\u00edr\u00e1s, nem tudunk seg\u00edteni a jav\u00edt\u00e1sban, valamint aj\u00e1nlatot sem tudunk adni.<\/p>\t\t\t\t\t\t\t\t<\/div>\n\t\t\t\t<\/div>\n\t\t\t\t<\/div>\n\t\t\t\t\t<\/div>\n\t\t\t\t<\/div>\n\t\t<div class=\"elementor-element elementor-element-7b0ce02 e-flex e-con-boxed e-con e-parent\" data-id=\"7b0ce02\" data-element_type=\"container\" data-e-type=\"container\">\n\t\t\t\t\t<div class=\"e-con-inner\">\n\t\t<div class=\"elementor-element elementor-element-2f25b47 e-con-full e-flex e-con e-child\" data-id=\"2f25b47\" data-element_type=\"container\" data-e-type=\"container\">\n\t\t\t\t<div class=\"elementor-element elementor-element-86b6343 elementor-widget elementor-widget-heading\" data-id=\"86b6343\" data-element_type=\"widget\" data-e-type=\"widget\" data-widget_type=\"heading.default\">\n\t\t\t\t<div class=\"elementor-widget-container\">\n\t\t\t\t\t<h1 class=\"elementor-heading-title elementor-size-default\">2<\/h1>\t\t\t\t<\/div>\n\t\t\t\t<\/div>\n\t\t\t\t<\/div>\n\t\t<div class=\"elementor-element elementor-element-90cc788 e-con-full e-flex e-con e-child\" data-id=\"90cc788\" data-element_type=\"container\" data-e-type=\"container\">\n\t\t\t\t<div class=\"elementor-element elementor-element-11d3569 elementor-widget elementor-widget-text-editor\" data-id=\"11d3569\" data-element_type=\"widget\" data-e-type=\"widget\" data-widget_type=\"text-editor.default\">\n\t\t\t\t<div class=\"elementor-widget-container\">\n\t\t\t\t\t\t\t\t\t<p>Amennyiben minden felt\u00e9telt elfogatt\u00e1l, juttasd el a term\u00e9ket a bolti c\u00edm\u00fcnkre, vagy szem\u00e9lyesen.<\/p><p><br \/><a href=\"https:\/\/bpont.hu\/shop\/index.php\/elerhetoseg-es-informaciok\/\" target=\"_blank\" rel=\"noopener\">(El\u00e9rhet\u0151s\u00e9gek oldal)<\/a><\/p><p><br \/><a href=\"https:\/\/bpont.hu\/shop\/index.php\/elerhetoseg-es-informaciok\/\" target=\"_blank\" rel=\"noopener\"><span style=\"text-decoration: underline;\">\/\/<strong>\u00dczlet:<\/strong> 1034, Budapest, B\u00e9csi \u00fat 125.\/\/<\/span><\/a><\/p>\t\t\t\t\t\t\t\t<\/div>\n\t\t\t\t<\/div>\n\t\t\t\t<\/div>\n\t\t\t\t\t<\/div>\n\t\t\t\t<\/div>\n\t\t<div class=\"elementor-element elementor-element-4f4f10e e-flex e-con-boxed e-con e-parent\" data-id=\"4f4f10e\" data-element_type=\"container\" data-e-type=\"container\">\n\t\t\t\t\t<div class=\"e-con-inner\">\n\t\t<div class=\"elementor-element elementor-element-bfd910e e-con-full e-flex e-con e-child\" data-id=\"bfd910e\" data-element_type=\"container\" data-e-type=\"container\">\n\t\t\t\t<div class=\"elementor-element elementor-element-fe7ce15 elementor-widget elementor-widget-heading\" data-id=\"fe7ce15\" data-element_type=\"widget\" data-e-type=\"widget\" data-widget_type=\"heading.default\">\n\t\t\t\t<div class=\"elementor-widget-container\">\n\t\t\t\t\t<h1 class=\"elementor-heading-title elementor-size-default\">3<\/h1>\t\t\t\t<\/div>\n\t\t\t\t<\/div>\n\t\t\t\t<\/div>\n\t\t<div class=\"elementor-element elementor-element-ed4f375 e-con-full e-flex e-con e-child\" data-id=\"ed4f375\" data-element_type=\"container\" data-e-type=\"container\">\n\t\t\t\t<div class=\"elementor-element elementor-element-80e04e6 elementor-widget elementor-widget-text-editor\" data-id=\"80e04e6\" data-element_type=\"widget\" data-e-type=\"widget\" data-widget_type=\"text-editor.default\">\n\t\t\t\t<div class=\"elementor-widget-container\">\n\t\t\t\t\t\t\t\t\t<p>A szervizel\u00e9s megt\u00f6rt\u00e9nte ut\u00e1n \u00e9rtes\u00edt\u00e9st k\u00fcld\u00fcnk \u00e9s\/vagy telefonon \u00e9rtes\u00edtj\u00fck az \u00e1tv\u00e9tel lehet\u0151s\u00e9g\u00e9r\u0151l. (fut\u00e1r vagy szem\u00e9lyes \u00e1tv\u00e9tel)\u00a0<\/p><p><br \/>\/\/A garanci\u00e1lis \u00e9s nem garanci\u00e1lis term\u00e9kek fut\u00e1rral t\u00f6rt\u00e9n\u0151 sz\u00e1ll\u00edt\u00e1si k\u00f6lts\u00e9ge az \u00fcgyfelet terheli.\/\/<\/p><p>\u00a0<\/p>\t\t\t\t\t\t\t\t<\/div>\n\t\t\t\t<\/div>\n\t\t\t\t<\/div>\n\t\t\t\t\t<\/div>\n\t\t\t\t<\/div>\n\t\t<div class=\"elementor-element elementor-element-1e868ac e-flex e-con-boxed e-con e-parent\" data-id=\"1e868ac\" data-element_type=\"container\" data-e-type=\"container\">\n\t\t\t\t\t<div class=\"e-con-inner\">\n\t\t\t\t<div class=\"elementor-element elementor-element-c818007 elementor-widget elementor-widget-button\" data-id=\"c818007\" data-element_type=\"widget\" data-e-type=\"widget\" data-widget_type=\"button.default\">\n\t\t\t\t<div class=\"elementor-widget-container\">\n\t\t\t\t\t\t\t\t\t<div class=\"elementor-button-wrapper\">\n\t\t\t\t\t<a class=\"elementor-button elementor-button-link elementor-size-sm\" href=\"https:\/\/bpont.hu\/shop\/index.php\/szerviz-igenyles\/\">\n\t\t\t\t\t\t<span class=\"elementor-button-content-wrapper\">\n\t\t\t\t\t\t<span class=\"elementor-button-icon\">\n\t\t\t\t<svg aria-hidden=\"true\" class=\"e-font-icon-svg e-fas-wrench\" viewBox=\"0 0 512 512\" xmlns=\"http:\/\/www.w3.org\/2000\/svg\"><path d=\"M507.73 109.1c-2.24-9.03-13.54-12.09-20.12-5.51l-74.36 74.36-67.88-11.31-11.31-67.88 74.36-74.36c6.62-6.62 3.43-17.9-5.66-20.16-47.38-11.74-99.55.91-136.58 37.93-39.64 39.64-50.55 97.1-34.05 147.2L18.74 402.76c-24.99 24.99-24.99 65.51 0 90.5 24.99 24.99 65.51 24.99 90.5 0l213.21-213.21c50.12 16.71 107.47 5.68 147.37-34.22 37.07-37.07 49.7-89.32 37.91-136.73zM64 472c-13.25 0-24-10.75-24-24 0-13.26 10.75-24 24-24s24 10.74 24 24c0 13.25-10.75 24-24 24z\"><\/path><\/svg>\t\t\t<\/span>\n\t\t\t\t\t\t\t\t\t<span class=\"elementor-button-text\">Szerviz ig\u00e9nyl\u00e9s<\/span>\n\t\t\t\t\t<\/span>\n\t\t\t\t\t<\/a>\n\t\t\t\t<\/div>\n\t\t\t\t\t\t\t\t<\/div>\n\t\t\t\t<\/div>\n\t\t\t\t\t<\/div>\n\t\t\t\t<\/div>\n\t\t<div class=\"elementor-element elementor-element-180f540 e-flex e-con-boxed e-con e-parent\" data-id=\"180f540\" data-element_type=\"container\" data-e-type=\"container\">\n\t\t\t\t\t<div class=\"e-con-inner\">\n\t\t\t\t<div class=\"elementor-element elementor-element-28d7819 elementor-widget-divider--view-line elementor-widget elementor-widget-divider\" data-id=\"28d7819\" data-element_type=\"widget\" data-e-type=\"widget\" data-widget_type=\"divider.default\">\n\t\t\t\t<div class=\"elementor-widget-container\">\n\t\t\t\t\t\t\t<div class=\"elementor-divider\">\n\t\t\t<span class=\"elementor-divider-separator\">\n\t\t\t\t\t\t<\/span>\n\t\t<\/div>\n\t\t\t\t\t\t<\/div>\n\t\t\t\t<\/div>\n\t\t\t\t\t<\/div>\n\t\t\t\t<\/div>\n\t\t<div class=\"elementor-element elementor-element-413b319 e-flex e-con-boxed e-con e-parent\" data-id=\"413b319\" data-element_type=\"container\" data-e-type=\"container\">\n\t\t\t\t\t<div class=\"e-con-inner\">\n\t\t<div class=\"elementor-element elementor-element-74d94b7 e-con-full e-flex e-con e-child\" data-id=\"74d94b7\" data-element_type=\"container\" data-e-type=\"container\">\n\t\t\t\t<div class=\"elementor-element elementor-element-308b784 elementor-widget elementor-widget-image\" data-id=\"308b784\" data-element_type=\"widget\" data-e-type=\"widget\" data-widget_type=\"image.default\">\n\t\t\t\t<div class=\"elementor-widget-container\">\n\t\t\t\t\t\t\t\t\t\t\t\t\t\t\t<img fetchpriority=\"high\" decoding=\"async\" width=\"500\" height=\"375\" src=\"https:\/\/bpont.hu\/shop\/wp-content\/uploads\/2025\/08\/FAP-425-DOTCO-R.png\" class=\"attachment-large size-large wp-image-8742\" alt=\"\" srcset=\"https:\/\/bpont.hu\/shop\/wp-content\/uploads\/2025\/08\/FAP-425-DOTCO-R.png 500w, https:\/\/bpont.hu\/shop\/wp-content\/uploads\/2025\/08\/FAP-425-DOTCO-R-300x225.png 300w\" sizes=\"(max-width: 500px) 100vw, 500px\" \/>\t\t\t\t\t\t\t\t\t\t\t\t\t\t\t<\/div>\n\t\t\t\t<\/div>\n\t\t\t\t<\/div>\n\t\t<div class=\"elementor-element elementor-element-e97a909 e-con-full e-flex e-con e-child\" data-id=\"e97a909\" data-element_type=\"container\" data-e-type=\"container\">\n\t\t\t\t<div class=\"elementor-element elementor-element-9c539bc elementor-widget elementor-widget-shortcode\" data-id=\"9c539bc\" data-element_type=\"widget\" data-e-type=\"widget\" data-widget_type=\"shortcode.default\">\n\t\t\t\t<div class=\"elementor-widget-container\">\n\t\t\t\t\t\t\t<div class=\"elementor-shortcode\"><div class='w3eden'><!-- WPDM Link Template: Default Template -->\n\n<div class=\"link-template-default card mb-2\">\n    <div class=\"card-body\">\n        <div class=\"media\">\n            <div class=\"mr-3 img-48\"><img decoding=\"async\" class=\"wpdm_icon\" alt=\"Ikon\"   src=\"https:\/\/bpont.hu\/shop\/wp-content\/plugins\/download-manager\/assets\/file-type-icons\/pdf.svg\" \/><\/div>\n            <div class=\"media-body\">\n                <h3 class=\"package-title\"><a href='https:\/\/bpont.hu\/shop\/index.php\/download\/garancia-bosch-building-technologies-tuzjelzo\/'>Warranty Conditions for Fire Detection Products Bosch Building Technologies<\/a><\/h3>\n                <div class=\"text-muted text-small\"><i class=\"fas fa-copy\"><\/i> 1 f\u00e1jl(ok) <i class=\"fas fa-hdd ml-3\"><\/i> 2.56 MB<\/div>\n            <\/div>\n            <div class=\"ml-3\">\n                <div class=\"w3eden\"><div class=\"panel panel-default card\"><div class=\"panel-body card-body\"><span class=\"text-danger\">Bejelentkez\u00e9s sz\u00fcks\u00e9ges<\/span><\/div><div class=\"panel-footer card-footer text-right\"><a href=\"https:\/\/bpont.hu\/shop\/wp-login.php?redirect_to=\/shop\/index.php\/wp-json\/wp\/v2\/pages\/8595\" class=\"btn btn-danger wpdmloginmodal-trigger btn-sm\"><i class=\"fa fa-lock\"><\/i> Bejelentkez\u00e9s<\/a><\/div><\/div><\/div>\n            <\/div>\n        <\/div>\n    <\/div>\n<\/div>\n\n<\/div><\/div>\n\t\t\t\t\t\t<\/div>\n\t\t\t\t<\/div>\n\t\t\t\t<\/div>\n\t\t<div class=\"elementor-element elementor-element-c46170f e-con-full e-flex e-con e-child\" data-id=\"c46170f\" data-element_type=\"container\" data-e-type=\"container\">\n\t\t\t\t<\/div>\n\t\t\t\t\t<\/div>\n\t\t\t\t<\/div>\n\t\t<div class=\"elementor-element elementor-element-14d37d2 e-flex e-con-boxed e-con e-parent\" data-id=\"14d37d2\" data-element_type=\"container\" data-e-type=\"container\">\n\t\t\t\t\t<div class=\"e-con-inner\">\n\t\t<div class=\"elementor-element elementor-element-14b7478 e-con-full e-flex e-con e-child\" data-id=\"14b7478\" data-element_type=\"container\" data-e-type=\"container\">\n\t\t\t\t<div class=\"elementor-element elementor-element-919015f elementor-widget elementor-widget-image\" data-id=\"919015f\" data-element_type=\"widget\" data-e-type=\"widget\" data-widget_type=\"image.default\">\n\t\t\t\t<div class=\"elementor-widget-container\">\n\t\t\t\t\t\t\t\t\t\t\t\t\t\t\t<img decoding=\"async\" width=\"800\" height=\"800\" src=\"https:\/\/bpont.hu\/shop\/wp-content\/uploads\/2025\/06\/Bosch_MAP5000.png\" class=\"attachment-large size-large wp-image-263\" alt=\"\" srcset=\"https:\/\/bpont.hu\/shop\/wp-content\/uploads\/2025\/06\/Bosch_MAP5000.png 800w, https:\/\/bpont.hu\/shop\/wp-content\/uploads\/2025\/06\/Bosch_MAP5000-300x300.png 300w, https:\/\/bpont.hu\/shop\/wp-content\/uploads\/2025\/06\/Bosch_MAP5000-150x150.png 150w, https:\/\/bpont.hu\/shop\/wp-content\/uploads\/2025\/06\/Bosch_MAP5000-768x768.png 768w, https:\/\/bpont.hu\/shop\/wp-content\/uploads\/2025\/06\/Bosch_MAP5000-600x600.png 600w, https:\/\/bpont.hu\/shop\/wp-content\/uploads\/2025\/06\/Bosch_MAP5000-100x100.png 100w\" sizes=\"(max-width: 800px) 100vw, 800px\" \/>\t\t\t\t\t\t\t\t\t\t\t\t\t\t\t<\/div>\n\t\t\t\t<\/div>\n\t\t\t\t<\/div>\n\t\t<div class=\"elementor-element elementor-element-be640c6 e-con-full e-flex e-con e-child\" data-id=\"be640c6\" data-element_type=\"container\" data-e-type=\"container\">\n\t\t\t\t<div class=\"elementor-element elementor-element-384d932 elementor-widget elementor-widget-shortcode\" data-id=\"384d932\" data-element_type=\"widget\" data-e-type=\"widget\" data-widget_type=\"shortcode.default\">\n\t\t\t\t<div class=\"elementor-widget-container\">\n\t\t\t\t\t\t\t<div class=\"elementor-shortcode\"><div class='w3eden'><!-- WPDM Link Template: Default Template -->\n\n<div class=\"link-template-default card mb-2\">\n    <div class=\"card-body\">\n        <div class=\"media\">\n            <div class=\"mr-3 img-48\"><img decoding=\"async\" class=\"wpdm_icon\" alt=\"Ikon\"   src=\"https:\/\/bpont.hu\/shop\/wp-content\/plugins\/download-manager\/assets\/file-type-icons\/pdf.svg\" \/><\/div>\n            <div class=\"media-body\">\n                <h3 class=\"package-title\"><a href='https:\/\/bpont.hu\/shop\/index.php\/download\/warranty-conditions-for-intrusion-products\/'>Warranty conditions for Intrusion products<\/a><\/h3>\n                <div class=\"text-muted text-small\"><i class=\"fas fa-copy\"><\/i> 1 f\u00e1jl(ok) <i class=\"fas fa-hdd ml-3\"><\/i> 1.48 MB<\/div>\n            <\/div>\n            <div class=\"ml-3\">\n                <div class=\"w3eden\"><div class=\"panel panel-default card\"><div class=\"panel-body card-body\"><span class=\"text-danger\">Bejelentkez\u00e9s sz\u00fcks\u00e9ges<\/span><\/div><div class=\"panel-footer card-footer text-right\"><a href=\"https:\/\/bpont.hu\/shop\/wp-login.php?redirect_to=\/shop\/index.php\/wp-json\/wp\/v2\/pages\/8595\" class=\"btn btn-danger wpdmloginmodal-trigger btn-sm\"><i class=\"fa fa-lock\"><\/i> Bejelentkez\u00e9s<\/a><\/div><\/div><\/div>\n            <\/div>\n        <\/div>\n    <\/div>\n<\/div>\n\n<\/div><\/div>\n\t\t\t\t\t\t<\/div>\n\t\t\t\t<\/div>\n\t\t\t\t<\/div>\n\t\t<div class=\"elementor-element elementor-element-caf880b e-con-full e-flex e-con e-child\" data-id=\"caf880b\" data-element_type=\"container\" data-e-type=\"container\">\n\t\t\t\t<\/div>\n\t\t\t\t\t<\/div>\n\t\t\t\t<\/div>\n\t\t<div class=\"elementor-element elementor-element-dabf1a8 e-flex e-con-boxed e-con e-parent\" data-id=\"dabf1a8\" data-element_type=\"container\" data-e-type=\"container\">\n\t\t\t\t\t<div class=\"e-con-inner\">\n\t\t<div class=\"elementor-element elementor-element-867781b e-con-full e-flex e-con e-child\" data-id=\"867781b\" data-element_type=\"container\" data-e-type=\"container\">\n\t\t\t\t<div class=\"elementor-element elementor-element-5ee6f25 elementor-widget elementor-widget-image\" data-id=\"5ee6f25\" data-element_type=\"widget\" data-e-type=\"widget\" data-widget_type=\"image.default\">\n\t\t\t\t<div class=\"elementor-widget-container\">\n\t\t\t\t\t\t\t\t\t\t\t\t\t\t\t<img decoding=\"async\" width=\"800\" height=\"800\" src=\"https:\/\/bpont.hu\/shop\/wp-content\/uploads\/2025\/06\/NBE-xxxx-AL.png\" class=\"attachment-large size-large wp-image-1486\" alt=\"\" srcset=\"https:\/\/bpont.hu\/shop\/wp-content\/uploads\/2025\/06\/NBE-xxxx-AL.png 800w, https:\/\/bpont.hu\/shop\/wp-content\/uploads\/2025\/06\/NBE-xxxx-AL-536x536.png 536w, https:\/\/bpont.hu\/shop\/wp-content\/uploads\/2025\/06\/NBE-xxxx-AL-268x268.png 268w, https:\/\/bpont.hu\/shop\/wp-content\/uploads\/2025\/06\/NBE-xxxx-AL-458x458.png 458w\" sizes=\"(max-width: 800px) 100vw, 800px\" \/>\t\t\t\t\t\t\t\t\t\t\t\t\t\t\t<\/div>\n\t\t\t\t<\/div>\n\t\t\t\t<\/div>\n\t\t<div class=\"elementor-element elementor-element-3cfe996 e-con-full e-flex e-con e-child\" data-id=\"3cfe996\" data-element_type=\"container\" data-e-type=\"container\">\n\t\t\t\t<div class=\"elementor-element elementor-element-b74f9ca elementor-widget elementor-widget-shortcode\" data-id=\"b74f9ca\" data-element_type=\"widget\" data-e-type=\"widget\" data-widget_type=\"shortcode.default\">\n\t\t\t\t<div class=\"elementor-widget-container\">\n\t\t\t\t\t\t\t<div class=\"elementor-shortcode\"><div class='w3eden'><!-- WPDM Link Template: Default Template -->\n\n<div class=\"link-template-default card mb-2\">\n    <div class=\"card-body\">\n        <div class=\"media\">\n            <div class=\"mr-3 img-48\"><img decoding=\"async\" class=\"wpdm_icon\" alt=\"Ikon\"   src=\"https:\/\/bpont.hu\/shop\/wp-content\/plugins\/download-manager\/assets\/file-type-icons\/pdf.svg\" \/><\/div>\n            <div class=\"media-body\">\n                <h3 class=\"package-title\"><a href='https:\/\/bpont.hu\/shop\/index.php\/download\/warranty-conditions-for-video-products\/'>Warranty conditions for Video products<\/a><\/h3>\n                <div class=\"text-muted text-small\"><i class=\"fas fa-copy\"><\/i> 1 f\u00e1jl(ok) <i class=\"fas fa-hdd ml-3\"><\/i> 1.26 MB<\/div>\n            <\/div>\n            <div class=\"ml-3\">\n                <div class=\"w3eden\"><div class=\"panel panel-default card\"><div class=\"panel-body card-body\"><span class=\"text-danger\">Bejelentkez\u00e9s sz\u00fcks\u00e9ges<\/span><\/div><div class=\"panel-footer card-footer text-right\"><a href=\"https:\/\/bpont.hu\/shop\/wp-login.php?redirect_to=\/shop\/index.php\/wp-json\/wp\/v2\/pages\/8595\" class=\"btn btn-danger wpdmloginmodal-trigger btn-sm\"><i class=\"fa fa-lock\"><\/i> Bejelentkez\u00e9s<\/a><\/div><\/div><\/div>\n            <\/div>\n        <\/div>\n    <\/div>\n<\/div>\n\n<\/div><\/div>\n\t\t\t\t\t\t<\/div>\n\t\t\t\t<\/div>\n\t\t\t\t<\/div>\n\t\t<div class=\"elementor-element elementor-element-c854531 e-con-full e-flex e-con e-child\" data-id=\"c854531\" data-element_type=\"container\" data-e-type=\"container\">\n\t\t\t\t<\/div>\n\t\t\t\t\t<\/div>\n\t\t\t\t<\/div>\n\t\t<div class=\"elementor-element elementor-element-6e8ecc7 e-flex e-con-boxed e-con e-parent\" data-id=\"6e8ecc7\" data-element_type=\"container\" data-e-type=\"container\">\n\t\t\t\t\t<div class=\"e-con-inner\">\n\t\t\t\t<div class=\"elementor-element elementor-element-2930d60 elementor-widget-divider--view-line elementor-widget elementor-widget-divider\" data-id=\"2930d60\" data-element_type=\"widget\" data-e-type=\"widget\" data-widget_type=\"divider.default\">\n\t\t\t\t<div class=\"elementor-widget-container\">\n\t\t\t\t\t\t\t<div class=\"elementor-divider\">\n\t\t\t<span class=\"elementor-divider-separator\">\n\t\t\t\t\t\t<\/span>\n\t\t<\/div>\n\t\t\t\t\t\t<\/div>\n\t\t\t\t<\/div>\n\t\t\t\t\t<\/div>\n\t\t\t\t<\/div>\n\t\t<div class=\"elementor-element elementor-element-1945f66 e-flex e-con-boxed e-con e-parent\" data-id=\"1945f66\" data-element_type=\"container\" data-e-type=\"container\">\n\t\t\t\t\t<div class=\"e-con-inner\">\n\t\t<div class=\"elementor-element elementor-element-f9e0fe5 e-con-full e-flex e-con e-child\" data-id=\"f9e0fe5\" data-element_type=\"container\" data-e-type=\"container\">\n\t\t\t\t<div class=\"elementor-element elementor-element-9863454 elementor-widget elementor-widget-image\" data-id=\"9863454\" data-element_type=\"widget\" data-e-type=\"widget\" data-widget_type=\"image.default\">\n\t\t\t\t<div class=\"elementor-widget-container\">\n\t\t\t\t\t\t\t\t\t\t\t\t\t\t\t<img loading=\"lazy\" decoding=\"async\" width=\"800\" height=\"800\" src=\"https:\/\/bpont.hu\/shop\/wp-content\/uploads\/2026\/03\/BOOST_warranty.png\" class=\"attachment-large size-large wp-image-9818\" alt=\"\" srcset=\"https:\/\/bpont.hu\/shop\/wp-content\/uploads\/2026\/03\/BOOST_warranty.png 800w, https:\/\/bpont.hu\/shop\/wp-content\/uploads\/2026\/03\/BOOST_warranty-300x300.png 300w, https:\/\/bpont.hu\/shop\/wp-content\/uploads\/2026\/03\/BOOST_warranty-150x150.png 150w, https:\/\/bpont.hu\/shop\/wp-content\/uploads\/2026\/03\/BOOST_warranty-768x768.png 768w, https:\/\/bpont.hu\/shop\/wp-content\/uploads\/2026\/03\/BOOST_warranty-600x600.png 600w, https:\/\/bpont.hu\/shop\/wp-content\/uploads\/2026\/03\/BOOST_warranty-100x100.png 100w\" sizes=\"(max-width: 800px) 100vw, 800px\" \/>\t\t\t\t\t\t\t\t\t\t\t\t\t\t\t<\/div>\n\t\t\t\t<\/div>\n\t\t\t\t<\/div>\n\t\t<div class=\"elementor-element elementor-element-b13a2be e-con-full e-flex e-con e-child\" data-id=\"b13a2be\" data-element_type=\"container\" data-e-type=\"container\">\n\t\t\t\t<div class=\"elementor-element elementor-element-6ee33e1 elementor-widget elementor-widget-shortcode\" data-id=\"6ee33e1\" data-element_type=\"widget\" data-e-type=\"widget\" data-widget_type=\"shortcode.default\">\n\t\t\t\t<div class=\"elementor-widget-container\">\n\t\t\t\t\t\t\t<div class=\"elementor-shortcode\"><div class='w3eden'><!-- WPDM Link Template: Default Template -->\n\n<div class=\"link-template-default card mb-2\">\n    <div class=\"card-body\">\n        <div class=\"media\">\n            <div class=\"mr-3 img-48\"><img decoding=\"async\" class=\"wpdm_icon\" alt=\"Ikon\"   src=\"https:\/\/bpont.hu\/shop\/wp-content\/plugins\/download-manager\/assets\/file-type-icons\/pdf.svg\" \/><\/div>\n            <div class=\"media-body\">\n                <h3 class=\"package-title\"><a href='https:\/\/bpont.hu\/shop\/index.php\/download\/boost-warranty-extension\/'>BOOST Warranty Extension<\/a><\/h3>\n                <div class=\"text-muted text-small\"><i class=\"fas fa-copy\"><\/i> 1 f\u00e1jl(ok) <i class=\"fas fa-hdd ml-3\"><\/i> 286.57 KB<\/div>\n            <\/div>\n            <div class=\"ml-3\">\n                <div class=\"w3eden\"><div class=\"panel panel-default card\"><div class=\"panel-body card-body\"><span class=\"text-danger\">Bejelentkez\u00e9s sz\u00fcks\u00e9ges<\/span><\/div><div class=\"panel-footer card-footer text-right\"><a href=\"https:\/\/bpont.hu\/shop\/wp-login.php?redirect_to=\/shop\/index.php\/wp-json\/wp\/v2\/pages\/8595\" class=\"btn btn-danger wpdmloginmodal-trigger btn-sm\"><i class=\"fa fa-lock\"><\/i> Bejelentkez\u00e9s<\/a><\/div><\/div><\/div>\n            <\/div>\n        <\/div>\n    <\/div>\n<\/div>\n\n<\/div><\/div>\n\t\t\t\t\t\t<\/div>\n\t\t\t\t<\/div>\n\t\t\t\t<\/div>\n\t\t<div class=\"elementor-element elementor-element-adea84a e-con-full e-flex e-con e-child\" data-id=\"adea84a\" data-element_type=\"container\" data-e-type=\"container\">\n\t\t\t\t<\/div>\n\t\t\t\t\t<\/div>\n\t\t\t\t<\/div>\n\t\t\t\t<\/div>\n\t\t","protected":false},"excerpt":{"rendered":"<p>Szervizel\u00e9s 3 l\u00e9p\u00e9sben: 1 Szervizel\u00e9s ig\u00e9nyl\u00e9s\u00e9hez els\u0151dlegesen ki kell t\u00f6lteni az ig\u00e9nyl\u0151 adatlapot. Garanci\u00e1lis, vagy garanci\u00e1n t\u00fali jav\u00edt\u00e1sokat is v\u00e1llalnak besz\u00e1ll\u00edt\u00f3ink, saj\u00e1t EU-n bel\u00fcli szervizekkel.\u00a0 A garanci\u00e1lis id\u0151szak lej\u00e1rt\u00e1val a term\u00e9keket k\u00fcl\u00f6n elsz\u00e1mol\u00e1s alapj\u00e1n jav\u00edtj\u00e1k, erre minden esetben egyedi aj\u00e1nlatot &hellip; <a href=\"https:\/\/bpont.hu\/shop\/index.php\/szerviz\/\">Continued<\/a><\/p>\n","protected":false},"author":6,"featured_media":0,"parent":0,"menu_order":0,"comment_status":"closed","ping_status":"closed","template":"","meta":{"footnotes":""},"class_list":["post-8595","page","type-page","status-publish","hentry"],"jetpack_sharing_enabled":true,"_links":{"self":[{"href":"https:\/\/bpont.hu\/shop\/index.php\/wp-json\/wp\/v2\/pages\/8595","targetHints":{"allow":["GET"]}}],"collection":[{"href":"https:\/\/bpont.hu\/shop\/index.php\/wp-json\/wp\/v2\/pages"}],"about":[{"href":"https:\/\/bpont.hu\/shop\/index.php\/wp-json\/wp\/v2\/types\/page"}],"author":[{"embeddable":true,"href":"https:\/\/bpont.hu\/shop\/index.php\/wp-json\/wp\/v2\/users\/6"}],"replies":[{"embeddable":true,"href":"https:\/\/bpont.hu\/shop\/index.php\/wp-json\/wp\/v2\/comments?post=8595"}],"version-history":[{"count":32,"href":"https:\/\/bpont.hu\/shop\/index.php\/wp-json\/wp\/v2\/pages\/8595\/revisions"}],"predecessor-version":[{"id":9821,"href":"https:\/\/bpont.hu\/shop\/index.php\/wp-json\/wp\/v2\/pages\/8595\/revisions\/9821"}],"wp:attachment":[{"href":"https:\/\/bpont.hu\/shop\/index.php\/wp-json\/wp\/v2\/media?parent=8595"}],"curies":[{"name":"wp","href":"https:\/\/api.w.org\/{rel}","templated":true}]}}