{"id":8555,"date":"2025-08-08T13:30:15","date_gmt":"2025-08-08T12:30:15","guid":{"rendered":"https:\/\/bpont.hu\/shop\/?page_id=8555"},"modified":"2025-08-11T13:47:50","modified_gmt":"2025-08-11T12:47:50","slug":"programok","status":"publish","type":"page","link":"https:\/\/bpont.hu\/shop\/index.php\/programok\/","title":{"rendered":"Szoftverek"},"content":{"rendered":"\t\t<div data-elementor-type=\"wp-page\" data-elementor-id=\"8555\" class=\"elementor elementor-8555\">\n\t\t\t\t<div class=\"elementor-element elementor-element-bf693ac e-flex e-con-boxed e-con e-parent\" data-id=\"bf693ac\" data-element_type=\"container\" data-e-type=\"container\">\n\t\t\t\t\t<div class=\"e-con-inner\">\n\t\t<div class=\"elementor-element elementor-element-72c4147 e-con-full e-flex e-con e-child\" data-id=\"72c4147\" data-element_type=\"container\" data-e-type=\"container\">\n\t\t\t\t<div class=\"elementor-element elementor-element-1799a78 elementor-widget elementor-widget-image\" data-id=\"1799a78\" data-element_type=\"widget\" data-e-type=\"widget\" data-widget_type=\"image.default\">\n\t\t\t\t<div class=\"elementor-widget-container\">\n\t\t\t\t\t\t\t\t\t\t\t\t\t\t\t<img fetchpriority=\"high\" decoding=\"async\" width=\"800\" height=\"800\" src=\"https:\/\/bpont.hu\/shop\/wp-content\/uploads\/2025\/08\/FPA2000.png\" class=\"attachment-large size-large wp-image-8558\" alt=\"\" srcset=\"https:\/\/bpont.hu\/shop\/wp-content\/uploads\/2025\/08\/FPA2000.png 800w, https:\/\/bpont.hu\/shop\/wp-content\/uploads\/2025\/08\/FPA2000-300x300.png 300w, https:\/\/bpont.hu\/shop\/wp-content\/uploads\/2025\/08\/FPA2000-150x150.png 150w, https:\/\/bpont.hu\/shop\/wp-content\/uploads\/2025\/08\/FPA2000-768x768.png 768w, https:\/\/bpont.hu\/shop\/wp-content\/uploads\/2025\/08\/FPA2000-600x600.png 600w, https:\/\/bpont.hu\/shop\/wp-content\/uploads\/2025\/08\/FPA2000-100x100.png 100w\" sizes=\"(max-width: 800px) 100vw, 800px\" \/>\t\t\t\t\t\t\t\t\t\t\t\t\t\t\t<\/div>\n\t\t\t\t<\/div>\n\t\t\t\t<\/div>\n\t\t<div class=\"elementor-element elementor-element-947e7f3 e-grid e-con-full e-con e-child\" data-id=\"947e7f3\" data-element_type=\"container\" data-e-type=\"container\">\n\t\t\t\t<div class=\"elementor-element elementor-element-e6878e5 elementor-widget elementor-widget-shortcode\" data-id=\"e6878e5\" data-element_type=\"widget\" data-e-type=\"widget\" data-widget_type=\"shortcode.default\">\n\t\t\t\t<div class=\"elementor-widget-container\">\n\t\t\t\t\t\t\t<div class=\"elementor-shortcode\"><div class='w3eden'><!-- WPDM Link Template: Default Template -->\n\n<div class=\"link-template-default card mb-2\">\n    <div class=\"card-body\">\n        <div class=\"media\">\n            <div class=\"mr-3 img-48\"><img decoding=\"async\" class=\"wpdm_icon\" alt=\"Ikon\"   src=\"https:\/\/bpont.hu\/shop\/wp-content\/plugins\/download-manager\/assets\/file-type-icons\/zip.svg\" \/><\/div>\n            <div class=\"media-body\">\n                <h3 class=\"package-title\"><a href='https:\/\/bpont.hu\/shop\/index.php\/download\/fpa-kozpontokhoz-programozo-szoftver-2\/'>FPA k\u00f6zpontokhoz tervez\u00e9si seg\u00e9d szoftver<\/a><\/h3>\n                <div class=\"text-muted text-small\"><i class=\"fas fa-copy\"><\/i> 1 f\u00e1jl(ok) <i class=\"fas fa-hdd ml-3\"><\/i> 17.68 MB<\/div>\n            <\/div>\n            <div class=\"ml-3\">\n                <div class=\"w3eden\"><div class=\"panel panel-default card\"><div class=\"panel-body card-body\"><span class=\"text-danger\">Bejelentkez\u00e9s sz\u00fcks\u00e9ges<\/span><\/div><div class=\"panel-footer card-footer text-right\"><a href=\"https:\/\/bpont.hu\/shop\/wp-login.php?redirect_to=\/shop\/index.php\/wp-json\/wp\/v2\/pages\/8555\" class=\"btn btn-danger wpdmloginmodal-trigger btn-sm\"><i class=\"fa fa-lock\"><\/i> Bejelentkez\u00e9s<\/a><\/div><\/div><\/div>\n            <\/div>\n        <\/div>\n    <\/div>\n<\/div>\n\n<\/div><\/div>\n\t\t\t\t\t\t<\/div>\n\t\t\t\t<\/div>\n\t\t\t\t<div class=\"elementor-element elementor-element-3ce4b51 elementor-widget elementor-widget-shortcode\" data-id=\"3ce4b51\" data-element_type=\"widget\" data-e-type=\"widget\" data-widget_type=\"shortcode.default\">\n\t\t\t\t<div class=\"elementor-widget-container\">\n\t\t\t\t\t\t\t<div class=\"elementor-shortcode\"><div class='w3eden'><!-- WPDM Link Template: Default Template -->\n\n<div class=\"link-template-default card mb-2\">\n    <div class=\"card-body\">\n        <div class=\"media\">\n            <div class=\"mr-3 img-48\"><img decoding=\"async\" class=\"wpdm_icon\" alt=\"Ikon\" src=\"https:\/\/bpont.hu\/shop\/wp-content\/plugins\/download-manager\/assets\/file-type-icons\/zip.svg\" \/><\/div>\n            <div class=\"media-body\">\n                <h3 class=\"package-title\"><a href='https:\/\/bpont.hu\/shop\/index.php\/download\/fpa-kozpontokhoz-programozo-szoftver\/'>FPA k\u00f6zpontokhoz programoz\u00f3 szoftver<\/a><\/h3>\n                <div class=\"text-muted text-small\"><i class=\"fas fa-copy\"><\/i> 1 f\u00e1jl(ok) <i class=\"fas fa-hdd ml-3\"><\/i> 0.00 KB<\/div>\n            <\/div>\n            <div class=\"ml-3\">\n                <div class=\"w3eden\"><div class=\"panel panel-default card\"><div class=\"panel-body card-body\"><span class=\"text-danger\">Bejelentkez\u00e9s sz\u00fcks\u00e9ges<\/span><\/div><div class=\"panel-footer card-footer text-right\"><a href=\"https:\/\/bpont.hu\/shop\/wp-login.php?redirect_to=\/shop\/index.php\/wp-json\/wp\/v2\/pages\/8555\" class=\"btn btn-danger wpdmloginmodal-trigger btn-sm\"><i class=\"fa fa-lock\"><\/i> Bejelentkez\u00e9s<\/a><\/div><\/div><\/div>\n            <\/div>\n        <\/div>\n    <\/div>\n<\/div>\n\n<\/div><\/div>\n\t\t\t\t\t\t<\/div>\n\t\t\t\t<\/div>\n\t\t\t\t<div class=\"elementor-element elementor-element-8db4c93 elementor-widget elementor-widget-shortcode\" data-id=\"8db4c93\" data-element_type=\"widget\" data-e-type=\"widget\" data-widget_type=\"shortcode.default\">\n\t\t\t\t<div class=\"elementor-widget-container\">\n\t\t\t\t\t\t\t<div class=\"elementor-shortcode\"><div class='w3eden'><!-- WPDM Link Template: Default Template -->\n\n<div class=\"link-template-default card mb-2\">\n    <div class=\"card-body\">\n        <div class=\"media\">\n            <div class=\"mr-3 img-48\"><img decoding=\"async\" class=\"wpdm_icon\" alt=\"Ikon\" src=\"https:\/\/bpont.hu\/shop\/wp-content\/plugins\/download-manager\/assets\/file-type-icons\/zip.svg\" \/><\/div>\n            <div class=\"media-body\">\n                <h3 class=\"package-title\"><a href='https:\/\/bpont.hu\/shop\/index.php\/download\/fpa-tool\/'>FPA TOOL<\/a><\/h3>\n                <div class=\"text-muted text-small\"><i class=\"fas fa-copy\"><\/i> 1 f\u00e1jl(ok) <i class=\"fas fa-hdd ml-3\"><\/i> 0.00 KB<\/div>\n            <\/div>\n            <div class=\"ml-3\">\n                <div class=\"w3eden\"><div class=\"panel panel-default card\"><div class=\"panel-body card-body\"><span class=\"text-danger\">Bejelentkez\u00e9s sz\u00fcks\u00e9ges<\/span><\/div><div class=\"panel-footer card-footer text-right\"><a href=\"https:\/\/bpont.hu\/shop\/wp-login.php?redirect_to=\/shop\/index.php\/wp-json\/wp\/v2\/pages\/8555\" class=\"btn btn-danger wpdmloginmodal-trigger btn-sm\"><i class=\"fa fa-lock\"><\/i> Bejelentkez\u00e9s<\/a><\/div><\/div><\/div>\n            <\/div>\n        <\/div>\n    <\/div>\n<\/div>\n\n<\/div><\/div>\n\t\t\t\t\t\t<\/div>\n\t\t\t\t<\/div>\n\t\t\t\t<\/div>\n\t\t<div class=\"elementor-element elementor-element-21ec14a e-grid e-con-full e-con e-child\" data-id=\"21ec14a\" data-element_type=\"container\" data-e-type=\"container\">\n\t\t\t\t<\/div>\n\t\t\t\t\t<\/div>\n\t\t\t\t<\/div>\n\t\t<div class=\"elementor-element elementor-element-9713544 e-flex e-con-boxed e-con e-parent\" data-id=\"9713544\" data-element_type=\"container\" data-e-type=\"container\">\n\t\t\t\t\t<div class=\"e-con-inner\">\n\t\t<div class=\"elementor-element elementor-element-e604b45 e-con-full e-flex e-con e-child\" data-id=\"e604b45\" data-element_type=\"container\" data-e-type=\"container\">\n\t\t\t\t<div class=\"elementor-element elementor-element-77de48f elementor-widget elementor-widget-image\" data-id=\"77de48f\" data-element_type=\"widget\" data-e-type=\"widget\" data-widget_type=\"image.default\">\n\t\t\t\t<div class=\"elementor-widget-container\">\n\t\t\t\t\t\t\t\t\t\t\t\t\t\t\t<img decoding=\"async\" width=\"800\" height=\"800\" src=\"https:\/\/bpont.hu\/shop\/wp-content\/uploads\/2025\/08\/FSM2500.png\" class=\"attachment-large size-large wp-image-5543\" alt=\"\" srcset=\"https:\/\/bpont.hu\/shop\/wp-content\/uploads\/2025\/08\/FSM2500.png 800w, https:\/\/bpont.hu\/shop\/wp-content\/uploads\/2025\/08\/FSM2500-300x300.png 300w, https:\/\/bpont.hu\/shop\/wp-content\/uploads\/2025\/08\/FSM2500-150x150.png 150w, https:\/\/bpont.hu\/shop\/wp-content\/uploads\/2025\/08\/FSM2500-768x768.png 768w, https:\/\/bpont.hu\/shop\/wp-content\/uploads\/2025\/08\/FSM2500-600x600.png 600w, https:\/\/bpont.hu\/shop\/wp-content\/uploads\/2025\/08\/FSM2500-100x100.png 100w, https:\/\/bpont.hu\/shop\/wp-content\/uploads\/2025\/08\/FSM2500-536x536.png 536w, https:\/\/bpont.hu\/shop\/wp-content\/uploads\/2025\/08\/FSM2500-268x268.png 268w, https:\/\/bpont.hu\/shop\/wp-content\/uploads\/2025\/08\/FSM2500-458x458.png 458w\" sizes=\"(max-width: 800px) 100vw, 800px\" \/>\t\t\t\t\t\t\t\t\t\t\t\t\t\t\t<\/div>\n\t\t\t\t<\/div>\n\t\t\t\t<\/div>\n\t\t<div class=\"elementor-element elementor-element-7696fd2 e-grid e-con-full e-con e-child\" data-id=\"7696fd2\" data-element_type=\"container\" data-e-type=\"container\">\n\t\t\t\t<div class=\"elementor-element elementor-element-77f86d3 elementor-widget elementor-widget-shortcode\" data-id=\"77f86d3\" data-element_type=\"widget\" data-e-type=\"widget\" data-widget_type=\"shortcode.default\">\n\t\t\t\t<div class=\"elementor-widget-container\">\n\t\t\t\t\t\t\t<div class=\"elementor-shortcode\"><div class='w3eden'><!-- WPDM Link Template: Default Template -->\n\n<div class=\"link-template-default card mb-2\">\n    <div class=\"card-body\">\n        <div class=\"media\">\n            <div class=\"mr-3 img-48\"><img decoding=\"async\" class=\"wpdm_icon\" alt=\"Ikon\" src=\"https:\/\/bpont.hu\/shop\/wp-content\/plugins\/download-manager\/assets\/file-type-icons\/zip.svg\" \/><\/div>\n            <div class=\"media-body\">\n                <h3 class=\"package-title\"><a href='https:\/\/bpont.hu\/shop\/index.php\/download\/fsm-szerver\/'>FSM szerver<\/a><\/h3>\n                <div class=\"text-muted text-small\"><i class=\"fas fa-copy\"><\/i> 1 f\u00e1jl(ok) <i class=\"fas fa-hdd ml-3\"><\/i> 342.14 MB<\/div>\n            <\/div>\n            <div class=\"ml-3\">\n                <div class=\"w3eden\"><div class=\"panel panel-default card\"><div class=\"panel-body card-body\"><span class=\"text-danger\">Bejelentkez\u00e9s sz\u00fcks\u00e9ges<\/span><\/div><div class=\"panel-footer card-footer text-right\"><a href=\"https:\/\/bpont.hu\/shop\/wp-login.php?redirect_to=\/shop\/index.php\/wp-json\/wp\/v2\/pages\/8555\" class=\"btn btn-danger wpdmloginmodal-trigger btn-sm\"><i class=\"fa fa-lock\"><\/i> Bejelentkez\u00e9s<\/a><\/div><\/div><\/div>\n            <\/div>\n        <\/div>\n    <\/div>\n<\/div>\n\n<\/div><\/div>\n\t\t\t\t\t\t<\/div>\n\t\t\t\t<\/div>\n\t\t\t\t<div class=\"elementor-element elementor-element-506cc61 elementor-widget elementor-widget-shortcode\" data-id=\"506cc61\" data-element_type=\"widget\" data-e-type=\"widget\" data-widget_type=\"shortcode.default\">\n\t\t\t\t<div class=\"elementor-widget-container\">\n\t\t\t\t\t\t\t<div class=\"elementor-shortcode\"><div class='w3eden'><!-- WPDM Link Template: Default Template -->\n\n<div class=\"link-template-default card mb-2\">\n    <div class=\"card-body\">\n        <div class=\"media\">\n            <div class=\"mr-3 img-48\"><img decoding=\"async\" class=\"wpdm_icon\" alt=\"Ikon\" src=\"https:\/\/bpont.hu\/shop\/wp-content\/plugins\/download-manager\/assets\/file-type-icons\/zip.svg\" \/><\/div>\n            <div class=\"media-body\">\n                <h3 class=\"package-title\"><a href='https:\/\/bpont.hu\/shop\/index.php\/download\/fsm-client\/'>FSM client<\/a><\/h3>\n                <div class=\"text-muted text-small\"><i class=\"fas fa-copy\"><\/i> 1 f\u00e1jl(ok) <i class=\"fas fa-hdd ml-3\"><\/i> 243.78 MB<\/div>\n            <\/div>\n            <div class=\"ml-3\">\n                <div class=\"w3eden\"><div class=\"panel panel-default card\"><div class=\"panel-body card-body\"><span class=\"text-danger\">Bejelentkez\u00e9s sz\u00fcks\u00e9ges<\/span><\/div><div class=\"panel-footer card-footer text-right\"><a href=\"https:\/\/bpont.hu\/shop\/wp-login.php?redirect_to=\/shop\/index.php\/wp-json\/wp\/v2\/pages\/8555\" class=\"btn btn-danger wpdmloginmodal-trigger btn-sm\"><i class=\"fa fa-lock\"><\/i> Bejelentkez\u00e9s<\/a><\/div><\/div><\/div>\n            <\/div>\n        <\/div>\n    <\/div>\n<\/div>\n\n<\/div><\/div>\n\t\t\t\t\t\t<\/div>\n\t\t\t\t<\/div>\n\t\t\t\t<\/div>\n\t\t<div class=\"elementor-element elementor-element-7c45d91 e-grid e-con-full e-con e-child\" data-id=\"7c45d91\" data-element_type=\"container\" data-e-type=\"container\">\n\t\t\t\t<\/div>\n\t\t\t\t\t<\/div>\n\t\t\t\t<\/div>\n\t\t<div class=\"elementor-element elementor-element-acafcf6 e-flex e-con-boxed e-con e-parent\" data-id=\"acafcf6\" data-element_type=\"container\" data-e-type=\"container\">\n\t\t\t\t\t<div class=\"e-con-inner\">\n\t\t<div class=\"elementor-element elementor-element-b65ed66 e-con-full e-flex e-con e-child\" data-id=\"b65ed66\" data-element_type=\"container\" data-e-type=\"container\">\n\t\t\t\t<div class=\"elementor-element elementor-element-c71d557 elementor-widget elementor-widget-image\" data-id=\"c71d557\" data-element_type=\"widget\" data-e-type=\"widget\" data-widget_type=\"image.default\">\n\t\t\t\t<div class=\"elementor-widget-container\">\n\t\t\t\t\t\t\t\t\t\t\t\t\t\t\t<img decoding=\"async\" width=\"800\" height=\"800\" src=\"https:\/\/bpont.hu\/shop\/wp-content\/uploads\/2025\/08\/UEZ2000.png\" class=\"attachment-large size-large wp-image-8628\" alt=\"\" srcset=\"https:\/\/bpont.hu\/shop\/wp-content\/uploads\/2025\/08\/UEZ2000.png 800w, https:\/\/bpont.hu\/shop\/wp-content\/uploads\/2025\/08\/UEZ2000-300x300.png 300w, https:\/\/bpont.hu\/shop\/wp-content\/uploads\/2025\/08\/UEZ2000-150x150.png 150w, https:\/\/bpont.hu\/shop\/wp-content\/uploads\/2025\/08\/UEZ2000-768x768.png 768w, https:\/\/bpont.hu\/shop\/wp-content\/uploads\/2025\/08\/UEZ2000-600x600.png 600w, https:\/\/bpont.hu\/shop\/wp-content\/uploads\/2025\/08\/UEZ2000-100x100.png 100w\" sizes=\"(max-width: 800px) 100vw, 800px\" \/>\t\t\t\t\t\t\t\t\t\t\t\t\t\t\t<\/div>\n\t\t\t\t<\/div>\n\t\t\t\t<\/div>\n\t\t<div class=\"elementor-element elementor-element-4684118 e-grid e-con-full e-con e-child\" data-id=\"4684118\" data-element_type=\"container\" data-e-type=\"container\">\n\t\t\t\t<div class=\"elementor-element elementor-element-332bffc elementor-widget elementor-widget-shortcode\" data-id=\"332bffc\" data-element_type=\"widget\" data-e-type=\"widget\" data-widget_type=\"shortcode.default\">\n\t\t\t\t<div class=\"elementor-widget-container\">\n\t\t\t\t\t\t\t<div class=\"elementor-shortcode\"><div class='w3eden'><!-- WPDM Link Template: Default Template -->\n\n<div class=\"link-template-default card mb-2\">\n    <div class=\"card-body\">\n        <div class=\"media\">\n            <div class=\"mr-3 img-48\"><img decoding=\"async\" class=\"wpdm_icon\" alt=\"Ikon\" src=\"https:\/\/bpont.hu\/shop\/wp-content\/plugins\/download-manager\/assets\/file-type-icons\/zip.svg\" \/><\/div>\n            <div class=\"media-body\">\n                <h3 class=\"package-title\"><a href='https:\/\/bpont.hu\/shop\/index.php\/download\/win-para-483\/'>Win Para 483<\/a><\/h3>\n                <div class=\"text-muted text-small\"><i class=\"fas fa-copy\"><\/i> 1 f\u00e1jl(ok) <i class=\"fas fa-hdd ml-3\"><\/i> 8.06 MB<\/div>\n            <\/div>\n            <div class=\"ml-3\">\n                <div class=\"w3eden\"><div class=\"panel panel-default card\"><div class=\"panel-body card-body\"><span class=\"text-danger\">Bejelentkez\u00e9s sz\u00fcks\u00e9ges<\/span><\/div><div class=\"panel-footer card-footer text-right\"><a href=\"https:\/\/bpont.hu\/shop\/wp-login.php?redirect_to=\/shop\/index.php\/wp-json\/wp\/v2\/pages\/8555\" class=\"btn btn-danger wpdmloginmodal-trigger btn-sm\"><i class=\"fa fa-lock\"><\/i> Bejelentkez\u00e9s<\/a><\/div><\/div><\/div>\n            <\/div>\n        <\/div>\n    <\/div>\n<\/div>\n\n<\/div><\/div>\n\t\t\t\t\t\t<\/div>\n\t\t\t\t<\/div>\n\t\t\t\t<div class=\"elementor-element elementor-element-b05ed1a elementor-widget elementor-widget-shortcode\" data-id=\"b05ed1a\" data-element_type=\"widget\" data-e-type=\"widget\" data-widget_type=\"shortcode.default\">\n\t\t\t\t<div class=\"elementor-widget-container\">\n\t\t\t\t\t\t\t<div class=\"elementor-shortcode\"><div class='w3eden'><!-- WPDM Link Template: Default Template -->\n\n<div class=\"link-template-default card mb-2\">\n    <div class=\"card-body\">\n        <div class=\"media\">\n            <div class=\"mr-3 img-48\"><img decoding=\"async\" class=\"wpdm_icon\" alt=\"Ikon\" src=\"https:\/\/bpont.hu\/shop\/wp-content\/plugins\/download-manager\/assets\/file-type-icons\/zip.svg\" \/><\/div>\n            <div class=\"media-body\">\n                <h3 class=\"package-title\"><a href='https:\/\/bpont.hu\/shop\/index.php\/download\/win-para-programozoi-szoftverek-322_412_451_454_465_471\/'>WIN PARA programoz\u00f3i szoftverek 322_412_451_454_465_471<\/a><\/h3>\n                <div class=\"text-muted text-small\"><i class=\"fas fa-copy\"><\/i> 1 f\u00e1jl(ok) <i class=\"fas fa-hdd ml-3\"><\/i> 58.34 MB<\/div>\n            <\/div>\n            <div class=\"ml-3\">\n                <div class=\"w3eden\"><div class=\"panel panel-default card\"><div class=\"panel-body card-body\"><span class=\"text-danger\">Bejelentkez\u00e9s sz\u00fcks\u00e9ges<\/span><\/div><div class=\"panel-footer card-footer text-right\"><a href=\"https:\/\/bpont.hu\/shop\/wp-login.php?redirect_to=\/shop\/index.php\/wp-json\/wp\/v2\/pages\/8555\" class=\"btn btn-danger wpdmloginmodal-trigger btn-sm\"><i class=\"fa fa-lock\"><\/i> Bejelentkez\u00e9s<\/a><\/div><\/div><\/div>\n            <\/div>\n        <\/div>\n    <\/div>\n<\/div>\n\n<\/div><\/div>\n\t\t\t\t\t\t<\/div>\n\t\t\t\t<\/div>\n\t\t\t\t<\/div>\n\t\t<div class=\"elementor-element elementor-element-968574f e-grid e-con-full e-con e-child\" data-id=\"968574f\" data-element_type=\"container\" data-e-type=\"container\">\n\t\t\t\t<\/div>\n\t\t\t\t\t<\/div>\n\t\t\t\t<\/div>\n\t\t<div class=\"elementor-element elementor-element-033e9ad e-flex e-con-boxed e-con e-parent\" data-id=\"033e9ad\" data-element_type=\"container\" data-e-type=\"container\">\n\t\t\t\t\t<div class=\"e-con-inner\">\n\t\t<div class=\"elementor-element elementor-element-fda2501 e-con-full e-flex e-con e-child\" data-id=\"fda2501\" data-element_type=\"container\" data-e-type=\"container\">\n\t\t\t\t<div class=\"elementor-element elementor-element-655434c elementor-widget elementor-widget-image\" data-id=\"655434c\" data-element_type=\"widget\" data-e-type=\"widget\" data-widget_type=\"image.default\">\n\t\t\t\t<div class=\"elementor-widget-container\">\n\t\t\t\t\t\t\t\t\t\t\t\t\t\t\t<img loading=\"lazy\" decoding=\"async\" width=\"800\" height=\"600\" src=\"https:\/\/bpont.hu\/shop\/wp-content\/uploads\/2025\/06\/IUI_AMAX4_TEXT.png\" class=\"attachment-large size-large wp-image-712\" alt=\"\" \/>\t\t\t\t\t\t\t\t\t\t\t\t\t\t\t<\/div>\n\t\t\t\t<\/div>\n\t\t\t\t<\/div>\n\t\t<div class=\"elementor-element elementor-element-9e70332 e-grid e-con-full e-con e-child\" data-id=\"9e70332\" data-element_type=\"container\" data-e-type=\"container\">\n\t\t\t\t<div class=\"elementor-element elementor-element-d82705e elementor-widget elementor-widget-shortcode\" data-id=\"d82705e\" data-element_type=\"widget\" data-e-type=\"widget\" data-widget_type=\"shortcode.default\">\n\t\t\t\t<div class=\"elementor-widget-container\">\n\t\t\t\t\t\t\t<div class=\"elementor-shortcode\"><div class='w3eden'><!-- WPDM Link Template: Default Template -->\n\n<div class=\"link-template-default card mb-2\">\n    <div class=\"card-body\">\n        <div class=\"media\">\n            <div class=\"mr-3 img-48\"><img decoding=\"async\" class=\"wpdm_icon\" alt=\"Ikon\" src=\"https:\/\/bpont.hu\/shop\/wp-content\/plugins\/download-manager\/assets\/file-type-icons\/zip.svg\" \/><\/div>\n            <div class=\"media-body\">\n                <h3 class=\"package-title\"><a href='https:\/\/bpont.hu\/shop\/index.php\/download\/amax-es-solution-programozoi-szoftver\/'>AMAX \u00e9s Solution programoz\u00f3i szoftver<\/a><\/h3>\n                <div class=\"text-muted text-small\"><i class=\"fas fa-copy\"><\/i> 1 f\u00e1jl(ok) <i class=\"fas fa-hdd ml-3\"><\/i> 60.70 MB<\/div>\n            <\/div>\n            <div class=\"ml-3\">\n                <div class=\"w3eden\"><div class=\"panel panel-default card\"><div class=\"panel-body card-body\"><span class=\"text-danger\">Bejelentkez\u00e9s sz\u00fcks\u00e9ges<\/span><\/div><div class=\"panel-footer card-footer text-right\"><a href=\"https:\/\/bpont.hu\/shop\/wp-login.php?redirect_to=\/shop\/index.php\/wp-json\/wp\/v2\/pages\/8555\" class=\"btn btn-danger wpdmloginmodal-trigger btn-sm\"><i class=\"fa fa-lock\"><\/i> Bejelentkez\u00e9s<\/a><\/div><\/div><\/div>\n            <\/div>\n        <\/div>\n    <\/div>\n<\/div>\n\n<\/div><\/div>\n\t\t\t\t\t\t<\/div>\n\t\t\t\t<\/div>\n\t\t\t\t<\/div>\n\t\t<div class=\"elementor-element elementor-element-3b6d3ca e-grid e-con-full e-con e-child\" data-id=\"3b6d3ca\" data-element_type=\"container\" data-e-type=\"container\">\n\t\t\t\t<\/div>\n\t\t\t\t\t<\/div>\n\t\t\t\t<\/div>\n\t\t<div class=\"elementor-element elementor-element-c7a3a05 e-flex e-con-boxed e-con e-parent\" data-id=\"c7a3a05\" data-element_type=\"container\" data-e-type=\"container\">\n\t\t\t\t\t<div class=\"e-con-inner\">\n\t\t<div class=\"elementor-element elementor-element-f6d9ddd e-con-full e-flex e-con e-child\" data-id=\"f6d9ddd\" data-element_type=\"container\" data-e-type=\"container\">\n\t\t\t\t<div class=\"elementor-element elementor-element-f0f2447 elementor-widget elementor-widget-image\" data-id=\"f0f2447\" data-element_type=\"widget\" data-e-type=\"widget\" data-widget_type=\"image.default\">\n\t\t\t\t<div class=\"elementor-widget-container\">\n\t\t\t\t\t\t\t\t\t\t\t\t\t\t\t<img loading=\"lazy\" decoding=\"async\" width=\"800\" height=\"800\" src=\"https:\/\/bpont.hu\/shop\/wp-content\/uploads\/2025\/06\/B942.png\" class=\"attachment-large size-large wp-image-1154\" alt=\"\" srcset=\"https:\/\/bpont.hu\/shop\/wp-content\/uploads\/2025\/06\/B942.png 800w, https:\/\/bpont.hu\/shop\/wp-content\/uploads\/2025\/06\/B942-536x536.png 536w, https:\/\/bpont.hu\/shop\/wp-content\/uploads\/2025\/06\/B942-268x268.png 268w, https:\/\/bpont.hu\/shop\/wp-content\/uploads\/2025\/06\/B942-458x458.png 458w\" sizes=\"(max-width: 800px) 100vw, 800px\" \/>\t\t\t\t\t\t\t\t\t\t\t\t\t\t\t<\/div>\n\t\t\t\t<\/div>\n\t\t\t\t<\/div>\n\t\t<div class=\"elementor-element elementor-element-0a207df e-grid e-con-full e-con e-child\" data-id=\"0a207df\" data-element_type=\"container\" data-e-type=\"container\">\n\t\t\t\t<div class=\"elementor-element elementor-element-d7c532f elementor-widget elementor-widget-shortcode\" data-id=\"d7c532f\" data-element_type=\"widget\" data-e-type=\"widget\" data-widget_type=\"shortcode.default\">\n\t\t\t\t<div class=\"elementor-widget-container\">\n\t\t\t\t\t\t\t<div class=\"elementor-shortcode\"><div class='w3eden'><!-- WPDM Link Template: Default Template -->\n\n<div class=\"link-template-default card mb-2\">\n    <div class=\"card-body\">\n        <div class=\"media\">\n            <div class=\"mr-3 img-48\"><img decoding=\"async\" class=\"wpdm_icon\" alt=\"Ikon\" src=\"https:\/\/bpont.hu\/shop\/wp-content\/plugins\/download-manager\/assets\/file-type-icons\/zip.svg\" \/><\/div>\n            <div class=\"media-body\">\n                <h3 class=\"package-title\"><a href='https:\/\/bpont.hu\/shop\/index.php\/download\/bg-programozoi-szoftver\/'>B&G programoz\u00f3i szoftver<\/a><\/h3>\n                <div class=\"text-muted text-small\"><i class=\"fas fa-copy\"><\/i> 1 f\u00e1jl(ok) <i class=\"fas fa-hdd ml-3\"><\/i> 6.65 MB<\/div>\n            <\/div>\n            <div class=\"ml-3\">\n                <div class=\"w3eden\"><div class=\"panel panel-default card\"><div class=\"panel-body card-body\"><span class=\"text-danger\">Bejelentkez\u00e9s sz\u00fcks\u00e9ges<\/span><\/div><div class=\"panel-footer card-footer text-right\"><a href=\"https:\/\/bpont.hu\/shop\/wp-login.php?redirect_to=\/shop\/index.php\/wp-json\/wp\/v2\/pages\/8555\" class=\"btn btn-danger wpdmloginmodal-trigger btn-sm\"><i class=\"fa fa-lock\"><\/i> Bejelentkez\u00e9s<\/a><\/div><\/div><\/div>\n            <\/div>\n        <\/div>\n    <\/div>\n<\/div>\n\n<\/div><\/div>\n\t\t\t\t\t\t<\/div>\n\t\t\t\t<\/div>\n\t\t\t\t<\/div>\n\t\t<div class=\"elementor-element elementor-element-c062362 e-grid e-con-full e-con e-child\" data-id=\"c062362\" data-element_type=\"container\" data-e-type=\"container\">\n\t\t\t\t<\/div>\n\t\t\t\t\t<\/div>\n\t\t\t\t<\/div>\n\t\t<div class=\"elementor-element elementor-element-98786ae e-flex e-con-boxed e-con e-parent\" data-id=\"98786ae\" data-element_type=\"container\" data-e-type=\"container\">\n\t\t\t\t\t<div class=\"e-con-inner\">\n\t\t\t\t\t<\/div>\n\t\t\t\t<\/div>\n\t\t<div class=\"elementor-element elementor-element-04bc0e0 e-flex e-con-boxed e-con e-parent\" data-id=\"04bc0e0\" data-element_type=\"container\" data-e-type=\"container\">\n\t\t\t\t\t<div class=\"e-con-inner\">\n\t\t\t\t\t<\/div>\n\t\t\t\t<\/div>\n\t\t\t\t<\/div>\n\t\t","protected":false},"excerpt":{"rendered":"","protected":false},"author":6,"featured_media":0,"parent":0,"menu_order":0,"comment_status":"closed","ping_status":"closed","template":"","meta":{"footnotes":""},"class_list":["post-8555","page","type-page","status-publish","hentry"],"jetpack_sharing_enabled":true,"_links":{"self":[{"href":"https:\/\/bpont.hu\/shop\/index.php\/wp-json\/wp\/v2\/pages\/8555","targetHints":{"allow":["GET"]}}],"collection":[{"href":"https:\/\/bpont.hu\/shop\/index.php\/wp-json\/wp\/v2\/pages"}],"about":[{"href":"https:\/\/bpont.hu\/shop\/index.php\/wp-json\/wp\/v2\/types\/page"}],"author":[{"embeddable":true,"href":"https:\/\/bpont.hu\/shop\/index.php\/wp-json\/wp\/v2\/users\/6"}],"replies":[{"embeddable":true,"href":"https:\/\/bpont.hu\/shop\/index.php\/wp-json\/wp\/v2\/comments?post=8555"}],"version-history":[{"count":30,"href":"https:\/\/bpont.hu\/shop\/index.php\/wp-json\/wp\/v2\/pages\/8555\/revisions"}],"predecessor-version":[{"id":8650,"href":"https:\/\/bpont.hu\/shop\/index.php\/wp-json\/wp\/v2\/pages\/8555\/revisions\/8650"}],"wp:attachment":[{"href":"https:\/\/bpont.hu\/shop\/index.php\/wp-json\/wp\/v2\/media?parent=8555"}],"curies":[{"name":"wp","href":"https:\/\/api.w.org\/{rel}","templated":true}]}}