{"id":69,"date":"2025-06-18T12:45:24","date_gmt":"2025-06-18T12:45:24","guid":{"rendered":"https:\/\/bpont.shop.hu\/?page_id=69"},"modified":"2026-03-10T13:21:26","modified_gmt":"2026-03-10T11:21:26","slug":"fooldal","status":"publish","type":"page","link":"https:\/\/bpont.hu\/shop\/","title":{"rendered":"F\u0151oldal"},"content":{"rendered":"\t\t<div data-elementor-type=\"wp-page\" data-elementor-id=\"69\" class=\"elementor elementor-69\">\n\t\t\t\t<div class=\"elementor-element elementor-element-29c1b64 e-flex e-con-boxed e-con e-parent\" data-id=\"29c1b64\" data-element_type=\"container\" data-e-type=\"container\">\n\t\t\t\t\t<div class=\"e-con-inner\">\n\t\t\t\t\t<\/div>\n\t\t\t\t<\/div>\n\t\t<div class=\"elementor-element elementor-element-1e01ae8 e-grid e-con-full e-con e-parent\" data-id=\"1e01ae8\" data-element_type=\"container\" data-e-type=\"container\">\n\t\t\t\t<div class=\"elementor-element elementor-element-35d40ce elementor-widget elementor-widget-image\" data-id=\"35d40ce\" data-element_type=\"widget\" data-e-type=\"widget\" data-widget_type=\"image.default\">\n\t\t\t\t<div class=\"elementor-widget-container\">\n\t\t\t\t\t\t\t\t\t\t\t\t<figure class=\"wp-caption\">\n\t\t\t\t\t\t\t\t\t\t\t<a href=\"https:\/\/bpont.hu\/shop\/index.php\/product-category\/tuzjelzo-rendszerek\/\">\n\t\t\t\t\t\t\t<img fetchpriority=\"high\" decoding=\"async\" width=\"300\" height=\"300\" src=\"https:\/\/bpont.hu\/shop\/wp-content\/uploads\/2025\/06\/Avenar4000_8x8-300x300.png\" class=\"elementor-animation-grow attachment-medium size-medium wp-image-262\" alt=\"\" srcset=\"https:\/\/bpont.hu\/shop\/wp-content\/uploads\/2025\/06\/Avenar4000_8x8-300x300.png 300w, https:\/\/bpont.hu\/shop\/wp-content\/uploads\/2025\/06\/Avenar4000_8x8-150x150.png 150w, https:\/\/bpont.hu\/shop\/wp-content\/uploads\/2025\/06\/Avenar4000_8x8-768x768.png 768w, https:\/\/bpont.hu\/shop\/wp-content\/uploads\/2025\/06\/Avenar4000_8x8-600x600.png 600w, https:\/\/bpont.hu\/shop\/wp-content\/uploads\/2025\/06\/Avenar4000_8x8-100x100.png 100w, https:\/\/bpont.hu\/shop\/wp-content\/uploads\/2025\/06\/Avenar4000_8x8.png 800w\" sizes=\"(max-width: 300px) 100vw, 300px\" \/>\t\t\t\t\t\t\t\t<\/a>\n\t\t\t\t\t\t\t\t\t\t\t<figcaption class=\"widget-image-caption wp-caption-text\">T\u0171zjelz\u0151<br>rendszerek<\/figcaption>\n\t\t\t\t\t\t\t\t\t\t<\/figure>\n\t\t\t\t\t\t\t\t\t<\/div>\n\t\t\t\t<\/div>\n\t\t\t\t<div class=\"elementor-element elementor-element-ba10d02 elementor-widget elementor-widget-image\" data-id=\"ba10d02\" data-element_type=\"widget\" data-e-type=\"widget\" data-widget_type=\"image.default\">\n\t\t\t\t<div class=\"elementor-widget-container\">\n\t\t\t\t\t\t\t\t\t\t\t\t<figure class=\"wp-caption\">\n\t\t\t\t\t\t\t\t\t\t\t<a href=\"https:\/\/bpont.hu\/shop\/index.php\/product-category\/riasztorendszerek\/\">\n\t\t\t\t\t\t\t<img decoding=\"async\" width=\"300\" height=\"300\" src=\"https:\/\/bpont.hu\/shop\/wp-content\/uploads\/2025\/06\/Bosch_blue_line_series-300x300.png\" class=\"elementor-animation-grow attachment-medium size-medium wp-image-265\" alt=\"\" srcset=\"https:\/\/bpont.hu\/shop\/wp-content\/uploads\/2025\/06\/Bosch_blue_line_series-300x300.png 300w, https:\/\/bpont.hu\/shop\/wp-content\/uploads\/2025\/06\/Bosch_blue_line_series-150x150.png 150w, https:\/\/bpont.hu\/shop\/wp-content\/uploads\/2025\/06\/Bosch_blue_line_series-768x768.png 768w, https:\/\/bpont.hu\/shop\/wp-content\/uploads\/2025\/06\/Bosch_blue_line_series-600x600.png 600w, https:\/\/bpont.hu\/shop\/wp-content\/uploads\/2025\/06\/Bosch_blue_line_series-100x100.png 100w, https:\/\/bpont.hu\/shop\/wp-content\/uploads\/2025\/06\/Bosch_blue_line_series.png 800w\" sizes=\"(max-width: 300px) 100vw, 300px\" \/>\t\t\t\t\t\t\t\t<\/a>\n\t\t\t\t\t\t\t\t\t\t\t<figcaption class=\"widget-image-caption wp-caption-text\">Behatol\u00e1sjelz\u0151<br>rendsterek<\/figcaption>\n\t\t\t\t\t\t\t\t\t\t<\/figure>\n\t\t\t\t\t\t\t\t\t<\/div>\n\t\t\t\t<\/div>\n\t\t\t\t<div class=\"elementor-element elementor-element-99e5ba3 elementor-widget elementor-widget-image\" data-id=\"99e5ba3\" data-element_type=\"widget\" data-e-type=\"widget\" data-widget_type=\"image.default\">\n\t\t\t\t<div class=\"elementor-widget-container\">\n\t\t\t\t\t\t\t\t\t\t\t\t<figure class=\"wp-caption\">\n\t\t\t\t\t\t\t\t\t\t\t<a href=\"https:\/\/bpont.hu\/shop\/index.php\/product-category\/kamerarendszer\/\">\n\t\t\t\t\t\t\t<img decoding=\"async\" width=\"300\" height=\"300\" src=\"https:\/\/bpont.hu\/shop\/wp-content\/uploads\/2025\/06\/Bosch_turret_compact_camera_7x7-300x300.png\" class=\"elementor-animation-grow attachment-medium size-medium wp-image-268\" alt=\"\" srcset=\"https:\/\/bpont.hu\/shop\/wp-content\/uploads\/2025\/06\/Bosch_turret_compact_camera_7x7-300x300.png 300w, https:\/\/bpont.hu\/shop\/wp-content\/uploads\/2025\/06\/Bosch_turret_compact_camera_7x7-150x150.png 150w, https:\/\/bpont.hu\/shop\/wp-content\/uploads\/2025\/06\/Bosch_turret_compact_camera_7x7-768x768.png 768w, https:\/\/bpont.hu\/shop\/wp-content\/uploads\/2025\/06\/Bosch_turret_compact_camera_7x7-600x600.png 600w, https:\/\/bpont.hu\/shop\/wp-content\/uploads\/2025\/06\/Bosch_turret_compact_camera_7x7-100x100.png 100w, https:\/\/bpont.hu\/shop\/wp-content\/uploads\/2025\/06\/Bosch_turret_compact_camera_7x7.png 800w\" sizes=\"(max-width: 300px) 100vw, 300px\" \/>\t\t\t\t\t\t\t\t<\/a>\n\t\t\t\t\t\t\t\t\t\t\t<figcaption class=\"widget-image-caption wp-caption-text\">Vide\u00f3megfigyel\u0151<br>rendszerek<\/figcaption>\n\t\t\t\t\t\t\t\t\t\t<\/figure>\n\t\t\t\t\t\t\t\t\t<\/div>\n\t\t\t\t<\/div>\n\t\t\t\t<div class=\"elementor-element elementor-element-2911661 elementor-widget elementor-widget-image\" data-id=\"2911661\" data-element_type=\"widget\" data-e-type=\"widget\" data-widget_type=\"image.default\">\n\t\t\t\t<div class=\"elementor-widget-container\">\n\t\t\t\t\t\t\t\t\t\t\t\t<figure class=\"wp-caption\">\n\t\t\t\t\t\t\t\t\t\t\t<a href=\"https:\/\/bpont.hu\/shop\/index.php\/product-category\/hangositas-es-evac\/\">\n\t\t\t\t\t\t\t<img loading=\"lazy\" decoding=\"async\" width=\"300\" height=\"300\" src=\"https:\/\/bpont.hu\/shop\/wp-content\/uploads\/2025\/06\/Bosch_projector_loudspeaker-1-300x300.png\" class=\"elementor-animation-grow attachment-medium size-medium wp-image-267\" alt=\"\" srcset=\"https:\/\/bpont.hu\/shop\/wp-content\/uploads\/2025\/06\/Bosch_projector_loudspeaker-1-300x300.png 300w, https:\/\/bpont.hu\/shop\/wp-content\/uploads\/2025\/06\/Bosch_projector_loudspeaker-1-150x150.png 150w, https:\/\/bpont.hu\/shop\/wp-content\/uploads\/2025\/06\/Bosch_projector_loudspeaker-1-768x768.png 768w, https:\/\/bpont.hu\/shop\/wp-content\/uploads\/2025\/06\/Bosch_projector_loudspeaker-1-600x600.png 600w, https:\/\/bpont.hu\/shop\/wp-content\/uploads\/2025\/06\/Bosch_projector_loudspeaker-1-100x100.png 100w, https:\/\/bpont.hu\/shop\/wp-content\/uploads\/2025\/06\/Bosch_projector_loudspeaker-1.png 800w\" sizes=\"(max-width: 300px) 100vw, 300px\" \/>\t\t\t\t\t\t\t\t<\/a>\n\t\t\t\t\t\t\t\t\t\t\t<figcaption class=\"widget-image-caption wp-caption-text\">Hang\/V\u00e9szhangos\u00edt\u00e1s<br>rendszerek<\/figcaption>\n\t\t\t\t\t\t\t\t\t\t<\/figure>\n\t\t\t\t\t\t\t\t\t<\/div>\n\t\t\t\t<\/div>\n\t\t\t\t<\/div>\n\t\t<div class=\"elementor-element elementor-element-61a66af e-flex e-con-boxed e-con e-parent\" data-id=\"61a66af\" data-element_type=\"container\" data-e-type=\"container\">\n\t\t\t\t\t<div class=\"e-con-inner\">\n\t\t\t\t<div class=\"elementor-element elementor-element-030a96f elementor-widget elementor-widget-spacer\" data-id=\"030a96f\" data-element_type=\"widget\" data-e-type=\"widget\" data-widget_type=\"spacer.default\">\n\t\t\t\t<div class=\"elementor-widget-container\">\n\t\t\t\t\t\t\t<div class=\"elementor-spacer\">\n\t\t\t<div class=\"elementor-spacer-inner\"><\/div>\n\t\t<\/div>\n\t\t\t\t\t\t<\/div>\n\t\t\t\t<\/div>\n\t\t\t\t\t<\/div>\n\t\t\t\t<\/div>\n\t\t<div class=\"elementor-element elementor-element-043c5b9 e-con-full e-flex e-con e-parent\" data-id=\"043c5b9\" data-element_type=\"container\" data-e-type=\"container\">\n\t\t\t\t<div class=\"elementor-element elementor-element-2b056b0 elementor-widget elementor-widget-heading\" data-id=\"2b056b0\" data-element_type=\"widget\" data-e-type=\"widget\" data-widget_type=\"heading.default\">\n\t\t\t\t<div class=\"elementor-widget-container\">\n\t\t\t\t\t<h2 class=\"elementor-heading-title elementor-size-default\">T\u00e1mogat\u00e1s<\/h2>\t\t\t\t<\/div>\n\t\t\t\t<\/div>\n\t\t\t\t<\/div>\n\t\t<div class=\"elementor-element elementor-element-8a3ad2a e-con-full e-flex e-con e-parent\" data-id=\"8a3ad2a\" data-element_type=\"container\" data-e-type=\"container\">\n\t\t<div class=\"elementor-element elementor-element-bfc27ed e-con-full e-flex e-con e-child\" data-id=\"bfc27ed\" data-element_type=\"container\" data-e-type=\"container\">\n\t\t\t\t<div class=\"elementor-element elementor-element-8c62e1c elementor-widget elementor-widget-image\" data-id=\"8c62e1c\" data-element_type=\"widget\" data-e-type=\"widget\" data-widget_type=\"image.default\">\n\t\t\t\t<div class=\"elementor-widget-container\">\n\t\t\t\t\t\t\t\t\t\t\t\t<figure class=\"wp-caption\">\n\t\t\t\t\t\t\t\t\t\t\t<a href=\"https:\/\/bpont.hu\/shop\/index.php\/szerviz\/\" target=\"_blank\">\n\t\t\t\t\t\t\t<img loading=\"lazy\" decoding=\"async\" width=\"600\" height=\"234\" src=\"https:\/\/bpont.hu\/shop\/wp-content\/uploads\/2025\/06\/szerviz2-600x234.png\" class=\"elementor-animation-grow attachment-woocommerce_single size-woocommerce_single wp-image-319\" alt=\"\" srcset=\"https:\/\/bpont.hu\/shop\/wp-content\/uploads\/2025\/06\/szerviz2-600x234.png 600w, https:\/\/bpont.hu\/shop\/wp-content\/uploads\/2025\/06\/szerviz2-300x117.png 300w, https:\/\/bpont.hu\/shop\/wp-content\/uploads\/2025\/06\/szerviz2-1024x399.png 1024w, https:\/\/bpont.hu\/shop\/wp-content\/uploads\/2025\/06\/szerviz2-768x299.png 768w, https:\/\/bpont.hu\/shop\/wp-content\/uploads\/2025\/06\/szerviz2.png 1279w\" sizes=\"(max-width: 600px) 100vw, 600px\" \/>\t\t\t\t\t\t\t\t<\/a>\n\t\t\t\t\t\t\t\t\t\t\t<figcaption class=\"widget-image-caption wp-caption-text\">Szerv\u00edz<\/figcaption>\n\t\t\t\t\t\t\t\t\t\t<\/figure>\n\t\t\t\t\t\t\t\t\t<\/div>\n\t\t\t\t<\/div>\n\t\t\t\t<\/div>\n\t\t<div class=\"elementor-element elementor-element-64963b0 e-con-full e-flex e-con e-child\" data-id=\"64963b0\" data-element_type=\"container\" data-e-type=\"container\">\n\t\t\t\t<div class=\"elementor-element elementor-element-c68db64 elementor-widget elementor-widget-image\" data-id=\"c68db64\" data-element_type=\"widget\" data-e-type=\"widget\" data-widget_type=\"image.default\">\n\t\t\t\t<div class=\"elementor-widget-container\">\n\t\t\t\t\t\t\t\t\t\t\t\t<figure class=\"wp-caption\">\n\t\t\t\t\t\t\t\t\t\t\t<a href=\"https:\/\/bpont.hu\/shop\/index.php\/programok\/\" target=\"_blank\">\n\t\t\t\t\t\t\t<img loading=\"lazy\" decoding=\"async\" width=\"768\" height=\"768\" src=\"https:\/\/bpont.hu\/shop\/wp-content\/uploads\/2026\/03\/Software_8x8-768x768.png\" class=\"elementor-animation-grow attachment-medium_large size-medium_large wp-image-9853\" alt=\"\" srcset=\"https:\/\/bpont.hu\/shop\/wp-content\/uploads\/2026\/03\/Software_8x8-768x768.png 768w, https:\/\/bpont.hu\/shop\/wp-content\/uploads\/2026\/03\/Software_8x8-300x300.png 300w, https:\/\/bpont.hu\/shop\/wp-content\/uploads\/2026\/03\/Software_8x8-150x150.png 150w, https:\/\/bpont.hu\/shop\/wp-content\/uploads\/2026\/03\/Software_8x8-600x600.png 600w, https:\/\/bpont.hu\/shop\/wp-content\/uploads\/2026\/03\/Software_8x8-100x100.png 100w, https:\/\/bpont.hu\/shop\/wp-content\/uploads\/2026\/03\/Software_8x8.png 800w\" sizes=\"(max-width: 768px) 100vw, 768px\" \/>\t\t\t\t\t\t\t\t<\/a>\n\t\t\t\t\t\t\t\t\t\t\t<figcaption class=\"widget-image-caption wp-caption-text\">Szoftverek<\/figcaption>\n\t\t\t\t\t\t\t\t\t\t<\/figure>\n\t\t\t\t\t\t\t\t\t<\/div>\n\t\t\t\t<\/div>\n\t\t\t\t<\/div>\n\t\t<div class=\"elementor-element elementor-element-ef79a91 e-con-full e-flex e-con e-child\" data-id=\"ef79a91\" data-element_type=\"container\" data-e-type=\"container\">\n\t\t\t\t<div class=\"elementor-element elementor-element-0f98a99 elementor-widget elementor-widget-image\" data-id=\"0f98a99\" data-element_type=\"widget\" data-e-type=\"widget\" data-widget_type=\"image.default\">\n\t\t\t\t<div class=\"elementor-widget-container\">\n\t\t\t\t\t\t\t\t\t\t\t\t<figure class=\"wp-caption\">\n\t\t\t\t\t\t\t\t\t\t\t<a href=\"https:\/\/bpont.hu\/shop\/index.php\/akciok\/\" target=\"_blank\">\n\t\t\t\t\t\t\t<img loading=\"lazy\" decoding=\"async\" width=\"1024\" height=\"384\" src=\"https:\/\/bpont.hu\/shop\/wp-content\/uploads\/2025\/06\/akciok-1024x384.png\" class=\"elementor-animation-grow attachment-large size-large wp-image-346\" alt=\"\" srcset=\"https:\/\/bpont.hu\/shop\/wp-content\/uploads\/2025\/06\/akciok-1024x384.png 1024w, https:\/\/bpont.hu\/shop\/wp-content\/uploads\/2025\/06\/akciok-300x113.png 300w, https:\/\/bpont.hu\/shop\/wp-content\/uploads\/2025\/06\/akciok-768x288.png 768w, https:\/\/bpont.hu\/shop\/wp-content\/uploads\/2025\/06\/akciok-600x225.png 600w, https:\/\/bpont.hu\/shop\/wp-content\/uploads\/2025\/06\/akciok.png 1200w\" sizes=\"(max-width: 1024px) 100vw, 1024px\" \/>\t\t\t\t\t\t\t\t<\/a>\n\t\t\t\t\t\t\t\t\t\t\t<figcaption class=\"widget-image-caption wp-caption-text\">Akci\u00f3k<\/figcaption>\n\t\t\t\t\t\t\t\t\t\t<\/figure>\n\t\t\t\t\t\t\t\t\t<\/div>\n\t\t\t\t<\/div>\n\t\t\t\t<\/div>\n\t\t\t\t<\/div>\n\t\t<div class=\"elementor-element elementor-element-a50db9c e-flex e-con-boxed e-con e-parent\" data-id=\"a50db9c\" data-element_type=\"container\" data-e-type=\"container\">\n\t\t\t\t\t<div class=\"e-con-inner\">\n\t\t\t\t<div class=\"elementor-element elementor-element-3cd65c3 elementor-widget elementor-widget-spacer\" data-id=\"3cd65c3\" data-element_type=\"widget\" data-e-type=\"widget\" data-widget_type=\"spacer.default\">\n\t\t\t\t<div class=\"elementor-widget-container\">\n\t\t\t\t\t\t\t<div class=\"elementor-spacer\">\n\t\t\t<div class=\"elementor-spacer-inner\"><\/div>\n\t\t<\/div>\n\t\t\t\t\t\t<\/div>\n\t\t\t\t<\/div>\n\t\t\t\t\t<\/div>\n\t\t\t\t<\/div>\n\t\t<div class=\"elementor-element elementor-element-22ba734 e-con-full e-flex e-con e-parent\" data-id=\"22ba734\" data-element_type=\"container\" data-e-type=\"container\">\n\t\t\t\t<div class=\"elementor-element elementor-element-c6b4b47 elementor-widget elementor-widget-heading\" data-id=\"c6b4b47\" data-element_type=\"widget\" data-e-type=\"widget\" data-widget_type=\"heading.default\">\n\t\t\t\t<div class=\"elementor-widget-container\">\n\t\t\t\t\t<h2 class=\"elementor-heading-title elementor-size-default\">Rendszereink<\/h2>\t\t\t\t<\/div>\n\t\t\t\t<\/div>\n\t\t\t\t<\/div>\n\t\t<div class=\"elementor-element elementor-element-ec508b9 e-con-full e-flex e-con e-parent\" data-id=\"ec508b9\" data-element_type=\"container\" data-e-type=\"container\">\n\t\t<div class=\"elementor-element elementor-element-1bb0bac e-con-full e-flex e-con e-child\" data-id=\"1bb0bac\" data-element_type=\"container\" data-e-type=\"container\">\n\t\t\t\t<div class=\"elementor-element elementor-element-c9103bf elementor-widget elementor-widget-button\" data-id=\"c9103bf\" data-element_type=\"widget\" data-e-type=\"widget\" data-widget_type=\"button.default\">\n\t\t\t\t<div class=\"elementor-widget-container\">\n\t\t\t\t\t\t\t\t\t<div class=\"elementor-button-wrapper\">\n\t\t\t\t\t<a class=\"elementor-button elementor-button-link elementor-size-sm\" href=\"https:\/\/bpont.hu\/shop\/index.php\/tuzjelzo\/\" target=\"_blank\">\n\t\t\t\t\t\t<span class=\"elementor-button-content-wrapper\">\n\t\t\t\t\t\t\t\t\t<span class=\"elementor-button-text\">Bosch \u00e9let \u00e9s vagyon v\u00e9delme innovat\u00edv t\u0171zv\u00e9delmi rendszerekkel...<\/span>\n\t\t\t\t\t<\/span>\n\t\t\t\t\t<\/a>\n\t\t\t\t<\/div>\n\t\t\t\t\t\t\t\t<\/div>\n\t\t\t\t<\/div>\n\t\t\t\t<\/div>\n\t\t<div class=\"elementor-element elementor-element-b304259 e-con-full e-flex e-con e-child\" data-id=\"b304259\" data-element_type=\"container\" data-e-type=\"container\">\n\t\t\t\t<div class=\"elementor-element elementor-element-e7c01bf elementor-widget elementor-widget-button\" data-id=\"e7c01bf\" data-element_type=\"widget\" data-e-type=\"widget\" data-widget_type=\"button.default\">\n\t\t\t\t<div class=\"elementor-widget-container\">\n\t\t\t\t\t\t\t\t\t<div class=\"elementor-button-wrapper\">\n\t\t\t\t\t<a class=\"elementor-button elementor-size-sm\" role=\"button\">\n\t\t\t\t\t\t<span class=\"elementor-button-content-wrapper\">\n\t\t\t\t\t\t\t\t\t<span class=\"elementor-button-text\">Bosch vagyonv\u00e9delem. Nagyfok\u00fa rugalmass\u00e1g a jobb biztons\u00e1g \u00e9rdek\u00e9ben...<\/span>\n\t\t\t\t\t<\/span>\n\t\t\t\t\t<\/a>\n\t\t\t\t<\/div>\n\t\t\t\t\t\t\t\t<\/div>\n\t\t\t\t<\/div>\n\t\t\t\t<\/div>\n\t\t<div class=\"elementor-element elementor-element-50d248a e-con-full e-flex e-con e-child\" data-id=\"50d248a\" data-element_type=\"container\" data-e-type=\"container\">\n\t\t\t\t<div class=\"elementor-element elementor-element-3a2a7cd elementor-widget elementor-widget-button\" data-id=\"3a2a7cd\" data-element_type=\"widget\" data-e-type=\"widget\" data-widget_type=\"button.default\">\n\t\t\t\t<div class=\"elementor-widget-container\">\n\t\t\t\t\t\t\t\t\t<div class=\"elementor-button-wrapper\">\n\t\t\t\t\t<a class=\"elementor-button elementor-size-sm\" role=\"button\">\n\t\t\t\t\t\t<span class=\"elementor-button-content-wrapper\">\n\t\t\t\t\t\t\t\t\t<span class=\"elementor-button-text\">Bosch Vizu\u00e1lis intelligencia egy zavartalan vil\u00e1g\u00e9rt...<\/span>\n\t\t\t\t\t<\/span>\n\t\t\t\t\t<\/a>\n\t\t\t\t<\/div>\n\t\t\t\t\t\t\t\t<\/div>\n\t\t\t\t<\/div>\n\t\t\t\t<\/div>\n\t\t<div class=\"elementor-element elementor-element-e22f77b e-con-full e-flex e-con e-child\" data-id=\"e22f77b\" data-element_type=\"container\" data-e-type=\"container\">\n\t\t\t\t<div class=\"elementor-element elementor-element-91ba798 elementor-widget elementor-widget-button\" data-id=\"91ba798\" data-element_type=\"widget\" data-e-type=\"widget\" data-widget_type=\"button.default\">\n\t\t\t\t<div class=\"elementor-widget-container\">\n\t\t\t\t\t\t\t\t\t<div class=\"elementor-button-wrapper\">\n\t\t\t\t\t<a class=\"elementor-button elementor-size-sm\" role=\"button\">\n\t\t\t\t\t\t<span class=\"elementor-button-content-wrapper\">\n\t\t\t\t\t\t\t\t\t<span class=\"elementor-button-text\">Bosch \u00d6sszekapcsoljuk azokat, akik sz\u00e1m\u00edtanak...<\/span>\n\t\t\t\t\t<\/span>\n\t\t\t\t\t<\/a>\n\t\t\t\t<\/div>\n\t\t\t\t\t\t\t\t<\/div>\n\t\t\t\t<\/div>\n\t\t\t\t<\/div>\n\t\t\t\t<\/div>\n\t\t<div class=\"elementor-element elementor-element-3ded476 e-flex e-con-boxed e-con e-parent\" data-id=\"3ded476\" data-element_type=\"container\" data-e-type=\"container\">\n\t\t\t\t\t<div class=\"e-con-inner\">\n\t\t\t\t\t<\/div>\n\t\t\t\t<\/div>\n\t\t\t\t<\/div>\n\t\t","protected":false},"excerpt":{"rendered":"<p>T\u0171zjelz\u0151rendszerek Behatol\u00e1sjelz\u0151rendsterek Vide\u00f3megfigyel\u0151rendszerek Hang\/V\u00e9szhangos\u00edt\u00e1srendszerek T\u00e1mogat\u00e1s Szerv\u00edz Szoftverek Akci\u00f3k Rendszereink Bosch \u00e9let \u00e9s vagyon v\u00e9delme innovat\u00edv t\u0171zv\u00e9delmi rendszerekkel&#8230; Bosch vagyonv\u00e9delem. Nagyfok\u00fa rugalmass\u00e1g a jobb biztons\u00e1g \u00e9rdek\u00e9ben&#8230; Bosch Vizu\u00e1lis intelligencia egy zavartalan vil\u00e1g\u00e9rt&#8230; Bosch \u00d6sszekapcsoljuk azokat, akik sz\u00e1m\u00edtanak&#8230;<\/p>\n","protected":false},"author":1,"featured_media":0,"parent":0,"menu_order":0,"comment_status":"closed","ping_status":"closed","template":"page-blog.php","meta":{"footnotes":""},"class_list":["post-69","page","type-page","status-publish","hentry"],"jetpack_sharing_enabled":true,"_links":{"self":[{"href":"https:\/\/bpont.hu\/shop\/index.php\/wp-json\/wp\/v2\/pages\/69","targetHints":{"allow":["GET"]}}],"collection":[{"href":"https:\/\/bpont.hu\/shop\/index.php\/wp-json\/wp\/v2\/pages"}],"about":[{"href":"https:\/\/bpont.hu\/shop\/index.php\/wp-json\/wp\/v2\/types\/page"}],"author":[{"embeddable":true,"href":"https:\/\/bpont.hu\/shop\/index.php\/wp-json\/wp\/v2\/users\/1"}],"replies":[{"embeddable":true,"href":"https:\/\/bpont.hu\/shop\/index.php\/wp-json\/wp\/v2\/comments?post=69"}],"version-history":[{"count":284,"href":"https:\/\/bpont.hu\/shop\/index.php\/wp-json\/wp\/v2\/pages\/69\/revisions"}],"predecessor-version":[{"id":10110,"href":"https:\/\/bpont.hu\/shop\/index.php\/wp-json\/wp\/v2\/pages\/69\/revisions\/10110"}],"wp:attachment":[{"href":"https:\/\/bpont.hu\/shop\/index.php\/wp-json\/wp\/v2\/media?parent=69"}],"curies":[{"name":"wp","href":"https:\/\/api.w.org\/{rel}","templated":true}]}}