{"id":3475,"date":"2025-07-10T12:57:45","date_gmt":"2025-07-10T12:57:45","guid":{"rendered":"https:\/\/bpont.shop.hu\/?page_id=3475"},"modified":"2026-03-03T20:23:23","modified_gmt":"2026-03-03T18:23:23","slug":"informaciok","status":"publish","type":"page","link":"https:\/\/bpont.hu\/shop\/index.php\/informaciok\/","title":{"rendered":"Inform\u00e1ci\u00f3k"},"content":{"rendered":"\t\t<div data-elementor-type=\"wp-page\" data-elementor-id=\"3475\" class=\"elementor elementor-3475\">\n\t\t\t\t<div class=\"elementor-element elementor-element-ce5ae42 e-flex e-con-boxed e-con e-parent\" data-id=\"ce5ae42\" data-element_type=\"container\" data-e-type=\"container\">\n\t\t\t\t\t<div class=\"e-con-inner\">\n\t\t\t\t\t<\/div>\n\t\t\t\t<\/div>\n\t\t<div class=\"elementor-element elementor-element-f825de3 e-grid e-con-full e-con e-parent\" data-id=\"f825de3\" data-element_type=\"container\" data-e-type=\"container\">\n\t\t\t\t<div class=\"elementor-element elementor-element-8e6b5b5 elementor-widget elementor-widget-image\" data-id=\"8e6b5b5\" data-element_type=\"widget\" data-e-type=\"widget\" data-widget_type=\"image.default\">\n\t\t\t\t<div class=\"elementor-widget-container\">\n\t\t\t\t\t\t\t\t\t\t\t\t<figure class=\"wp-caption\">\n\t\t\t\t\t\t\t\t\t\t\t<a href=\"https:\/\/bpont.hu\/shop\/index.php\/elerhetoseg\/\">\n\t\t\t\t\t\t\t<img fetchpriority=\"high\" decoding=\"async\" width=\"1024\" height=\"345\" src=\"https:\/\/bpont.hu\/shop\/wp-content\/uploads\/2025\/07\/fix_terkep-1024x345.png\" class=\"elementor-animation-skew-forward attachment-large size-large wp-image-3482\" alt=\"\" srcset=\"https:\/\/bpont.hu\/shop\/wp-content\/uploads\/2025\/07\/fix_terkep-1024x345.png 1024w, https:\/\/bpont.hu\/shop\/wp-content\/uploads\/2025\/07\/fix_terkep-300x101.png 300w, https:\/\/bpont.hu\/shop\/wp-content\/uploads\/2025\/07\/fix_terkep-768x258.png 768w, https:\/\/bpont.hu\/shop\/wp-content\/uploads\/2025\/07\/fix_terkep-600x202.png 600w, https:\/\/bpont.hu\/shop\/wp-content\/uploads\/2025\/07\/fix_terkep.png 1135w\" sizes=\"(max-width: 1024px) 100vw, 1024px\" \/>\t\t\t\t\t\t\t\t<\/a>\n\t\t\t\t\t\t\t\t\t\t\t<figcaption class=\"widget-image-caption wp-caption-text\">El\u00e9rhet\u0151s\u00e9g<\/figcaption>\n\t\t\t\t\t\t\t\t\t\t<\/figure>\n\t\t\t\t\t\t\t\t\t<\/div>\n\t\t\t\t<\/div>\n\t\t\t\t<div class=\"elementor-element elementor-element-27e54b0 elementor-widget elementor-widget-image\" data-id=\"27e54b0\" data-element_type=\"widget\" data-e-type=\"widget\" data-widget_type=\"image.default\">\n\t\t\t\t<div class=\"elementor-widget-container\">\n\t\t\t\t\t\t\t\t\t\t\t\t<figure class=\"wp-caption\">\n\t\t\t\t\t\t\t\t\t\t\t<a href=\"https:\/\/bpont.hu\/shop\/index.php\/aszf\/\" target=\"_blank\">\n\t\t\t\t\t\t\t<img decoding=\"async\" width=\"300\" height=\"300\" src=\"https:\/\/bpont.hu\/shop\/wp-content\/uploads\/2025\/07\/Info_ikon-300x300.png\" class=\"elementor-animation-skew-forward attachment-medium size-medium wp-image-3483\" alt=\"\" srcset=\"https:\/\/bpont.hu\/shop\/wp-content\/uploads\/2025\/07\/Info_ikon-300x300.png 300w, https:\/\/bpont.hu\/shop\/wp-content\/uploads\/2025\/07\/Info_ikon-150x150.png 150w, https:\/\/bpont.hu\/shop\/wp-content\/uploads\/2025\/07\/Info_ikon-100x100.png 100w, https:\/\/bpont.hu\/shop\/wp-content\/uploads\/2025\/07\/Info_ikon.png 512w\" sizes=\"(max-width: 300px) 100vw, 300px\" \/>\t\t\t\t\t\t\t\t<\/a>\n\t\t\t\t\t\t\t\t\t\t\t<figcaption class=\"widget-image-caption wp-caption-text\">\u00c1ltal\u00e1nos szerz\u0151d\u00e9si felt\u00e9telek (\u00c1SZF)<\/figcaption>\n\t\t\t\t\t\t\t\t\t\t<\/figure>\n\t\t\t\t\t\t\t\t\t<\/div>\n\t\t\t\t<\/div>\n\t\t\t\t<div class=\"elementor-element elementor-element-898edfc elementor-widget elementor-widget-image\" data-id=\"898edfc\" data-element_type=\"widget\" data-e-type=\"widget\" data-widget_type=\"image.default\">\n\t\t\t\t<div class=\"elementor-widget-container\">\n\t\t\t\t\t\t\t\t\t\t\t\t<figure class=\"wp-caption\">\n\t\t\t\t\t\t\t\t\t\t\t<a href=\"https:\/\/bpont.hu\/shop\/index.php\/privacy-policy\/\">\n\t\t\t\t\t\t\t<img decoding=\"async\" width=\"512\" height=\"512\" src=\"https:\/\/bpont.hu\/shop\/wp-content\/uploads\/2025\/07\/paragrafus.png\" class=\"elementor-animation-skew-forward attachment-large size-large wp-image-3484\" alt=\"\" srcset=\"https:\/\/bpont.hu\/shop\/wp-content\/uploads\/2025\/07\/paragrafus.png 512w, https:\/\/bpont.hu\/shop\/wp-content\/uploads\/2025\/07\/paragrafus-300x300.png 300w, https:\/\/bpont.hu\/shop\/wp-content\/uploads\/2025\/07\/paragrafus-150x150.png 150w, https:\/\/bpont.hu\/shop\/wp-content\/uploads\/2025\/07\/paragrafus-100x100.png 100w\" sizes=\"(max-width: 512px) 100vw, 512px\" \/>\t\t\t\t\t\t\t\t<\/a>\n\t\t\t\t\t\t\t\t\t\t\t<figcaption class=\"widget-image-caption wp-caption-text\">Adatv\u00e9delem<\/figcaption>\n\t\t\t\t\t\t\t\t\t\t<\/figure>\n\t\t\t\t\t\t\t\t\t<\/div>\n\t\t\t\t<\/div>\n\t\t\t\t<div class=\"elementor-element elementor-element-66fcc77 elementor-widget elementor-widget-image\" data-id=\"66fcc77\" data-element_type=\"widget\" data-e-type=\"widget\" data-widget_type=\"image.default\">\n\t\t\t\t<div class=\"elementor-widget-container\">\n\t\t\t\t\t\t\t\t\t\t\t\t<figure class=\"wp-caption\">\n\t\t\t\t\t\t\t\t\t\t\t<a href=\"https:\/\/bpont.hu\/shop\/index.php\/privacy-policy\/\">\n\t\t\t\t\t\t\t<img loading=\"lazy\" decoding=\"async\" width=\"360\" height=\"720\" src=\"https:\/\/bpont.hu\/shop\/wp-content\/uploads\/2025\/07\/Toll.png\" class=\"elementor-animation-skew-forward attachment-large size-large wp-image-3392\" alt=\"\" srcset=\"https:\/\/bpont.hu\/shop\/wp-content\/uploads\/2025\/07\/Toll.png 360w, https:\/\/bpont.hu\/shop\/wp-content\/uploads\/2025\/07\/Toll-150x300.png 150w\" sizes=\"(max-width: 360px) 100vw, 360px\" \/>\t\t\t\t\t\t\t\t<\/a>\n\t\t\t\t\t\t\t\t\t\t\t<figcaption class=\"widget-image-caption wp-caption-text\">\u00cdrjon nek\u00fcnk<\/figcaption>\n\t\t\t\t\t\t\t\t\t\t<\/figure>\n\t\t\t\t\t\t\t\t\t<\/div>\n\t\t\t\t<\/div>\n\t\t\t\t<\/div>\n\t\t\t\t<\/div>\n\t\t","protected":false},"excerpt":{"rendered":"<p>El\u00e9rhet\u0151s\u00e9g \u00c1ltal\u00e1nos szerz\u0151d\u00e9si felt\u00e9telek (\u00c1SZF) Adatv\u00e9delem \u00cdrjon nek\u00fcnk<\/p>\n","protected":false},"author":1,"featured_media":0,"parent":0,"menu_order":0,"comment_status":"closed","ping_status":"closed","template":"","meta":{"footnotes":""},"class_list":["post-3475","page","type-page","status-publish","hentry"],"jetpack_sharing_enabled":true,"_links":{"self":[{"href":"https:\/\/bpont.hu\/shop\/index.php\/wp-json\/wp\/v2\/pages\/3475","targetHints":{"allow":["GET"]}}],"collection":[{"href":"https:\/\/bpont.hu\/shop\/index.php\/wp-json\/wp\/v2\/pages"}],"about":[{"href":"https:\/\/bpont.hu\/shop\/index.php\/wp-json\/wp\/v2\/types\/page"}],"author":[{"embeddable":true,"href":"https:\/\/bpont.hu\/shop\/index.php\/wp-json\/wp\/v2\/users\/1"}],"replies":[{"embeddable":true,"href":"https:\/\/bpont.hu\/shop\/index.php\/wp-json\/wp\/v2\/comments?post=3475"}],"version-history":[{"count":38,"href":"https:\/\/bpont.hu\/shop\/index.php\/wp-json\/wp\/v2\/pages\/3475\/revisions"}],"predecessor-version":[{"id":9868,"href":"https:\/\/bpont.hu\/shop\/index.php\/wp-json\/wp\/v2\/pages\/3475\/revisions\/9868"}],"wp:attachment":[{"href":"https:\/\/bpont.hu\/shop\/index.php\/wp-json\/wp\/v2\/media?parent=3475"}],"curies":[{"name":"wp","href":"https:\/\/api.w.org\/{rel}","templated":true}]}}