{"id":3438,"date":"2025-07-10T09:55:52","date_gmt":"2025-07-10T09:55:52","guid":{"rendered":"https:\/\/bpont.shop.hu\/?page_id=3438"},"modified":"2025-10-13T16:20:22","modified_gmt":"2025-10-13T14:20:22","slug":"leiratkozas-a-hirujsagrol","status":"publish","type":"page","link":"https:\/\/bpont.hu\/shop\/index.php\/leiratkozas-a-hirujsagrol\/","title":{"rendered":"Leiratkoz\u00e1s a h\u00edr\u00fajs\u00e1gr\u00f3l"},"content":{"rendered":"\t\t<div data-elementor-type=\"wp-page\" data-elementor-id=\"3438\" class=\"elementor elementor-3438\">\n\t\t\t\t<div class=\"elementor-element elementor-element-acf21fc e-flex e-con-boxed e-con e-parent\" data-id=\"acf21fc\" data-element_type=\"container\" data-e-type=\"container\">\n\t\t\t\t\t<div class=\"e-con-inner\">\n\t\t\t\t\t<\/div>\n\t\t\t\t<\/div>\n\t\t<div class=\"elementor-element elementor-element-c6bbcb8 e-flex e-con-boxed e-con e-parent\" data-id=\"c6bbcb8\" data-element_type=\"container\" data-e-type=\"container\">\n\t\t\t\t\t<div class=\"e-con-inner\">\n\t\t<div class=\"elementor-element elementor-element-031ccc4 e-con-full e-flex e-con e-child\" data-id=\"031ccc4\" data-element_type=\"container\" data-e-type=\"container\" data-settings=\"{&quot;background_background&quot;:&quot;classic&quot;}\">\n\t\t<div class=\"elementor-element elementor-element-dbaaaf6 e-con-full e-flex e-con e-child\" data-id=\"dbaaaf6\" data-element_type=\"container\" data-e-type=\"container\">\n\t\t\t\t<\/div>\n\t\t<div class=\"elementor-element elementor-element-2bb67cd e-con-full e-grid e-con e-child\" data-id=\"2bb67cd\" data-element_type=\"container\" data-e-type=\"container\">\n\t\t<div class=\"elementor-element elementor-element-45a2dae e-con-full e-flex e-con e-child\" data-id=\"45a2dae\" data-element_type=\"container\" data-e-type=\"container\">\n\t\t<div class=\"elementor-element elementor-element-e94b13a e-con-full e-flex e-con e-child\" data-id=\"e94b13a\" data-element_type=\"container\" data-e-type=\"container\">\n\t\t\t\t<div class=\"elementor-element elementor-element-cbff3da elementor-widget elementor-widget-text-editor\" data-id=\"cbff3da\" data-element_type=\"widget\" data-e-type=\"widget\" data-widget_type=\"text-editor.default\">\n\t\t\t\t<div class=\"elementor-widget-container\">\n\t\t\t\t\t\t\t\t\t<p>Amennyiben nem szeretne tov\u00e1bb inform\u00e1ci\u00f3kat \u00e9s leveleket kapni c\u00e9g\u00fcnkt\u0151l k\u00e9rem adja meg e-mail c\u00edm\u00e9t \u00e9s k\u00fcldje el. Adminisztr\u00e1tor a lehet\u0151 leghamarabb t\u00f6r\u00f6lni fogja e-mail c\u00edm\u00e9t adatb\u00e1zisunkb\u00f3l. A t\u00f6rl\u00e9sr\u0151l m\u00e1r nem tudunk \u00fczenet kiadni, amennyiben tov\u00e1bbra is kap h\u00edreket, az &#8220;\u00cdrjon nek\u00fcnk&#8221; oldalon \u00e9lhet panasz\u00e1val.<br \/>\u200bK\u00f6sz\u00f6nj\u00fck eddigi figyelm\u00e9t, v\u00e1rjuk vissza.<\/p>\t\t\t\t\t\t\t\t<\/div>\n\t\t\t\t<\/div>\n\t\t\t\t<\/div>\n\t\t\t\t<div class=\"elementor-element elementor-element-cad53f9 elementor-widget__width-inherit elementor-widget elementor-widget-shortcode\" data-id=\"cad53f9\" data-element_type=\"widget\" data-e-type=\"widget\" data-widget_type=\"shortcode.default\">\n\t\t\t\t<div class=\"elementor-widget-container\">\n\t\t\t\t\t\t\t<div class=\"elementor-shortcode\"><style id=\"wpforms-css-vars-3423\">\n\t\t\t\t#wpforms-3423 {\n\t\t\t\t\n\t\t\t}\n\t\t\t<\/style><div class=\"wpforms-container wpforms-container-full wpforms-render-modern\" id=\"wpforms-3423\"><form id=\"wpforms-form-3423\" class=\"wpforms-validate wpforms-form wpforms-ajax-form\" data-formid=\"3423\" method=\"post\" enctype=\"multipart\/form-data\" action=\"\/shop\/index.php\/wp-json\/wp\/v2\/pages\/3438\" data-token=\"0e02a8c8f6d9f918433813e6ce596774\" data-token-time=\"1776621834\"><noscript class=\"wpforms-error-noscript\">Please enable JavaScript in your browser to complete this form.<\/noscript><div id=\"wpforms-error-noscript\" style=\"display: none;\">Please enable JavaScript in your browser to complete this form.<\/div><div class=\"wpforms-field-container\">\t\t<div id=\"wpforms-3423-field_1-container\"\n\t\t\tclass=\"wpforms-field wpforms-field-text\"\n\t\t\tdata-field-type=\"text\"\n\t\t\tdata-field-id=\"1\"\n\t\t\t>\n\t\t\t<label class=\"wpforms-field-label\" for=\"wpforms-3423-field_1\" >Email<\/label>\n\t\t\t<input type=\"text\" id=\"wpforms-3423-field_1\" class=\"wpforms-field-medium\" name=\"wpforms[fields][1]\" >\n\t\t<\/div>\n\t\t<div id=\"wpforms-3423-field_2-container\" class=\"wpforms-field wpforms-field-email\" data-field-id=\"2\"><label class=\"wpforms-field-label\" for=\"wpforms-3423-field_2\">Email <span class=\"wpforms-required-label\" aria-hidden=\"true\">*<\/span><\/label><input type=\"email\" id=\"wpforms-3423-field_2\" class=\"wpforms-field-medium wpforms-field-required\" name=\"wpforms[fields][2]\" spellcheck=\"false\" aria-errormessage=\"wpforms-3423-field_2-error\" required><\/div><script>\n\t\t\t\t( function() {\n\t\t\t\t\tconst style = document.createElement( 'style' );\n\t\t\t\t\tstyle.appendChild( document.createTextNode( '#wpforms-3423-field_1-container { position: absolute !important; overflow: hidden !important; display: inline !important; height: 1px !important; width: 1px !important; z-index: -1000 !important; padding: 0 !important; } #wpforms-3423-field_1-container input { visibility: hidden; } #wpforms-conversational-form-page #wpforms-3423-field_1-container label { counter-increment: none; }' ) );\n\t\t\t\t\tdocument.head.appendChild( style );\n\t\t\t\t\tdocument.currentScript?.remove();\n\t\t\t\t} )();\n\t\t\t<\/script><\/div><!-- .wpforms-field-container --><div class=\"wpforms-submit-container\" ><input type=\"hidden\" name=\"wpforms[id]\" value=\"3423\"><input type=\"hidden\" name=\"page_title\" value=\"\"><input type=\"hidden\" name=\"page_url\" value=\"https:\/\/bpont.hu\/shop\/index.php\/wp-json\/wp\/v2\/pages\/3438\"><input type=\"hidden\" name=\"url_referer\" value=\"\"><button type=\"submit\" name=\"wpforms[submit]\" id=\"wpforms-submit-3423\" class=\"wpforms-submit\" data-alt-text=\"Leiratkoz\u00e1s....\" data-submit-text=\"Leliratkozom a h\u00edr\u00fajs\u00e1gr\u00f3l\" aria-live=\"assertive\" value=\"wpforms-submit\">Leliratkozom a h\u00edr\u00fajs\u00e1gr\u00f3l<\/button><img decoding=\"async\" src=\"https:\/\/bpont.hu\/shop\/wp-content\/plugins\/wpforms-lite\/assets\/images\/submit-spin.svg\" class=\"wpforms-submit-spinner\" style=\"display: none;\" width=\"26\" height=\"26\" alt=\"Loading\"><\/div><\/form><\/div>  <!-- .wpforms-container --><\/div>\n\t\t\t\t\t\t<\/div>\n\t\t\t\t<\/div>\n\t\t\t\t<\/div>\n\t\t\t\t<\/div>\n\t\t\t\t<\/div>\n\t\t\t\t\t<\/div>\n\t\t\t\t<\/div>\n\t\t\t\t<\/div>\n\t\t","protected":false},"excerpt":{"rendered":"<p>Amennyiben nem szeretne tov\u00e1bb inform\u00e1ci\u00f3kat \u00e9s leveleket kapni c\u00e9g\u00fcnkt\u0151l k\u00e9rem adja meg e-mail c\u00edm\u00e9t \u00e9s k\u00fcldje el. Adminisztr\u00e1tor a lehet\u0151 leghamarabb t\u00f6r\u00f6lni fogja e-mail c\u00edm\u00e9t adatb\u00e1zisunkb\u00f3l. A t\u00f6rl\u00e9sr\u0151l m\u00e1r nem tudunk \u00fczenet kiadni, amennyiben tov\u00e1bbra is kap h\u00edreket, az &#8220;\u00cdrjon &hellip; <a href=\"https:\/\/bpont.hu\/shop\/index.php\/leiratkozas-a-hirujsagrol\/\">Continued<\/a><\/p>\n","protected":false},"author":1,"featured_media":0,"parent":0,"menu_order":0,"comment_status":"closed","ping_status":"closed","template":"","meta":{"footnotes":""},"class_list":["post-3438","page","type-page","status-publish","hentry"],"jetpack_sharing_enabled":true,"_links":{"self":[{"href":"https:\/\/bpont.hu\/shop\/index.php\/wp-json\/wp\/v2\/pages\/3438","targetHints":{"allow":["GET"]}}],"collection":[{"href":"https:\/\/bpont.hu\/shop\/index.php\/wp-json\/wp\/v2\/pages"}],"about":[{"href":"https:\/\/bpont.hu\/shop\/index.php\/wp-json\/wp\/v2\/types\/page"}],"author":[{"embeddable":true,"href":"https:\/\/bpont.hu\/shop\/index.php\/wp-json\/wp\/v2\/users\/1"}],"replies":[{"embeddable":true,"href":"https:\/\/bpont.hu\/shop\/index.php\/wp-json\/wp\/v2\/comments?post=3438"}],"version-history":[{"count":13,"href":"https:\/\/bpont.hu\/shop\/index.php\/wp-json\/wp\/v2\/pages\/3438\/revisions"}],"predecessor-version":[{"id":3452,"href":"https:\/\/bpont.hu\/shop\/index.php\/wp-json\/wp\/v2\/pages\/3438\/revisions\/3452"}],"wp:attachment":[{"href":"https:\/\/bpont.hu\/shop\/index.php\/wp-json\/wp\/v2\/media?parent=3438"}],"curies":[{"name":"wp","href":"https:\/\/api.w.org\/{rel}","templated":true}]}}