{"id":3399,"date":"2025-07-10T07:38:23","date_gmt":"2025-07-10T07:38:23","guid":{"rendered":"https:\/\/bpont.shop.hu\/?page_id=3399"},"modified":"2026-03-05T12:47:53","modified_gmt":"2026-03-05T10:47:53","slug":"elerhetoseg","status":"publish","type":"page","link":"https:\/\/bpont.hu\/shop\/index.php\/elerhetoseg\/","title":{"rendered":"El\u00e9rhet\u0151s\u00e9g"},"content":{"rendered":"\t\t<div data-elementor-type=\"wp-page\" data-elementor-id=\"3399\" class=\"elementor elementor-3399\">\n\t\t\t\t<div class=\"elementor-element elementor-element-0198a68 e-flex e-con-boxed e-con e-parent\" data-id=\"0198a68\" data-element_type=\"container\" data-e-type=\"container\">\n\t\t\t\t\t<div class=\"e-con-inner\">\n\t\t\t\t<div class=\"elementor-element elementor-element-f0025e7 elementor-widget elementor-widget-google_maps\" data-id=\"f0025e7\" data-element_type=\"widget\" data-e-type=\"widget\" data-widget_type=\"google_maps.default\">\n\t\t\t\t<div class=\"elementor-widget-container\">\n\t\t\t\t\t\t\t<div class=\"elementor-custom-embed\">\n\t\t\t<iframe loading=\"lazy\"\n\t\t\t\t\tsrc=\"https:\/\/maps.google.com\/maps?q=Budapest%2C%20B%C3%A9csi%20%C3%BAt%20125&#038;t=m&#038;z=15&#038;output=embed&#038;iwloc=near\"\n\t\t\t\t\ttitle=\"Budapest, B\u00e9csi \u00fat 125\"\n\t\t\t\t\taria-label=\"Budapest, B\u00e9csi \u00fat 125\"\n\t\t\t><\/iframe>\n\t\t<\/div>\n\t\t\t\t\t\t<\/div>\n\t\t\t\t<\/div>\n\t\t\t\t\t<\/div>\n\t\t\t\t<\/div>\n\t\t<div class=\"elementor-element elementor-element-a40dfb4 e-flex e-con-boxed e-con e-parent\" data-id=\"a40dfb4\" data-element_type=\"container\" data-e-type=\"container\">\n\t\t\t\t\t<div class=\"e-con-inner\">\n\t\t<div class=\"elementor-element elementor-element-ca06981 e-con-full e-flex e-con e-child\" data-id=\"ca06981\" data-element_type=\"container\" data-e-type=\"container\">\n\t\t\t\t<div class=\"elementor-element elementor-element-fe75bc7 elementor-widget elementor-widget-image\" data-id=\"fe75bc7\" data-element_type=\"widget\" data-e-type=\"widget\" data-widget_type=\"image.default\">\n\t\t\t\t<div class=\"elementor-widget-container\">\n\t\t\t\t\t\t\t\t\t\t\t\t\t\t\t<img decoding=\"async\" width=\"180\" height=\"180\" src=\"https:\/\/bpont.hu\/shop\/wp-content\/uploads\/2025\/07\/1_Budapest-180x180-1.jpg\" class=\"attachment-large size-large wp-image-3408\" alt=\"\" srcset=\"https:\/\/bpont.hu\/shop\/wp-content\/uploads\/2025\/07\/1_Budapest-180x180-1.jpg 180w, https:\/\/bpont.hu\/shop\/wp-content\/uploads\/2025\/07\/1_Budapest-180x180-1-150x150.jpg 150w, https:\/\/bpont.hu\/shop\/wp-content\/uploads\/2025\/07\/1_Budapest-180x180-1-100x100.jpg 100w\" sizes=\"(max-width: 180px) 100vw, 180px\" \/>\t\t\t\t\t\t\t\t\t\t\t\t\t\t\t<\/div>\n\t\t\t\t<\/div>\n\t\t\t\t<\/div>\n\t\t<div class=\"elementor-element elementor-element-d1b7ffe e-con-full e-flex e-con e-child\" data-id=\"d1b7ffe\" data-element_type=\"container\" data-e-type=\"container\">\n\t\t\t\t<div class=\"elementor-element elementor-element-2bdab1f elementor-widget elementor-widget-text-editor\" data-id=\"2bdab1f\" data-element_type=\"widget\" data-e-type=\"widget\" data-widget_type=\"text-editor.default\">\n\t\t\t\t<div class=\"elementor-widget-container\">\n\t\t\t\t\t\t\t\t\t<div class=\"elementor-image-box-content\"><h3 class=\"elementor-image-box-title\">Budapest<\/h3><p class=\"elementor-image-box-description\">\u00dczlet: 1034, Budapest, B\u00e9csi \u00fat 125.<\/p><p class=\"elementor-image-box-description\">Levelez\u00e9si c\u00edm: Budapest 1034 pf.:167, 1300\u00a0<br \/>Mobil: +36207711771<br \/>Telefon:06 (1) 240 0653<br \/>Fax: 06 (1) 240 0653<br \/>E-mail: info@bpont.com<br \/>Nyitva tart\u00e1s:<br \/>H\u00e9tf\u0151-Cs\u00fct\u00f6rt\u00f6k: 8:30-17:00<br \/>P\u00e9ntek: 8:30-16:00<\/p><p>\u00a0<\/p><p>Szombat \u00e9s Vas\u00e1rnap: Z\u00e1rva<\/p><p>\u00a0<\/p><p>Munkasz\u00fcneti napokon<\/p><p>\u00e9s \u00e1thelyezett munkanapokon: Z\u00e1rva<\/p><p>\u00a0<\/p><\/div>\t\t\t\t\t\t\t\t<\/div>\n\t\t\t\t<\/div>\n\t\t\t\t<\/div>\n\t\t\t\t\t<\/div>\n\t\t\t\t<\/div>\n\t\t\t\t<\/div>\n\t\t","protected":false},"excerpt":{"rendered":"<p>Budapest \u00dczlet: 1034, Budapest, B\u00e9csi \u00fat 125. Levelez\u00e9si c\u00edm: Budapest 1034 pf.:167, 1300\u00a0Mobil: +36207711771Telefon:06 (1) 240 0653Fax: 06 (1) 240 0653E-mail: info@bpont.comNyitva tart\u00e1s:H\u00e9tf\u0151-Cs\u00fct\u00f6rt\u00f6k: 8:30-17:00P\u00e9ntek: 8:30-16:00 \u00a0 Szombat \u00e9s Vas\u00e1rnap: Z\u00e1rva \u00a0 Munkasz\u00fcneti napokon \u00e9s \u00e1thelyezett munkanapokon: Z\u00e1rva \u00a0<\/p>\n","protected":false},"author":1,"featured_media":0,"parent":0,"menu_order":0,"comment_status":"closed","ping_status":"closed","template":"","meta":{"footnotes":""},"class_list":["post-3399","page","type-page","status-publish","hentry"],"jetpack_sharing_enabled":true,"_links":{"self":[{"href":"https:\/\/bpont.hu\/shop\/index.php\/wp-json\/wp\/v2\/pages\/3399","targetHints":{"allow":["GET"]}}],"collection":[{"href":"https:\/\/bpont.hu\/shop\/index.php\/wp-json\/wp\/v2\/pages"}],"about":[{"href":"https:\/\/bpont.hu\/shop\/index.php\/wp-json\/wp\/v2\/types\/page"}],"author":[{"embeddable":true,"href":"https:\/\/bpont.hu\/shop\/index.php\/wp-json\/wp\/v2\/users\/1"}],"replies":[{"embeddable":true,"href":"https:\/\/bpont.hu\/shop\/index.php\/wp-json\/wp\/v2\/comments?post=3399"}],"version-history":[{"count":13,"href":"https:\/\/bpont.hu\/shop\/index.php\/wp-json\/wp\/v2\/pages\/3399\/revisions"}],"predecessor-version":[{"id":3417,"href":"https:\/\/bpont.hu\/shop\/index.php\/wp-json\/wp\/v2\/pages\/3399\/revisions\/3417"}],"wp:attachment":[{"href":"https:\/\/bpont.hu\/shop\/index.php\/wp-json\/wp\/v2\/media?parent=3399"}],"curies":[{"name":"wp","href":"https:\/\/api.w.org\/{rel}","templated":true}]}}